{"id":156944,"date":"2019-09-25T12:40:57","date_gmt":"2019-09-25T10:40:57","guid":{"rendered":"https:\/\/www.hranazapse.si\/zastita-osobnih-podataka\/"},"modified":"2019-09-25T12:40:57","modified_gmt":"2019-09-25T10:40:57","slug":"zastita-osobnih-podataka","status":"publish","type":"page","link":"https:\/\/www.hranazapse.si\/hr\/zastita-osobnih-podataka\/","title":{"rendered":"Za\u0161tita osobnih podataka"},"content":{"rendered":"<p>Izjava o za\u0161titi osobnih podataka odnosi se na obradu svih osobnih podataka u tvrtki Boomer, d.o.o. Malo Hudo 11, 1295 Ivan\u010dna Gorica (dalje u tekstu: tvrtka), i uklju\u010duje podatke o klijentima i drugim pojedincima koji su izrazili \u017eelju za suradnjom (dalje u tekstu: kupac). Tvrtka je voditelj obrade osobnih podataka kupaca. U nastavku vas obavje\u0161tavamo u koje svrhe obra\u0111ujemo va\u0161e osobne podatke te pru\u017eamo druge informacije koje bi vas mogle zanimati. Za sva dodatna pitanja stojimo vam na raspolaganju putem kontaktnih podataka. Ova izjava o za\u0161titi osobnih podataka vrijedi od 23. svibnja 2018. Sadr\u017eaj ove izjave mo\u017ee se promijeniti u bilo kojem trenutku, stoga je njezina najnovija verzija uvijek dostupna na na\u0161oj web stranici www.hranazapse.si. Ako do\u0111e do promjena u izjavi koje bi bitno utjecale na obradu va\u0161ih osobnih podataka, odmah \u0107emo vas o tome obavijestiti.       <\/p>\n<h4><strong>U koje svrhe obra\u0111ujemo va\u0161e osobne podatke?<\/strong><\/h4>\n<p>Tvrtka obra\u0111uje va\u0161e osobne podatke za:<\/p>\n<ul>\n<li>Provedbu ugovornih odnosa, \u0161to uklju\u010duje vo\u0111enje i izvr\u0161avanje narud\u017ebi i ugovornih aktivnosti,<\/li>\n<li>marketin\u0161ke aktivnosti, \u0161to uklju\u010duje baze osobnih podataka i slanje ponuda putem adresirane izravne po\u0161te, elektroni\u010dke po\u0161te, telefona ili osobno.<\/li>\n<li>marketin\u0161ke aktivnosti, \u0161to uklju\u010duje ogla\u0161avanje putem razli\u010ditih komunikacijskih kanala, kao \u0161to su adresirana izravna po\u0161ta, elektroni\u010dka po\u0161ta, telefonski pozivi, web stranica, dru\u0161tvene mre\u017ee i sli\u010dno,<\/li>\n<li>slanje periodi\u010dnih novosti putem elektroni\u010dke po\u0161te,<\/li>\n<li>provo\u0111enje istra\u017eivanja i anketa o zadovoljstvu kupaca te drugih marketin\u0161kih istra\u017eivanja s ciljem neprestanog pobolj\u0161anja internih postupaka i ponude,<\/li>\n<li>provo\u0111enje nagradnih igara, \u0161to uklju\u010duje izvla\u010denje i objavu podataka o dobitnicima,<\/li>\n<li>prikupljanje i obradu osobnih podataka dobivenih na stru\u010dnim konferencijama i promotivnim doga\u0111ajima u vlastitoj organizaciji ili organizaciji drugih.<\/li>\n<\/ul>\n<h4><strong>Koliko dugo pohranjujemo va\u0161e osobne podatke?<\/strong><\/h4>\n<p>Tvrtka pohranjuje podatke o kupcima za razdoblje koje je potrebno kako bi se postigla odre\u0111ena poslovna svrha i u opsegu koji je potreban za osiguravanje uskla\u0111enosti s va\u017ee\u0107im zakonodavstvom. Nakon isteka va\u017ee\u0107eg roka pohrane, podaci se sigurno bri\u0161u odnosno uni\u0161tavaju. <\/p>\n<h4><strong>Tko ima pristup va\u0161im osobnim podacima?<\/strong><\/h4>\n<p>Tvrtka osobne podatke kupaca ne proslje\u0111uje tre\u0107im osobama, osim:<\/p>\n<ul>\n<li>Vanjskim ugovornim izvr\u0161iteljima koji podatke obra\u0111uju isklju\u010divo u ime, za ra\u010dun, prema uputama i pod nadzorom na\u0161e tvrtke (npr. odr\u017eavanje IT sustava, administracija web stranice, provo\u0111enje elektroni\u010dke komunikacije &#8230;) i<\/li>\n<li>po potrebi dr\u017eavnim tijelima, na temelju njihovog obrazlo\u017eenog pisanog zahtjeva za potrebe vo\u0111enja konkretnog postupka.<\/li>\n<\/ul>\n<h4><strong>Kako su va\u0161i osobni podaci za\u0161ti\u0107eni?<\/strong><\/h4>\n<p>Kako bismo osigurali povjerljivost i sigurnost va\u0161ih osobnih podataka, poduzeli smo odgovaraju\u0107e mjere za\u0161tite podataka. To zna\u010di da provodimo organizacijske, fizi\u010dke i tehni\u010dke mjere za za\u0161titu osobnih podataka od nenamjernog ili nezakonitog uni\u0161tenja, gubitka, izmjene, neovla\u0161tenog otkrivanja ili pristupa osobnim podacima. <\/p>\n<h4><strong>Kako ostvarujete svoja prava za\u0161tite osobnih podataka?<\/strong><\/h4>\n<p>Kao pojedinac imate pravo zatra\u017eiti uvid u svoje osobne podatke, a pod odre\u0111enim uvjetima i njihovu ispravku i\/ili brisanje. Osim toga, mo\u017eete ostvariti pravo na ograni\u010denje obrade svojih osobnih podataka, pravo na prigovor na obradu te pravo na prenosivost podataka. <\/p>\n<p>Ako \u017eelite ostvariti svoja prava u vezi sa za\u0161titom osobnih podataka, obratite nam se putem kontaktnih podataka.<\/p>\n<h4><strong>Mo\u017eete li povu\u0107i svoju privolu?<\/strong><\/h4>\n<p>Nakon \u0161to ste dali svoju privolu, mo\u017eete je povu\u0107i u bilo kojem trenutku. Ako \u017eelite povu\u0107i svoju privolu, obratite nam se putem kontaktnih podataka. <\/p>\n<h4><strong>Kako podnijeti pritu\u017ebu?<\/strong><\/h4>\n<p>Ako se \u017eelite \u017ealiti na postupanje na\u0161e tvrtke s va\u0161im osobnim podacima, mo\u017eete podnijeti pritu\u017ebu putem kontaktnih podataka.<\/p>\n<h4><strong>Kako nas mo\u017eete kontaktirati?<\/strong><\/h4>\n<p>Ako vas zanima kako obra\u0111ujemo va\u0161e osobne podatke, najprije pro\u010ditajte ovu izjavu. Za sva dodatna pitanja, primjedbe, pohvale ili pritu\u017ebe obratite se na adresu: <\/p>\n<p>Boomer d.o.o., Malo Hudo 11, 1295 Ivan\u010dna Gorica ili elektroni\u010dku adresu info@hranazapse.si<\/p>\n","protected":false},"excerpt":{"rendered":"Izjava o za\u0161titi osobnih podataka odnosi se na obradu svih osobnih podataka u tvrtki Boomer, d.o.o. Malo Hudo 11, 1295 Ivan\u010dna Gorica (dalje u tekstu: tvrtka), i uklju\u010duje podatke o klijentima i drugim pojedincima koji su izrazili \u017eelju za suradnjom (dalje u tekstu: kupac). Tvrtka je voditelj obrade osobnih podataka kupaca. U nastavku vas obavje\u0161tavamo&#8230; <a class=\"view-article\" href=\"https:\/\/www.hranazapse.si\/hr\/zastita-osobnih-podataka\/\">View Article<\/a>","protected":false},"author":12843,"featured_media":0,"parent":0,"menu_order":0,"comment_status":"closed","ping_status":"closed","template":"","meta":{"_acf_changed":false,"inline_featured_image":false,"footnotes":""},"class_list":["post-156944","page","type-page","status-publish","hentry"],"acf":[],"_links":{"self":[{"href":"https:\/\/www.hranazapse.si\/hr\/wp-json\/wp\/v2\/pages\/156944","targetHints":{"allow":["GET"]}}],"collection":[{"href":"https:\/\/www.hranazapse.si\/hr\/wp-json\/wp\/v2\/pages"}],"about":[{"href":"https:\/\/www.hranazapse.si\/hr\/wp-json\/wp\/v2\/types\/page"}],"author":[{"embeddable":true,"href":"https:\/\/www.hranazapse.si\/hr\/wp-json\/wp\/v2\/users\/12843"}],"replies":[{"embeddable":true,"href":"https:\/\/www.hranazapse.si\/hr\/wp-json\/wp\/v2\/comments?post=156944"}],"version-history":[{"count":0,"href":"https:\/\/www.hranazapse.si\/hr\/wp-json\/wp\/v2\/pages\/156944\/revisions"}],"wp:attachment":[{"href":"https:\/\/www.hranazapse.si\/hr\/wp-json\/wp\/v2\/media?parent=156944"}],"curies":[{"name":"wp","href":"https:\/\/api.w.org\/{rel}","templated":true}]}}