{"id":156196,"date":"2026-04-10T16:37:13","date_gmt":"2026-04-10T14:37:13","guid":{"rendered":"https:\/\/www.hranazapse.si\/shop\/Bez%20kategorije\/woolf-wildcat-luxury-cat-creams-polenovka-i-rakovica\/"},"modified":"2026-05-05T13:38:08","modified_gmt":"2026-05-05T11:38:08","slug":"woolf-wildcat-luxury-cat-creams-polenovka-i-rakovica","status":"publish","type":"product","link":"https:\/\/www.hranazapse.si\/hr\/shop\/macke\/hrana-za-macke\/poslastice\/woolf-wildcat-luxury-cat-creams-polenovka-i-rakovica\/","title":{"rendered":"WOOLF WildCat Luxury Ma\u010dja krema Polenovka i rakovica"},"content":{"rendered":"<p><strong>Sastav:<\/strong><br \/>\nPolenovka 30%, piletina 22%, voda 38%, rakovica 8%, riblje ulje 1%, fruktooligosaharidi 0,6%, taurin 0,2%, laktoferin 0,1%, kalcijev karbonat 0,099%, vitamini (vitamin D3, vitamin E) 0,001%.<\/p>\n<p><strong>Analiti\u010dki sastojci:<\/strong><br \/>\nSirove bjelan\u010devine \u2265 6,0%, sirove masti \u2265 1,0%, sirovi pepeo \u2264 2,0%, sirova vlakna \u2264 1,5%, vlaga \u2264 87,0%.<\/p>\n","protected":false},"excerpt":{"rendered":"Woolf WildCat Luxury Ma\u010dja krema je vrhunski kremasti poslasticu koja u svakom stisku donosi okus mora izravno u ma\u010dju zdjelicu. Njena glatka, nje\u017ena tekstura izuzetno je ukusna i prikladna \u010dak i za izbirljivije ma\u010dke. Profinjena kombinacija Polenovke i rakovice stvara lagan, ali bogat morski okus koji odu\u0161evljava prave male gurmane. Receptura je 100% prirodna, bez umjetnih dodataka, te oboga\u0107ena taurinom za podr\u0161ku srcu i vidu. Dodatak ribljeg ulja pridonosi zdravoj ko\u017ei i sjajnoj dlaci, a kremasti oblik istovremeno poma\u017ee i kod hidratacije. Savr\u0161ena Luxury poslastica za svaki dan.     ","protected":false},"featured_media":156198,"comment_status":"open","ping_status":"closed","template":"","meta":{"_acf_changed":false,"inline_featured_image":false},"product_cat":[3787,3692,3691,3788,3693],"product_tag":[],"class_list":{"0":"post-156196","1":"product","2":"type-product","3":"status-publish","4":"has-post-thumbnail","6":"product_brand-woolf","7":"product_cat-akcije","8":"product_cat-hrana-za-macke","9":"product_cat-macke","10":"product_cat-posebne-mjesecne-akcije","11":"product_cat-poslastice","12":"pa_pakiranje-5-x-14g","14":"first","15":"instock","16":"taxable","17":"shipping-taxable","18":"purchasable","19":"product-type-variable"},"acf":[],"gallery_images":[154913],"_links":{"self":[{"href":"https:\/\/www.hranazapse.si\/hr\/wp-json\/wp\/v2\/product\/156196","targetHints":{"allow":["GET"]}}],"collection":[{"href":"https:\/\/www.hranazapse.si\/hr\/wp-json\/wp\/v2\/product"}],"about":[{"href":"https:\/\/www.hranazapse.si\/hr\/wp-json\/wp\/v2\/types\/product"}],"replies":[{"embeddable":true,"href":"https:\/\/www.hranazapse.si\/hr\/wp-json\/wp\/v2\/comments?post=156196"}],"wp:featuredmedia":[{"embeddable":true,"href":"https:\/\/www.hranazapse.si\/hr\/wp-json\/wp\/v2\/media\/156198"}],"wp:attachment":[{"href":"https:\/\/www.hranazapse.si\/hr\/wp-json\/wp\/v2\/media?parent=156196"}],"wp:term":[{"taxonomy":"product_cat","embeddable":true,"href":"https:\/\/www.hranazapse.si\/hr\/wp-json\/wp\/v2\/product_cat?post=156196"},{"taxonomy":"product_tag","embeddable":true,"href":"https:\/\/www.hranazapse.si\/hr\/wp-json\/wp\/v2\/product_tag?post=156196"}],"curies":[{"name":"wp","href":"https:\/\/api.w.org\/{rel}","templated":true}]}}