{"id":156197,"date":"2026-04-10T16:11:05","date_gmt":"2026-04-10T14:11:05","guid":{"rendered":"https:\/\/www.hranazapse.si\/shop\/Bez%20kategorije\/woolf-dental-care-bar-kunic-i-borovnice\/"},"modified":"2026-05-05T13:37:52","modified_gmt":"2026-05-05T11:37:52","slug":"woolf-dental-care-bar-kunic-i-borovnice","status":"publish","type":"product","link":"https:\/\/www.hranazapse.si\/hr\/shop\/psi\/pasja-hrana\/poslastice-za-pse\/poslastice-i-stapici-za-zvakanje\/woolf-dental-care-bar-kunic-i-borovnice\/","title":{"rendered":"Woolf Dental Care Bar Kuni\u0107 i Borovnice"},"content":{"rendered":"<p><strong>Sastav:<\/strong><br \/>\nKuni\u0107 23%, piletina 17%, p\u0161eni\u010dno bra\u0161no 16%, krumpirov \u0161krob 15%, kukuruzno bra\u0161no 13%, ri\u017eino bra\u0161no 9%, bra\u0161no bjelan\u010devina kikirikija 3%, borovnica u prahu 1%, glicerin 1,9%, kalcijev karbonat 0,5%, polifenoli \u010daja 0,1%, ekstrakt kozje krvi 0,1%, kalcijev propionat 0,2%, vitamin E 0,15%, niacinamid 0,05%.<\/p>\n<p><strong>Analiti\u010dki sastav:<\/strong><br \/>\nSirove bjelan\u010devine \u2265 14,0%, sirova vlaknina \u2264 6,0%, sirove masti \u2264 1,5%, sirovi pepeo \u2264 6,0%, vlaga \u2264 16,0%.<\/p>\n","protected":false},"excerpt":{"rendered":"Woolf Dental Care \u0161tapi\u0107i za \u017evakanje s mekim punjenjem spajaju u\u010dinkovitu njegu zubi i pa\u017eljivo odabrane funkcionalne sastojke. Hrustljava struktura tijekom \u017evakanja poma\u017ee mehani\u010dki uklanjati zubne naslage te smanjivati nastanak zubnog kamenca. Receptura s lako probavljivim mesom kuni\u0107a predstavlja izvrstan izvor nemasnih bjelan\u010devina, prikladan i za pse s osjetljivom probavom ili za kontrolu tjelesne te\u017eine. Dodatak borovnica, prirodnog izvora antioksidansa, podr\u017eava za\u0161titu stanica i pridonosi op\u0107oj dobrobiti psa. Ukusna i nje\u017ena poslastica, prikladna za pse svih pasmina i dobi.    ","protected":false},"featured_media":156202,"comment_status":"open","ping_status":"closed","template":"","meta":{"_acf_changed":false,"inline_featured_image":false},"product_cat":[3787,3788,3680,3684,3683],"product_tag":[],"class_list":{"0":"post-156197","1":"product","2":"type-product","3":"status-publish","4":"has-post-thumbnail","6":"product_brand-woolf","7":"product_cat-akcije","8":"product_cat-posebne-mjesecne-akcije","9":"product_cat-poslastice-i-stapici-za-zvakanje","10":"product_cat-poslastice-za-pse","11":"product_cat-psi","12":"pa_pakiranje-108g","13":"pa_posebne-potrebe-njega-zubi","14":"pa_velikost-pasme-mali","15":"pa_velikost-pasme-srednji","16":"pa_velikost-pasme-veliki","17":"pa_zivalska-beljakovina-kunic","19":"first","20":"instock","21":"taxable","22":"shipping-taxable","23":"purchasable","24":"product-type-variable"},"acf":[],"gallery_images":[154845],"_links":{"self":[{"href":"https:\/\/www.hranazapse.si\/hr\/wp-json\/wp\/v2\/product\/156197","targetHints":{"allow":["GET"]}}],"collection":[{"href":"https:\/\/www.hranazapse.si\/hr\/wp-json\/wp\/v2\/product"}],"about":[{"href":"https:\/\/www.hranazapse.si\/hr\/wp-json\/wp\/v2\/types\/product"}],"replies":[{"embeddable":true,"href":"https:\/\/www.hranazapse.si\/hr\/wp-json\/wp\/v2\/comments?post=156197"}],"wp:featuredmedia":[{"embeddable":true,"href":"https:\/\/www.hranazapse.si\/hr\/wp-json\/wp\/v2\/media\/156202"}],"wp:attachment":[{"href":"https:\/\/www.hranazapse.si\/hr\/wp-json\/wp\/v2\/media?parent=156197"}],"wp:term":[{"taxonomy":"product_cat","embeddable":true,"href":"https:\/\/www.hranazapse.si\/hr\/wp-json\/wp\/v2\/product_cat?post=156197"},{"taxonomy":"product_tag","embeddable":true,"href":"https:\/\/www.hranazapse.si\/hr\/wp-json\/wp\/v2\/product_tag?post=156197"}],"curies":[{"name":"wp","href":"https:\/\/api.w.org\/{rel}","templated":true}]}}