{"id":156203,"date":"2026-04-10T16:14:47","date_gmt":"2026-04-10T14:14:47","guid":{"rendered":"https:\/\/www.hranazapse.si\/shop\/Bez%20kategorije\/woolf-dental-care-bar-patka-i-kruska\/"},"modified":"2026-05-05T13:37:55","modified_gmt":"2026-05-05T11:37:55","slug":"woolf-dental-care-bar-patka-i-kruska","status":"publish","type":"product","link":"https:\/\/www.hranazapse.si\/hr\/shop\/psi\/pasja-hrana\/poslastice-za-pse\/poslastice-i-stapici-za-zvakanje\/woolf-dental-care-bar-patka-i-kruska\/","title":{"rendered":"Woolf Dental Care Bar Patka i Kru\u0161ka"},"content":{"rendered":"<p><strong>Sastav:<\/strong><br \/>\nPatka 30%, piletina 10%, p\u0161eni\u010dno bra\u0161no 16%, krumpirov \u0161krob 15%, kukuruzno bra\u0161no 13%, ri\u017eino bra\u0161no 9%, kikiriki protein bra\u0161no 3%, kru\u0161ka u prahu 1%, glicerin 1,9%, kalcijev karbonat 0,5%, polifenoli \u010daja 0,1%, ekstrakt orlovih noktiju 0,1%, kalcijev propionat 0,2%, vitamin E 0,15%, niacinamid 0,05%.<\/p>\n<p><strong>Analiti\u010dki sastav:<\/strong><br \/>\nSirove bjelan\u010devine \u2265 14,0%, sirova vlakna \u2264 6,0%, sirove masti \u2264 1,5%, sirovi pepeo \u2264 6,0%, vlaga \u2264 16,0%.<\/p>\n","protected":false},"excerpt":{"rendered":"Woolf Dental Care \u017evaka\u0107e pali\u010dice s mekano punjenom sredinom savr\u0161en su izbor i za izbirljivije pse. Njihova hrskava tekstura mehani\u010dki \u010disti zube tijekom \u017evakanja, poma\u017ee u uklanjanju zubnog plaka te nje\u017eno masira desni, \u0161to doprinosi boljoj oralnoj higijeni. Ukusna kombinacija patke i kru\u0161ke stvara privla\u010dan, blago slatkast okus koji odu\u0161evljava i najzahtjevnije pse\u0107e gurmane. Lagana i lako probavljiva receptura prikladna je za svakodnevnu upotrebu te za pse svih veli\u010dina. Ukusan na\u010din za odr\u017eavanje zdravih zubi.    ","protected":false},"featured_media":156206,"comment_status":"open","ping_status":"closed","template":"","meta":{"_acf_changed":false,"inline_featured_image":false},"product_cat":[3787,3788,3680,3684,3683],"product_tag":[],"class_list":{"0":"post-156203","1":"product","2":"type-product","3":"status-publish","4":"has-post-thumbnail","6":"product_brand-woolf","7":"product_cat-akcije","8":"product_cat-posebne-mjesecne-akcije","9":"product_cat-poslastice-i-stapici-za-zvakanje","10":"product_cat-poslastice-za-pse","11":"product_cat-psi","12":"pa_pakiranje-108g","13":"pa_posebne-potrebe-njega-zubi","14":"pa_velikost-pasme-mali","15":"pa_velikost-pasme-srednji","16":"pa_velikost-pasme-veliki","17":"pa_zivalska-beljakovina-patka","19":"first","20":"instock","21":"taxable","22":"shipping-taxable","23":"purchasable","24":"product-type-variable"},"acf":[],"gallery_images":[154834],"_links":{"self":[{"href":"https:\/\/www.hranazapse.si\/hr\/wp-json\/wp\/v2\/product\/156203","targetHints":{"allow":["GET"]}}],"collection":[{"href":"https:\/\/www.hranazapse.si\/hr\/wp-json\/wp\/v2\/product"}],"about":[{"href":"https:\/\/www.hranazapse.si\/hr\/wp-json\/wp\/v2\/types\/product"}],"replies":[{"embeddable":true,"href":"https:\/\/www.hranazapse.si\/hr\/wp-json\/wp\/v2\/comments?post=156203"}],"wp:featuredmedia":[{"embeddable":true,"href":"https:\/\/www.hranazapse.si\/hr\/wp-json\/wp\/v2\/media\/156206"}],"wp:attachment":[{"href":"https:\/\/www.hranazapse.si\/hr\/wp-json\/wp\/v2\/media?parent=156203"}],"wp:term":[{"taxonomy":"product_cat","embeddable":true,"href":"https:\/\/www.hranazapse.si\/hr\/wp-json\/wp\/v2\/product_cat?post=156203"},{"taxonomy":"product_tag","embeddable":true,"href":"https:\/\/www.hranazapse.si\/hr\/wp-json\/wp\/v2\/product_tag?post=156203"}],"curies":[{"name":"wp","href":"https:\/\/api.w.org\/{rel}","templated":true}]}}