{"id":156208,"date":"2026-04-10T16:19:16","date_gmt":"2026-04-10T14:19:16","guid":{"rendered":"https:\/\/www.hranazapse.si\/shop\/Bez%20kategorije\/woolf-dental-care-bar-piletina-i-brusnica\/"},"modified":"2026-05-05T13:37:59","modified_gmt":"2026-05-05T11:37:59","slug":"woolf-dental-care-bar-piletina-i-brusnica","status":"publish","type":"product","link":"https:\/\/www.hranazapse.si\/hr\/shop\/psi\/pasja-hrana\/poslastice-za-pse\/poslastice-i-stapici-za-zvakanje\/woolf-dental-care-bar-piletina-i-brusnica\/","title":{"rendered":"Woolf Dental Care Bar Piletina i Brusnica"},"content":{"rendered":"<p><strong>Sastav:<\/strong><br \/>\nPiletina 33%, p\u0161eni\u010dno bra\u0161no 18%, krumpirov \u0161krob 15%, kukuruzno bra\u0161no 14%, ri\u017eino bra\u0161no 12%, kikirikijevo proteinsko bra\u0161no 3%, prah brusnice 1%, glicerin 1,9%, kalcijev karbonat 0,5%, polifenoli \u010daja 0,1%, ekstrakt orlovih noktiju 0,1%, kalcijev propionat 0,2%, vitamin E 0,15%, niacinamid 0,05%.<\/p>\n<p><strong>Analiti\u010dki sastav:<\/strong><br \/>\nSirove bjelan\u010devine \u2265 14,0%, sirova vlakna \u2264 6,0%, sirove masti \u2264 1,5%, sirovi pepeo \u2264 6,0%, vlaga \u2264 16,0%.<\/p>\n","protected":false},"excerpt":{"rendered":"Woolf Dental Care \u017evaka\u0107e \u0161tapi\u0107e s mekanom punjenom sredinom osiguravaju u\u010dinkovitu njegu zubi i op\u0107e dobro stanje tvog psa. Hrskava tekstura tijekom \u017evakanja djeluje kao prirodna \u010detkica za zube, poma\u017ee u uklanjanju zubnih naslaga i smanjuje nastanak zubnog kamenca, a istovremeno doprinosi svje\u017eijem dahu. Receptura s kvalitetnom piletinom osigurava lako probavljiv izvor bjelan\u010devina, a dodatak brusnica donosi prirodne antioksidanse koji podr\u017eavaju imunolo\u0161ki sustav. Ukusan i funkcionalan dodatak prehrani bez umjetnih bojila, aroma i konzervansa, prikladan za svakodnevnu upotrebu.   \n\n&nbsp;","protected":false},"featured_media":156211,"comment_status":"open","ping_status":"closed","template":"","meta":{"_acf_changed":false,"inline_featured_image":false},"product_cat":[3787,3788,3680,3684,3683],"product_tag":[],"class_list":{"0":"post-156208","1":"product","2":"type-product","3":"status-publish","4":"has-post-thumbnail","6":"product_brand-woolf","7":"product_cat-akcije","8":"product_cat-posebne-mjesecne-akcije","9":"product_cat-poslastice-i-stapici-za-zvakanje","10":"product_cat-poslastice-za-pse","11":"product_cat-psi","12":"pa_pakiranje-108g","13":"pa_posebne-potrebe-njega-zubi","14":"pa_velikost-pasme-mali","15":"pa_velikost-pasme-srednji","16":"pa_velikost-pasme-veliki","17":"pa_zivalska-beljakovina-piletina","19":"first","20":"instock","21":"taxable","22":"shipping-taxable","23":"purchasable","24":"product-type-variable"},"acf":[],"gallery_images":[154838],"_links":{"self":[{"href":"https:\/\/www.hranazapse.si\/hr\/wp-json\/wp\/v2\/product\/156208","targetHints":{"allow":["GET"]}}],"collection":[{"href":"https:\/\/www.hranazapse.si\/hr\/wp-json\/wp\/v2\/product"}],"about":[{"href":"https:\/\/www.hranazapse.si\/hr\/wp-json\/wp\/v2\/types\/product"}],"replies":[{"embeddable":true,"href":"https:\/\/www.hranazapse.si\/hr\/wp-json\/wp\/v2\/comments?post=156208"}],"wp:featuredmedia":[{"embeddable":true,"href":"https:\/\/www.hranazapse.si\/hr\/wp-json\/wp\/v2\/media\/156211"}],"wp:attachment":[{"href":"https:\/\/www.hranazapse.si\/hr\/wp-json\/wp\/v2\/media?parent=156208"}],"wp:term":[{"taxonomy":"product_cat","embeddable":true,"href":"https:\/\/www.hranazapse.si\/hr\/wp-json\/wp\/v2\/product_cat?post=156208"},{"taxonomy":"product_tag","embeddable":true,"href":"https:\/\/www.hranazapse.si\/hr\/wp-json\/wp\/v2\/product_tag?post=156208"}],"curies":[{"name":"wp","href":"https:\/\/api.w.org\/{rel}","templated":true}]}}