{"id":156210,"date":"2026-04-10T16:55:25","date_gmt":"2026-04-10T14:55:25","guid":{"rendered":"https:\/\/www.hranazapse.si\/shop\/Bez%20kategorije\/woolf-wildcat-luxury-cat-cream-hobotnica-i-sipa\/"},"modified":"2026-05-05T13:38:02","modified_gmt":"2026-05-05T11:38:02","slug":"woolf-wildcat-luxury-cat-cream-hobotnica-i-sipa","status":"publish","type":"product","link":"https:\/\/www.hranazapse.si\/hr\/shop\/macke\/hrana-za-macke\/poslastice\/woolf-wildcat-luxury-cat-cream-hobotnica-i-sipa\/","title":{"rendered":"WOOLF WildCat Luxury Cat Cream Hobotnica i sipa"},"content":{"rendered":"<p><strong>Sastav:<\/strong><br \/>\nPiletina 30%, hobotnica 20%, sipa 10%, voda 38%, riblje ulje 1%, fruktooligosaharidi 0,6%, taurin 0,2%, laktoferin 0,1%, kalcijev karbonat 0,099%, vitamini (vitamin D3, vitamin E) 0,001%.<\/p>\n<p><strong>Analiti\u010dki sastojci:<\/strong><br \/>\nSirove bjelan\u010devine \u2265 6,0%, sirove masti \u2265 1,0%, sirovi pepeo \u2264 2,0%, sirova vlakna \u2264 1,5%, vlaga \u2264 87,0%.<\/p>\n","protected":false},"excerpt":{"rendered":"Woolf WildCat Luxury Cat Cream jedinstvena je kremasta poslastica koja ma\u010dki nudi potpuno novo ukusno iskustvo. Njegova nje\u017ena, svilenkasta tekstura iznimno je privla\u010dna i prikladna i za izbirljivije ma\u010dke. Egzoti\u010dna kombinacija hobotnice i sipe stvara bogat, izrazit morski okus koji poti\u010de ma\u010dju znati\u017eelju i apetit.   Receptura je 100% prirodna, bez umjetnih dodataka, te oboga\u0107ena taurinom za podr\u0161ku zdravlju srca i vida. Dodatak ribljeg ulja pridonosi zdravoj ko\u017ei i sjajnoj dlaci, a nizak udio masti omogu\u0107uje da je poslastica prikladna za svakodnevno razmazivanje. Odli\u010dan kao samostalna poslastica ili kao ukusan dodatak suhoj hrani.  \n\n&nbsp;","protected":false},"featured_media":156214,"comment_status":"open","ping_status":"closed","template":"","meta":{"_acf_changed":false,"inline_featured_image":false},"product_cat":[3787,3692,3691,3788,3693],"product_tag":[],"class_list":{"0":"post-156210","1":"product","2":"type-product","3":"status-publish","4":"has-post-thumbnail","6":"product_brand-woolf","7":"product_cat-akcije","8":"product_cat-hrana-za-macke","9":"product_cat-macke","10":"product_cat-posebne-mjesecne-akcije","11":"product_cat-poslastice","12":"pa_pakiranje-5-x-14g","14":"first","15":"instock","16":"taxable","17":"shipping-taxable","18":"purchasable","19":"product-type-variable"},"acf":[],"gallery_images":[154917],"_links":{"self":[{"href":"https:\/\/www.hranazapse.si\/hr\/wp-json\/wp\/v2\/product\/156210","targetHints":{"allow":["GET"]}}],"collection":[{"href":"https:\/\/www.hranazapse.si\/hr\/wp-json\/wp\/v2\/product"}],"about":[{"href":"https:\/\/www.hranazapse.si\/hr\/wp-json\/wp\/v2\/types\/product"}],"replies":[{"embeddable":true,"href":"https:\/\/www.hranazapse.si\/hr\/wp-json\/wp\/v2\/comments?post=156210"}],"wp:featuredmedia":[{"embeddable":true,"href":"https:\/\/www.hranazapse.si\/hr\/wp-json\/wp\/v2\/media\/156214"}],"wp:attachment":[{"href":"https:\/\/www.hranazapse.si\/hr\/wp-json\/wp\/v2\/media?parent=156210"}],"wp:term":[{"taxonomy":"product_cat","embeddable":true,"href":"https:\/\/www.hranazapse.si\/hr\/wp-json\/wp\/v2\/product_cat?post=156210"},{"taxonomy":"product_tag","embeddable":true,"href":"https:\/\/www.hranazapse.si\/hr\/wp-json\/wp\/v2\/product_tag?post=156210"}],"curies":[{"name":"wp","href":"https:\/\/api.w.org\/{rel}","templated":true}]}}