{"id":156255,"date":"2026-02-24T16:54:47","date_gmt":"2026-02-24T15:54:47","guid":{"rendered":"https:\/\/www.hranazapse.si\/shop\/Bez%20kategorije\/afp-bone-appetit-tasty-bone-lick-mat\/"},"modified":"2026-05-05T14:15:28","modified_gmt":"2026-05-05T12:15:28","slug":"afp-bone-appetit-tasty-bone-lick-mat","status":"publish","type":"product","link":"https:\/\/www.hranazapse.si\/hr\/shop\/psi\/igracke-2\/mentalne-igracke\/afp-bone-appetit-tasty-bone-lick-mat\/","title":{"rendered":"AFP Bones Appetite Taste Bones Lick Mat"},"content":{"rendered":"<p data-start=\"407\" data-end=\"676\">Zahvaljuju\u0107i vakuumskim \u010da\u0161icama na pole\u0111ini, podloga se lako pri\u010dvr\u0161\u0107uje vodoravno ili okomito na gotovo svaku glatku povr\u0161inu. Idealna je za odvra\u0107anje pa\u017enje psu tijekom kupanja, skra\u0107ivanja noktiju ili ure\u0111ivanja dlake, jer lizanje poma\u017ee u opu\u0161tanju i smanjenju stressa. <\/p>\n<p data-start=\"678\" data-end=\"692\"><strong data-start=\"678\" data-end=\"690\">Upotreba:<\/strong><\/p>\n<ul data-start=\"693\" data-end=\"808\">\n<li data-start=\"693\" data-end=\"717\">\n<p data-start=\"695\" data-end=\"717\">Suha ili svje\u017ea hrana<\/p>\n<\/li>\n<li data-start=\"718\" data-end=\"759\">\n<p data-start=\"720\" data-end=\"759\">Namazi (jogurt, maslac od kikirikija i sl.)<\/p>\n<\/li>\n<li data-start=\"760\" data-end=\"808\">\n<p data-start=\"762\" data-end=\"808\">Sporo hranjenje i sprje\u010davanje brzog gutanja hrane<\/p>\n<\/li>\n<\/ul>\n<p data-start=\"810\" data-end=\"826\"><strong data-start=\"810\" data-end=\"824\">Karakteristike:<\/strong><\/p>\n<ul data-start=\"827\" data-end=\"961\" data-is-last-node=\"\" data-is-only-node=\"\">\n<li data-start=\"827\" data-end=\"863\">\n<p data-start=\"829\" data-end=\"863\">Relief povr\u0161ina za ve\u0107i izazov<\/p>\n<\/li>\n<li data-start=\"864\" data-end=\"919\">\n<p data-start=\"866\" data-end=\"919\">Vakuumske no\u017eice za vodoravno ili okomito pri\u010dvr\u0161\u0107ivanje<\/p>\n<\/li>\n<li data-start=\"920\" data-end=\"961\" data-is-last-node=\"\">\n<p data-start=\"922\" data-end=\"961\" data-is-last-node=\"\">Prikladna za zabavu i umirivanje psa<\/p>\n<\/li>\n<\/ul>\n","protected":false},"excerpt":{"rendered":"Lick podloga AFP Bones Appetite \u2013 Taste Bones odli\u010dan je izbor za hranjenje i mentalnu stimulaciju psa. Razli\u010dite Relief povr\u0161ine ote\u017eavaju pristup hrani, \u010dime sprje\u010davaju gutanje i poti\u010du sporo hranjenje. Prikladna je za suhu i svje\u017eu hranu \u2013 za dodatnu raznolikost na nju mo\u017ee\u0161 namazati jogurt, maslac od kikirikija ili druge namaze te tako zabaviti psa i smanjiti mu dosadu.  ","protected":false},"featured_media":156260,"comment_status":"open","ping_status":"closed","template":"","meta":{"_acf_changed":false,"inline_featured_image":false},"product_cat":[3803,3806,3683],"product_tag":[],"class_list":{"0":"post-156255","1":"product","2":"type-product","3":"status-publish","4":"has-post-thumbnail","6":"product_brand-eat-slow-live-longer","7":"product_cat-igracke-2","8":"product_cat-mentalne-igracke","9":"product_cat-psi","10":"pa_velikost-l","11":"pa_velikost-s","13":"first","14":"instock","15":"taxable","16":"shipping-taxable","17":"purchasable","18":"product-type-variable"},"acf":[],"gallery_images":[140639],"_links":{"self":[{"href":"https:\/\/www.hranazapse.si\/hr\/wp-json\/wp\/v2\/product\/156255","targetHints":{"allow":["GET"]}}],"collection":[{"href":"https:\/\/www.hranazapse.si\/hr\/wp-json\/wp\/v2\/product"}],"about":[{"href":"https:\/\/www.hranazapse.si\/hr\/wp-json\/wp\/v2\/types\/product"}],"replies":[{"embeddable":true,"href":"https:\/\/www.hranazapse.si\/hr\/wp-json\/wp\/v2\/comments?post=156255"}],"wp:featuredmedia":[{"embeddable":true,"href":"https:\/\/www.hranazapse.si\/hr\/wp-json\/wp\/v2\/media\/156260"}],"wp:attachment":[{"href":"https:\/\/www.hranazapse.si\/hr\/wp-json\/wp\/v2\/media?parent=156255"}],"wp:term":[{"taxonomy":"product_cat","embeddable":true,"href":"https:\/\/www.hranazapse.si\/hr\/wp-json\/wp\/v2\/product_cat?post=156255"},{"taxonomy":"product_tag","embeddable":true,"href":"https:\/\/www.hranazapse.si\/hr\/wp-json\/wp\/v2\/product_tag?post=156255"}],"curies":[{"name":"wp","href":"https:\/\/api.w.org\/{rel}","templated":true}]}}