{"id":156264,"date":"2026-02-24T16:58:48","date_gmt":"2026-02-24T15:58:48","guid":{"rendered":"https:\/\/www.hranazapse.si\/shop\/Bez%20kategorije\/eat-slow-live-longer-gobble-stopper-grey\/"},"modified":"2026-05-05T14:15:30","modified_gmt":"2026-05-05T12:15:30","slug":"eat-slow-live-longer-gobble-stopper-grey","status":"publish","type":"product","link":"https:\/\/www.hranazapse.si\/hr\/shop\/psi\/igracke-2\/mentalne-igracke\/eat-slow-live-longer-gobble-stopper-grey\/","title":{"rendered":"Eat Slow Live Longer Gobble Stopper Grey"},"content":{"rendered":"<p data-start=\"578\" data-end=\"801\"><strong data-start=\"578\" data-end=\"590\">Upotreba:<\/strong><br data-start=\"590\" data-end=\"593\"\/>Umetak postavi u posudu za hranu i pritisni ga uz dno kako bi se vakuumske nogice pri\u010dvrstile. Po potrebi mo\u017ee\u0161 prilagoditi (skratiti) lopatice. Zatim dodaj hranu i pusti psa da u\u017eiva u sporijem obroku.  <\/p>\n<p data-start=\"803\" data-end=\"819\"><strong data-start=\"803\" data-end=\"817\">Zna\u010dajke:<\/strong><\/p>\n<ul data-start=\"820\" data-end=\"970\">\n<li data-start=\"820\" data-end=\"856\">\n<p data-start=\"822\" data-end=\"856\">Spiralna zasnova protiv hlastanja<\/p>\n<\/li>\n<li data-start=\"857\" data-end=\"904\">\n<p data-start=\"859\" data-end=\"904\">Sna\u017ene vakuumske nogice za stabilno pri\u010dvr\u0161\u0107ivanje<\/p>\n<\/li>\n<li data-start=\"905\" data-end=\"924\">\n<p data-start=\"907\" data-end=\"924\">Nje\u017ean prema nju\u0161ci<\/p>\n<\/li>\n<li data-start=\"925\" data-end=\"970\">\n<p data-start=\"927\" data-end=\"970\">Prikladan za pranje u perilici posu\u0111a<\/p>\n<\/li>\n<\/ul>\n<p data-start=\"972\" data-end=\"1001\" data-is-last-node=\"\" data-is-only-node=\"\"><strong data-start=\"972\" data-end=\"984\">Sastav:<\/strong><br data-start=\"984\" data-end=\"987\"\/>100 % silikon.<\/p>\n","protected":false},"excerpt":{"rendered":"<p data-start=\"0\" data-end=\"382\">Eat Slow Live Longer Gobble Stopper je prakti\u010dan umetak protiv hlastanja, namijenjen psima koji jedu prebrzo. Spiralna oblika ote\u017eava pristup hrani i poti\u010de sporije, smirenije hranjenje. Materijal je \u010dvrst, ali istovremeno mekan na dodir, stoga je nje\u017ean prema pse\u0107oj nju\u0161ci. Vakuumske nogice na donjoj strani osiguravaju da umetak ostane sigurno pri\u010dvr\u0161\u0107en na dnu posude. Sporije hranjenje poma\u017ee smanjiti rizik od problema kao \u0161to su nadutost, debljanje, lo\u0161a oralna higijena i probavne smetnje. Istovremeno produljuje vrijeme obroka i smanjuje dosadu.     <\/p>","protected":false},"featured_media":156268,"comment_status":"open","ping_status":"closed","template":"","meta":{"_acf_changed":false,"inline_featured_image":false},"product_cat":[3803,3806,3683],"product_tag":[],"class_list":{"0":"post-156264","1":"product","2":"type-product","3":"status-publish","4":"has-post-thumbnail","6":"product_brand-eat-slow-live-longer","7":"product_cat-igracke-2","8":"product_cat-mentalne-igracke","9":"product_cat-psi","10":"pa_velikost-m","12":"first","13":"instock","14":"taxable","15":"shipping-taxable","16":"purchasable","17":"product-type-variable"},"acf":[],"gallery_images":[],"_links":{"self":[{"href":"https:\/\/www.hranazapse.si\/hr\/wp-json\/wp\/v2\/product\/156264","targetHints":{"allow":["GET"]}}],"collection":[{"href":"https:\/\/www.hranazapse.si\/hr\/wp-json\/wp\/v2\/product"}],"about":[{"href":"https:\/\/www.hranazapse.si\/hr\/wp-json\/wp\/v2\/types\/product"}],"replies":[{"embeddable":true,"href":"https:\/\/www.hranazapse.si\/hr\/wp-json\/wp\/v2\/comments?post=156264"}],"wp:featuredmedia":[{"embeddable":true,"href":"https:\/\/www.hranazapse.si\/hr\/wp-json\/wp\/v2\/media\/156268"}],"wp:attachment":[{"href":"https:\/\/www.hranazapse.si\/hr\/wp-json\/wp\/v2\/media?parent=156264"}],"wp:term":[{"taxonomy":"product_cat","embeddable":true,"href":"https:\/\/www.hranazapse.si\/hr\/wp-json\/wp\/v2\/product_cat?post=156264"},{"taxonomy":"product_tag","embeddable":true,"href":"https:\/\/www.hranazapse.si\/hr\/wp-json\/wp\/v2\/product_tag?post=156264"}],"curies":[{"name":"wp","href":"https:\/\/api.w.org\/{rel}","templated":true}]}}