{"id":157131,"date":"2026-02-04T17:57:55","date_gmt":"2026-02-04T16:57:55","guid":{"rendered":"https:\/\/www.hranazapse.si\/shop\/Bez%20kategorije\/sanadog-mini-training-bones-kunic-kanta\/"},"modified":"2026-05-05T13:41:32","modified_gmt":"2026-05-05T11:41:32","slug":"sanadog-mini-training-bones-kunic-kanta","status":"publish","type":"product","link":"https:\/\/www.hranazapse.si\/hr\/shop\/vise-od-90-mesa\/sanadog-mini-training-bones-kunic-kanta\/","title":{"rendered":"SANADOG Mini Training Bones kuni\u0107 (kanta)"},"content":{"rendered":"<p>Pa\u017eljivo odabrano kuni\u0107evo meso je 100% sljedivo, a postupak nje\u017ene obrade \u010duva dragocjene hranjive tvari koje doprinose zdravlju, vitalnosti i dobrobiti psa.<\/p>\n<p>SANADOG training kosti od kuni\u0107a su ukusna, \u010dista i prakti\u010dna nagrada \u2013 ne mrv\u0435 se, nisu masne i mo\u017ee\u0161 ih bez problema nositi u d\u017eepu, pa su savr\u0161ene i za trening na otvorenom.<\/p>\n<p><strong>Sastav:<\/strong><\/p>\n<p>95% kuni\u0107, 5% prirodni biljni glicerin<\/p>\n<p><strong>Analiti\u010dki sastojci:<\/strong><\/p>\n<p>Proteini 36%<\/p>\n<p>Masti 16%<\/p>\n<p>Vlaga 8%<\/p>\n<p>Pepeo 8%<\/p>\n<p>Sirova vlakna 2%<\/p>\n","protected":false},"excerpt":{"rendered":"SANADOG training kosti od kuni\u0107evog mesa su zdrave, mekane poslastice, savr\u0161ene za svakodnevno nagra\u0111ivanje i motivaciju tijekom treninga. Zbog svoje mekane konzistencije idealne su za kori\u0161tenje kod pozitivne motivacije, gdje pas za ispravno pona\u0161anje dobiva trenutnu i ukusnu nagradu. Budu\u0107i da je pri treningu potro\u0161nja poslastica \u010desto ve\u0107a, kvaliteta sastojaka je posebno va\u017ena. Training kosti su izra\u0111ene od \u010distog kuni\u0107evog mesa i oboga\u0107ene malom koli\u010dinom prirodnog biljnog glicerina iz ulja repice, koji ve\u017ee vlagu i osigurava mekanu, \u017evaka\u0107u strukturu.   ","protected":false},"featured_media":157133,"comment_status":"open","ping_status":"closed","template":"","meta":{"_acf_changed":false,"inline_featured_image":false},"product_cat":[3713,3686,3684,3683,3681],"product_tag":[],"class_list":{"0":"post-157131","1":"product","2":"type-product","3":"status-publish","4":"has-post-thumbnail","6":"product_brand-sanadog","7":"product_cat-mekane-poslastice","8":"product_cat-odgoj-trening","9":"product_cat-poslastice-za-pse","10":"product_cat-psi","11":"product_cat-vise-od-90-mesa","12":"pa_pakiranje-1-kg","14":"first","15":"instock","16":"taxable","17":"shipping-taxable","18":"purchasable","19":"product-type-variable"},"acf":[],"gallery_images":[136875],"_links":{"self":[{"href":"https:\/\/www.hranazapse.si\/hr\/wp-json\/wp\/v2\/product\/157131","targetHints":{"allow":["GET"]}}],"collection":[{"href":"https:\/\/www.hranazapse.si\/hr\/wp-json\/wp\/v2\/product"}],"about":[{"href":"https:\/\/www.hranazapse.si\/hr\/wp-json\/wp\/v2\/types\/product"}],"replies":[{"embeddable":true,"href":"https:\/\/www.hranazapse.si\/hr\/wp-json\/wp\/v2\/comments?post=157131"}],"wp:featuredmedia":[{"embeddable":true,"href":"https:\/\/www.hranazapse.si\/hr\/wp-json\/wp\/v2\/media\/157133"}],"wp:attachment":[{"href":"https:\/\/www.hranazapse.si\/hr\/wp-json\/wp\/v2\/media?parent=157131"}],"wp:term":[{"taxonomy":"product_cat","embeddable":true,"href":"https:\/\/www.hranazapse.si\/hr\/wp-json\/wp\/v2\/product_cat?post=157131"},{"taxonomy":"product_tag","embeddable":true,"href":"https:\/\/www.hranazapse.si\/hr\/wp-json\/wp\/v2\/product_tag?post=157131"}],"curies":[{"name":"wp","href":"https:\/\/api.w.org\/{rel}","templated":true}]}}