{"id":157174,"date":"2025-12-18T16:54:46","date_gmt":"2025-12-18T15:54:46","guid":{"rendered":"https:\/\/www.hranazapse.si\/shop\/Bez%20kategorije\/flamingo-igracka-od-uzeta-i-lesa-za-ptice\/"},"modified":"2026-05-05T14:11:52","modified_gmt":"2026-05-05T12:11:52","slug":"flamingo-igracka-od-uzeta-i-lesa-za-ptice","status":"publish","type":"product","link":"https:\/\/www.hranazapse.si\/hr\/shop\/glodavci-i-ptice\/flamingo-igracka-od-uzeta-i-lesa-za-ptice\/","title":{"rendered":"Flamingo igra\u010dka od u\u017eeta i drva za ptice"},"content":{"rendered":"<p><strong>Veli\u010dina:<\/strong> <!--StartFragment --><span class=\"cf0\">16 cm x 4.5 cm x 50 cm <\/span> <!--EndFragment --><\/p>\n","protected":false},"excerpt":{"rendered":"\u0160arena igra\u010dka za ptice od u\u017eeta i drva dizajnirana je za srednje i ve\u0107e ptice te poti\u010de igru, penjanje i kljucanje. Razli\u010dite teksture i \u017eivopisne boje bude znati\u017eelju, sprje\u010davaju dosadu i doprinose aktivnom i zadovoljnom provo\u0111enju vremena u kavezu ili volijeri. ","protected":false},"featured_media":157175,"comment_status":"open","ping_status":"closed","template":"","meta":{"_acf_changed":false,"inline_featured_image":false},"product_cat":[3854,3855],"product_tag":[],"class_list":{"0":"post-157174","1":"product","2":"type-product","3":"status-publish","4":"has-post-thumbnail","6":"product_brand-flamingo","7":"product_cat-glodavci-i-ptice","8":"product_cat-oprema-2","9":"pa_pakiranje-1-komad","11":"first","12":"instock","13":"taxable","14":"shipping-taxable","15":"purchasable","16":"product-type-variable"},"acf":[],"gallery_images":[],"_links":{"self":[{"href":"https:\/\/www.hranazapse.si\/hr\/wp-json\/wp\/v2\/product\/157174","targetHints":{"allow":["GET"]}}],"collection":[{"href":"https:\/\/www.hranazapse.si\/hr\/wp-json\/wp\/v2\/product"}],"about":[{"href":"https:\/\/www.hranazapse.si\/hr\/wp-json\/wp\/v2\/types\/product"}],"replies":[{"embeddable":true,"href":"https:\/\/www.hranazapse.si\/hr\/wp-json\/wp\/v2\/comments?post=157174"}],"wp:featuredmedia":[{"embeddable":true,"href":"https:\/\/www.hranazapse.si\/hr\/wp-json\/wp\/v2\/media\/157175"}],"wp:attachment":[{"href":"https:\/\/www.hranazapse.si\/hr\/wp-json\/wp\/v2\/media?parent=157174"}],"wp:term":[{"taxonomy":"product_cat","embeddable":true,"href":"https:\/\/www.hranazapse.si\/hr\/wp-json\/wp\/v2\/product_cat?post=157174"},{"taxonomy":"product_tag","embeddable":true,"href":"https:\/\/www.hranazapse.si\/hr\/wp-json\/wp\/v2\/product_tag?post=157174"}],"curies":[{"name":"wp","href":"https:\/\/api.w.org\/{rel}","templated":true}]}}