{"id":157635,"date":"2025-12-09T16:30:26","date_gmt":"2025-12-09T15:30:26","guid":{"rendered":"https:\/\/www.hranazapse.si\/shop\/Bez%20kategorije\/pawzler-beginner-set\/"},"modified":"2026-05-05T14:00:29","modified_gmt":"2026-05-05T12:00:29","slug":"pawzler-beginner-set","status":"publish","type":"product","link":"https:\/\/www.hranazapse.si\/hr\/shop\/psi\/igracke-2\/mentalne-igracke\/pawzler-beginner-set\/","title":{"rendered":"PAWZLER Beginner Set"},"content":{"rendered":"<p><strong data-start=\"0\" data-end=\"25\" data-is-only-node=\"\">Veli\u010dina (D \u00d7 \u0160 \u00d7 V):<\/strong> 24 \u00d7 18 \u00d7 6 cm<br data-start=\"40\" data-end=\"43\"><strong data-start=\"43\" data-end=\"52\">Te\u017eina:<\/strong> 0,6 kg<\/p>\n<p><strong>\u0160to sadr\u017ei?<\/strong><\/p>\n<p><!--StartFragment --><\/p>\n<p class=\"pf0\"><span class=\"cf0\">1x O<\/span><span class=\"cf1\">snova<\/span><\/p>\n<p class=\"pf0\"><span class=\"cf1\">2x <\/span><span class=\"cf1\">Onix<\/span><\/p>\n<p class=\"pf0\"><span class=\"cf1\">1x <\/span><span class=\"cf1\">Oli<\/span><\/p>\n<p class=\"pf0\"><span class=\"cf1\">1x Terra <\/span><\/p>\n<p class=\"pf0\"><span class=\"cf1\">1x <\/span><span class=\"cf1\">Zhu<\/span><\/p>\n<p><!--EndFragment --><\/p>\n","protected":false},"excerpt":{"rendered":"<p data-start=\"102\" data-end=\"424\">Beginner Set je interaktivna igra\u010dka za pse, dizajnirana za dugotrajnu zabavu i mentalnu stimulaciju. Namijenjena je psima koji se tek upoznaju s PAWZLER igra\u010dkama, jer uklju\u010duje PAWZLER dodatke razine 1, idealne za siguran i zabavan po\u010detak. Set sadr\u017ei jednu osnovu na koju se postavljaju pojedini PAWZLER elementi. Igra\u010dka uklju\u010duje razli\u010dite mehanizme skrivanja poslastica, poput guranja kliza\u010da i okretanja poklopaca, \u0161to poti\u010de rje\u0161avanje problema u mirnom tempu. Dodana je i posebna podloga za lizanje za dodatnu zabavu i opu\u0161tanje. Predjele mo\u017ee\u0161 napuniti poslasticama, krokicama ili kikiriki maslacem. Set poma\u017ee u izgradnji samopouzdanja, mentalnih sposobnosti te ja\u010da vezu izme\u0111u psa i vlasnika.      <\/p>","protected":false},"featured_media":157641,"comment_status":"open","ping_status":"closed","template":"","meta":{"_acf_changed":false,"inline_featured_image":false},"product_cat":[3803,3806,3683],"product_tag":[],"class_list":{"0":"post-157635","1":"product","2":"type-product","3":"status-publish","4":"has-post-thumbnail","6":"product_brand-pawzler","7":"product_cat-igracke-2","8":"product_cat-mentalne-igracke","9":"product_cat-psi","10":"pa_pakiranje-1-komad","12":"first","13":"instock","14":"taxable","15":"shipping-taxable","16":"purchasable","17":"product-type-variable"},"acf":[],"gallery_images":[133603,133602],"_links":{"self":[{"href":"https:\/\/www.hranazapse.si\/hr\/wp-json\/wp\/v2\/product\/157635","targetHints":{"allow":["GET"]}}],"collection":[{"href":"https:\/\/www.hranazapse.si\/hr\/wp-json\/wp\/v2\/product"}],"about":[{"href":"https:\/\/www.hranazapse.si\/hr\/wp-json\/wp\/v2\/types\/product"}],"replies":[{"embeddable":true,"href":"https:\/\/www.hranazapse.si\/hr\/wp-json\/wp\/v2\/comments?post=157635"}],"wp:featuredmedia":[{"embeddable":true,"href":"https:\/\/www.hranazapse.si\/hr\/wp-json\/wp\/v2\/media\/157641"}],"wp:attachment":[{"href":"https:\/\/www.hranazapse.si\/hr\/wp-json\/wp\/v2\/media?parent=157635"}],"wp:term":[{"taxonomy":"product_cat","embeddable":true,"href":"https:\/\/www.hranazapse.si\/hr\/wp-json\/wp\/v2\/product_cat?post=157635"},{"taxonomy":"product_tag","embeddable":true,"href":"https:\/\/www.hranazapse.si\/hr\/wp-json\/wp\/v2\/product_tag?post=157635"}],"curies":[{"name":"wp","href":"https:\/\/api.w.org\/{rel}","templated":true}]}}