{"id":157738,"date":"2025-12-15T18:46:47","date_gmt":"2025-12-15T17:46:47","guid":{"rendered":"https:\/\/www.hranazapse.si\/shop\/Bez%20kategorije\/prama-delicacy-immune-healthy-grilled-fish\/"},"modified":"2026-05-05T14:03:15","modified_gmt":"2026-05-05T12:03:15","slug":"prama-delicacy-immune-healthy-grilled-fish","status":"publish","type":"product","link":"https:\/\/www.hranazapse.si\/hr\/shop\/psi\/pasja-hrana\/mokra-hrana-za-pse\/prama-delicacy-immune-healthy-grilled-fish\/","title":{"rendered":"Prama Delicacy Immune Health Grilled Fish"},"content":{"rendered":"<p><!--StartFragment --><\/p>\n<p><span class=\"cf0\">Receptura sadr\u017ei <\/span><span class=\"cf0\">fruktooligosaharide<\/span><span class=\"cf0\"> (FOS), koji doprinose zdravlju probavnog sustava i ravnote\u017ei crijevne mikroflore. Oboga\u0107ena je vitaminima i mineralima koji podr\u017eavaju imunski sustav, energiju i otpornost organizma. Lagana tekstura i prirodni okus ribe \u010dine ovaj obrok idealnim dodatkom svakodnevnoj prehrani pasa svih veli\u010dina.<\/span><\/p>\n<p><strong><span class=\"cf0\">Sastav: <\/span><\/strong><span class=\"cf0\">voda 42,985 %, bijela riba 27 %, morska riba 23,36 %, p\u0161eni\u010dni gluten 4,5 %, modificirani <\/span><span class=\"cf0\">tapiokin<\/span><span class=\"cf0\"> \u0161krob 0,8 %, sojino ulje 0,2 %, ekstrakt kvasca 0,05 %.<\/span><\/p>\n<p><strong><span class=\"cf0\">Prehrambeni dodaci po kg: <\/span><\/strong><span class=\"cf0\">zgu\u0161njiva\u010d (<\/span><span class=\"cf0\">ksantan<\/span><span class=\"cf0\"> guma) 4.500 mg, prirodna aroma 3.000 mg, vitamini (A 5.100 IU, D2 550 IU, E 338 IU, kolin 2.514 mg, <\/span><span class=\"cf0\">niacin<\/span><span class=\"cf0\"> 53 mg, pantotenska kiselina 15 mg, B2 7,95 mg, B1 3,66 mg, B6 2,5 mg, folna kiselina 0,95 mg, B12 0,03 mg), minerali (kalcij 12.000 mg, fosfor 6.000 mg, kalij 6.000 mg, natrij 3.000 mg, klorid 3.000 mg, \u017eeljezo 95 mg, cink 85 mg, magnezij 80 mg, bakar 8,2 mg, mangan 7,6 mg, jod 1,7 mg, selen 0,65 mg), <\/span><span class=\"cf0\">fruktooligosaharidi<\/span><span class=\"cf0\"> 1.500 mg, bojila 50 mg.<\/span><\/p>\n<p><strong><span class=\"cf0\">Analiti\u010dki sastav: <\/span><\/strong><span class=\"cf0\">sirove bjelan\u010devine 9 %, sirove masti 3 %, sirova vlakna 2 %, pepeo 1,5 %, vlaga 88 %, metaboli\u010dka energija 55,25 kcal\/100 g.<\/span><\/p>\n<p><strong><span class=\"cf0\">Preporuka za hranjenje: <\/span><\/strong><span class=\"cf0\">Koristi se kao dodatak glavnom obroku.<\/span><\/p>\n<p><strong><span class=\"cf0\">Preporu\u010dena dnevna koli\u010dina:<\/span><\/strong><\/p>\n<p><span class=\"cf0\">1<\/span><span class=\"cf1\">\u20135 kg: 1\u20133 komada<\/span><\/p>\n<p><span class=\"cf1\">5\u201310 kg: 3\u20135 komada<\/span><\/p>\n<p><span class=\"cf1\">10\u201320 kg: 5\u20138 komada<\/span><\/p>\n<p><span class=\"cf1\">vi\u0161e<\/span><span class=\"cf0\"> od 20 kg: 8<\/span><span class=\"cf1\">\u201312 komada<\/span><\/p>\n<p>&nbsp;<\/p>\n<p><span class=\"cf1\">Uvijek osiguraj sve<\/span><span class=\"cf0\">\u017eu pitku vodu. Nakon otvaranja \u010duvaj u hladnjaku i potro\u0161i u roku od 7 dana. Nije namijenjeno za prehranu ljudi.<\/span><\/p>\n<p><!--EndFragment --><\/p>\n","protected":false},"excerpt":{"rendered":"<!--StartFragment -->\n\n<span class=\"cf0\">Riba na <\/span><span class=\"cf1\">\u017earu u umaku je ukusna dopunska hrana za pse starije od 3 mjeseca, namijenjena svim pasminama. Kombinira bijelu i morsku ribu u aromati\u010dnom umaku koji poti\u010de apetit te osigurava kvalitetan izvor bjelan\u010devina i omega masnih kiselina za zdravu ko\u017eu, dlaku i vitalnost.<\/span>\n\n&nbsp;\n\n<!--EndFragment -->","protected":false},"featured_media":157652,"comment_status":"open","ping_status":"closed","template":"","meta":{"_acf_changed":false,"inline_featured_image":false},"product_cat":[3689,3688,3683],"product_tag":[],"class_list":{"0":"post-157738","1":"product","2":"type-product","3":"status-publish","4":"has-post-thumbnail","6":"product_brand-pramy-prama","7":"product_cat-mokra-hrana-za-pse","8":"product_cat-pasja-hrana","9":"product_cat-psi","10":"pa_pakiranje-120g","12":"first","13":"instock","14":"taxable","15":"shipping-taxable","16":"purchasable","17":"product-type-variable"},"acf":[],"gallery_images":[],"_links":{"self":[{"href":"https:\/\/www.hranazapse.si\/hr\/wp-json\/wp\/v2\/product\/157738","targetHints":{"allow":["GET"]}}],"collection":[{"href":"https:\/\/www.hranazapse.si\/hr\/wp-json\/wp\/v2\/product"}],"about":[{"href":"https:\/\/www.hranazapse.si\/hr\/wp-json\/wp\/v2\/types\/product"}],"replies":[{"embeddable":true,"href":"https:\/\/www.hranazapse.si\/hr\/wp-json\/wp\/v2\/comments?post=157738"}],"wp:featuredmedia":[{"embeddable":true,"href":"https:\/\/www.hranazapse.si\/hr\/wp-json\/wp\/v2\/media\/157652"}],"wp:attachment":[{"href":"https:\/\/www.hranazapse.si\/hr\/wp-json\/wp\/v2\/media?parent=157738"}],"wp:term":[{"taxonomy":"product_cat","embeddable":true,"href":"https:\/\/www.hranazapse.si\/hr\/wp-json\/wp\/v2\/product_cat?post=157738"},{"taxonomy":"product_tag","embeddable":true,"href":"https:\/\/www.hranazapse.si\/hr\/wp-json\/wp\/v2\/product_tag?post=157738"}],"curies":[{"name":"wp","href":"https:\/\/api.w.org\/{rel}","templated":true}]}}