{"id":157827,"date":"2025-12-19T17:10:58","date_gmt":"2025-12-19T16:10:58","guid":{"rendered":"https:\/\/www.hranazapse.si\/shop\/Bez%20kategorije\/feather-world-lazy-swing-l-za-ptice\/"},"modified":"2026-05-05T14:03:10","modified_gmt":"2026-05-05T12:03:10","slug":"feather-world-lazy-swing-l-za-ptice","status":"publish","type":"product","link":"https:\/\/www.hranazapse.si\/hr\/shop\/glodavci-i-ptice\/feather-world-lazy-swing-l-za-ptice\/","title":{"rendered":"Feather World Lazy Swing L za ptice"},"content":{"rendered":"<p data-start=\"394\" data-end=\"410\"><strong data-start=\"394\" data-end=\"408\">Zna\u010dajke:<\/strong><\/p>\n<ul data-start=\"411\" data-end=\"519\">\n<li data-start=\"411\" data-end=\"430\">\n<p data-start=\"413\" data-end=\"430\">Od morske trave<\/p>\n<\/li>\n<li data-start=\"431\" data-end=\"457\">\n<p data-start=\"433\" data-end=\"457\">Veseli, \u0161areni detalji<\/p>\n<\/li>\n<li data-start=\"458\" data-end=\"488\">\n<p data-start=\"460\" data-end=\"488\">Poti\u010de igru i aktivnost<\/p>\n<\/li>\n<li data-start=\"489\" data-end=\"519\">\n<p data-start=\"491\" data-end=\"519\">Sigurno pri\u010dvr\u0161\u0107ivanje kukom<\/p>\n<\/li>\n<\/ul>\n<p><strong data-start=\"521\" data-end=\"534\">Veli\u010dina:<\/strong><br data-start=\"534\" data-end=\"537\"\/>L \u2013 32 \u00d7 32 \u00d7 32 cm<\/p>\n","protected":false},"excerpt":{"rendered":"Gugalnica Feather World Lazy Swing je zabavna i privla\u010dna igra\u010dka, posebno dizajnirana za ptice. Izra\u0111ena je od morske trave i dopunjena razigranim plasti\u010dnim detaljima koji poti\u010du igru, kretanje i znati\u017eelju. \u010cvrsta kuka omogu\u0107uje sigurno i stabilno pri\u010dvr\u0161\u0107ivanje u kavez, a pticama pru\u017ea sate zabavne i aktivne igre.  ","protected":false},"featured_media":157829,"comment_status":"open","ping_status":"closed","template":"","meta":{"_acf_changed":false,"inline_featured_image":false},"product_cat":[3854,3855],"product_tag":[],"class_list":{"0":"post-157827","1":"product","2":"type-product","3":"status-publish","4":"has-post-thumbnail","6":"product_cat-glodavci-i-ptice","7":"product_cat-oprema-2","8":"pa_pakiranje-1-komad","10":"first","11":"instock","12":"taxable","13":"shipping-taxable","14":"purchasable","15":"product-type-variable"},"acf":[],"gallery_images":[],"_links":{"self":[{"href":"https:\/\/www.hranazapse.si\/hr\/wp-json\/wp\/v2\/product\/157827","targetHints":{"allow":["GET"]}}],"collection":[{"href":"https:\/\/www.hranazapse.si\/hr\/wp-json\/wp\/v2\/product"}],"about":[{"href":"https:\/\/www.hranazapse.si\/hr\/wp-json\/wp\/v2\/types\/product"}],"replies":[{"embeddable":true,"href":"https:\/\/www.hranazapse.si\/hr\/wp-json\/wp\/v2\/comments?post=157827"}],"wp:featuredmedia":[{"embeddable":true,"href":"https:\/\/www.hranazapse.si\/hr\/wp-json\/wp\/v2\/media\/157829"}],"wp:attachment":[{"href":"https:\/\/www.hranazapse.si\/hr\/wp-json\/wp\/v2\/media?parent=157827"}],"wp:term":[{"taxonomy":"product_cat","embeddable":true,"href":"https:\/\/www.hranazapse.si\/hr\/wp-json\/wp\/v2\/product_cat?post=157827"},{"taxonomy":"product_tag","embeddable":true,"href":"https:\/\/www.hranazapse.si\/hr\/wp-json\/wp\/v2\/product_tag?post=157827"}],"curies":[{"name":"wp","href":"https:\/\/api.w.org\/{rel}","templated":true}]}}