{"id":157841,"date":"2025-12-23T19:25:43","date_gmt":"2025-12-23T18:25:43","guid":{"rendered":"https:\/\/www.hranazapse.si\/shop\/Bez%20kategorije\/select-gold-sensitive-junior-maxi-janjetina-losos-i-krumpir\/"},"modified":"2026-05-05T14:03:26","modified_gmt":"2026-05-05T12:03:26","slug":"select-gold-sensitive-junior-maxi-janjetina-losos-i-krumpir","status":"publish","type":"product","link":"https:\/\/www.hranazapse.si\/hr\/shop\/psi\/pasja-hrana\/suha-hrana-za-pse\/select-gold-sensitive-junior-maxi-janjetina-losos-i-krumpir\/","title":{"rendered":"Select Gold Sensitive Junior Maxi janjetina, losos i krumpir"},"content":{"rendered":"<p>Prikladna je i za gravidne i dojilje kuje velikih pasmina. Receptura je prilago\u0111ena prehrambenim i fiziolo\u0161kim potrebama rastu\u0107ih pasa te podupire zdrav razvoj kostiju, mi\u0161i\u0107a i probave. Zbog lako probavljivih sastojaka idealan je izbor za pse s osjetljivom probavom ili prehrambenim intolerancijama.  <\/p>\n<p><strong>Sastav:<\/strong> Krumpir (49 %), krumpirove bjelan\u010devine (12 %), janje\u0107je bjelan\u010devine (10,5 %), lososovo bra\u0161no (10,5 %), ulja i masti, \u0161e\u0107erna repa (obessaharena), hidrolizirane \u017eivotinjske bjelan\u010devine (uklju\u010duju\u0107i perad), jabu\u010dna poga\u010da, laneno sjeme (1,1 %), cikorija u prahu (0,15 % = 0,1 % inulina), kvasac (ekstrahiran, 0,1 % = 0,017 % beta-D-glukana i 0,016 % manan-oligosaharida), morske alge (0,05 %), meso \u0161koljki (0,05 %), Yucca schidigera (0,05 %).<\/p>\n<p><strong>Analiti\u010dki sastojci:<\/strong> Bjelan\u010devine 26 %, masti 14 %, sirovi pepeo 8 %, sirova vlakna 3 %, kalcij 1,4 %, fosfor 1 %.<\/p>\n<p><strong>Dodaci po kg:<\/strong> Vitamin A 15.000 IJ, vitamin D\u2083 900 IJ, bakar (3b405) 13 mg, \u017eeljezo (3b103) 65 mg, jod (3b202) 1,6 mg, mangan (3b503) 16 mg, selen (3b801) 0,25 mg, cink (3b605\/3b607) 85 mg.<\/p>\n","protected":false},"excerpt":{"rendered":"Select Gold Sensitive MAXI Junior s janjetinom, lososom i krumpirom posebno je razvijena, uravnote\u017eena premium suha hrana za \u0161tence i mlade pse velikih pasmina (zavr\u0161na te\u017eina preko 25 kg) od odbijanja do pribli\u017eno 15. mjeseca starosti. ","protected":false},"featured_media":157842,"comment_status":"open","ping_status":"closed","template":"","meta":{"_acf_changed":false,"inline_featured_image":false},"product_cat":[3787,3688,3788,3683,3745],"product_tag":[],"class_list":{"0":"post-157841","1":"product","2":"type-product","3":"status-publish","4":"has-post-thumbnail","6":"product_brand-select-gold","7":"product_cat-akcije","8":"product_cat-pasja-hrana","9":"product_cat-posebne-mjesecne-akcije","10":"product_cat-psi","11":"product_cat-suha-hrana-za-pse","12":"pa_pakiranje-12-kg","14":"first","15":"instock","16":"taxable","17":"shipping-taxable","18":"purchasable","19":"product-type-variable"},"acf":[],"gallery_images":[],"_links":{"self":[{"href":"https:\/\/www.hranazapse.si\/hr\/wp-json\/wp\/v2\/product\/157841","targetHints":{"allow":["GET"]}}],"collection":[{"href":"https:\/\/www.hranazapse.si\/hr\/wp-json\/wp\/v2\/product"}],"about":[{"href":"https:\/\/www.hranazapse.si\/hr\/wp-json\/wp\/v2\/types\/product"}],"replies":[{"embeddable":true,"href":"https:\/\/www.hranazapse.si\/hr\/wp-json\/wp\/v2\/comments?post=157841"}],"wp:featuredmedia":[{"embeddable":true,"href":"https:\/\/www.hranazapse.si\/hr\/wp-json\/wp\/v2\/media\/157842"}],"wp:attachment":[{"href":"https:\/\/www.hranazapse.si\/hr\/wp-json\/wp\/v2\/media?parent=157841"}],"wp:term":[{"taxonomy":"product_cat","embeddable":true,"href":"https:\/\/www.hranazapse.si\/hr\/wp-json\/wp\/v2\/product_cat?post=157841"},{"taxonomy":"product_tag","embeddable":true,"href":"https:\/\/www.hranazapse.si\/hr\/wp-json\/wp\/v2\/product_tag?post=157841"}],"curies":[{"name":"wp","href":"https:\/\/api.w.org\/{rel}","templated":true}]}}