{"id":158440,"date":"2025-11-05T18:07:14","date_gmt":"2025-11-05T17:07:14","guid":{"rendered":"https:\/\/www.hranazapse.si\/shop\/Bez kategorije\/trixie-bozicna-poslastica-bozicno-drvce-patka\/"},"modified":"2025-11-05T18:07:14","modified_gmt":"2025-11-05T17:07:14","slug":"trixie-bozicna-poslastica-bozicno-drvce-patka","status":"publish","type":"product","link":"https:\/\/www.hranazapse.si\/hr\/shop\/poslastice-i-stapici-za-zvakanje\/trixie-bozicna-poslastica-bozicno-drvce-patka\/","title":{"rendered":"Trixie Bo\u017ei\u0107na poslastica bo\u017ei\u0107no drvce Patka"},"content":{"rendered":"<p><strong>Veli\u010dina:<\/strong> 12 cm\/28 g<\/p>\n<p><strong>Sastav: <\/strong>pa\u010dja prsa (75 %), sirova gove\u0111a ko\u017ea, glicerin, biljni proteinski ekstrakti, p\u0161eni\u010dno bra\u0161no, minerali<\/p>\n<p><strong>Analiza:<\/strong> masti 5,0 %, vlaga 18,0 %, bjelan\u010devine 45,0 %, sirovi pepeo 4,0 %, sirova vlaknina 2,0 %.<\/p>\n","protected":false},"excerpt":{"rendered":"Priu\u0161ti svom kosmatom prijatelju blagdansko razmazivanje uz slasno bo\u017ei\u0107no drvce od pa\u010djeg mesa i gove\u0111e ko\u017ee. Ova ukusna \u017evaka\u0107a poslastica osigurava dugotrajno \u017evakanje, opu\u0161tanje i veselu blagdansku atmosferu \u2013 jer i psi zaslu\u017euju svoj bo\u017ei\u0107ni trenutak u\u017eivanja. ","protected":false},"featured_media":131412,"comment_status":"open","ping_status":"closed","template":"","meta":{"_acf_changed":false,"inline_featured_image":false},"product_cat":[3911,3688,3680,3684,3683],"product_tag":[],"class_list":{"0":"post-158440","1":"product","2":"type-product","3":"status-publish","4":"has-post-thumbnail","6":"product_brand-trixie","7":"product_cat-bozicni-program","8":"product_cat-pasja-hrana","9":"product_cat-poslastice-i-stapici-za-zvakanje","10":"product_cat-poslastice-za-pse","11":"product_cat-psi","12":"pa_pakiranje-1-komad","14":"first","15":"instock","16":"taxable","17":"shipping-taxable","18":"purchasable","19":"product-type-variable"},"acf":[],"gallery_images":[],"_links":{"self":[{"href":"https:\/\/www.hranazapse.si\/hr\/wp-json\/wp\/v2\/product\/158440","targetHints":{"allow":["GET"]}}],"collection":[{"href":"https:\/\/www.hranazapse.si\/hr\/wp-json\/wp\/v2\/product"}],"about":[{"href":"https:\/\/www.hranazapse.si\/hr\/wp-json\/wp\/v2\/types\/product"}],"replies":[{"embeddable":true,"href":"https:\/\/www.hranazapse.si\/hr\/wp-json\/wp\/v2\/comments?post=158440"}],"wp:featuredmedia":[{"embeddable":true,"href":"https:\/\/www.hranazapse.si\/hr\/wp-json\/wp\/v2\/media\/131412"}],"wp:attachment":[{"href":"https:\/\/www.hranazapse.si\/hr\/wp-json\/wp\/v2\/media?parent=158440"}],"wp:term":[{"taxonomy":"product_cat","embeddable":true,"href":"https:\/\/www.hranazapse.si\/hr\/wp-json\/wp\/v2\/product_cat?post=158440"},{"taxonomy":"product_tag","embeddable":true,"href":"https:\/\/www.hranazapse.si\/hr\/wp-json\/wp\/v2\/product_tag?post=158440"}],"curies":[{"name":"wp","href":"https:\/\/api.w.org\/{rel}","templated":true}]}}