{"id":158700,"date":"2025-11-14T15:53:42","date_gmt":"2025-11-14T14:53:42","guid":{"rendered":"https:\/\/www.hranazapse.si\/shop\/Bez kategorije\/primordial-dog-adult-divlji-prasic-i-jagnjetina\/"},"modified":"2025-11-14T15:53:42","modified_gmt":"2025-11-14T14:53:42","slug":"primordial-dog-adult-divlji-prasic-i-jagnjetina","status":"publish","type":"product","link":"https:\/\/www.hranazapse.si\/hr\/shop\/psi\/pasja-hrana\/suha-hrana-za-pse\/primordial-dog-adult-divlji-prasic-i-jagnjetina\/","title":{"rendered":"Primordial Dog Adult Divlji pra\u0161i\u010d i Jagnjetina"},"content":{"rendered":"<p><strong>Sastav:<\/strong> svje\u017ea jagnjetina (35%), dehidrirane bjelan\u010devine divlje svinje (18%), gra\u0161ak, slatki krumpir, pile\u0107a mast (9%), dehidrirane svinjske bjelan\u010devine (6%), bob, laneno sjeme (2,5%), hidrolizirane jetrene bjelan\u010devine (2%), su\u0161ena pulpa cikle, kvasac, bra\u0161no morskih alg (0,3%), fruktooligosaharidi FOS (0,2%), prebiotici (MOS 0,2%), juka mojave (0,03%), prah korijena masla\u010dka (Taraxacum officinale W.) (0,02%), dehidrirani nar (Punica granatum) (0,02%), dehidrirana stabljika ananasa (0,02%), dehidrirani \u0161ipak (Rosa Canina L.R., Pendulina L.) (0,002), glukozamin, kondroitin sulfat, ekstrakt ru\u017emarina.<\/p>\n<p><strong>Analiti\u010dke vrijednosti:<br \/>\n<\/strong>vlaga 8%<br \/>\nsirove bjelan\u010devine 29%<br \/>\nmasti 19%<br \/>\nsirovi pepeo 9,3%<br \/>\nsirova vlakna 2,6%<\/p>\n<p><strong>Nutritivni dodaci na kg:<\/strong><br \/>\n3a672a Vitamin A 21000 UI, E5 manganov oksid 60 mg, Vitamin D3 1400 UI, E6 cinkov sulfat monohidrat 68 mg, 3a700 Vitamin E (svi-rac-alfa-tokoferil acetat) 180 mg, E2 kalijev jodid 3,7 mg, E4 bakrov sulfat pentahidrat 15 mg E8 natrijev selenit 0,16 mg, E1 \u017eeljezni karbonat 30 mg<\/p>\n","protected":false},"excerpt":{"rendered":"Ukusna, lako probavljiva, bez\u017eitna hrana bogatog okusa svje\u017ee jagnjetine i divljeg pra\u0161i\u010da stvorena za potrebe odraslih pasa srednjih i velikih pasmina. Temelji se na prirodnim prehrambenim navikama pasa i ponosi se sa \u010dak 70% udjela mesa i 30% povr\u0107a, bilja i vo\u0107a. Mlado meso jagnjetine ne sadr\u017ei puno masti i bogato je prirodnim L-karnitinom, koji poti\u010de sagorijevanje masti, stoga je odli\u010dan izbor i za pse\u0107e debeljuce. Divlji pra\u0161i\u010d je bogat bjelan\u010devinama i malo mastima, stoga je idealan za odr\u017eavanje optimalne fizi\u010dke kondicije. Ima sna\u017ean mesnati miris i okus, stoga je idealan za izbirljive pse.    ","protected":false},"featured_media":131809,"comment_status":"open","ping_status":"closed","template":"","meta":{"_acf_changed":false,"inline_featured_image":false},"product_cat":[3787,3688,3788,3683,3745],"product_tag":[],"class_list":{"0":"post-158700","1":"product","2":"type-product","3":"status-publish","4":"has-post-thumbnail","6":"product_brand-primordial","7":"product_cat-akcije","8":"product_cat-pasja-hrana","9":"product_cat-posebne-mjesecne-akcije","10":"product_cat-psi","11":"product_cat-suha-hrana-za-pse","12":"pa_pakiranje-12-kg","13":"pa_pakiranje-2-kg","14":"pa_pakiranje-2x12-kg","15":"pa_posebne-potrebe-alergije","16":"pa_posebne-potrebe-bez-zitarica","17":"pa_posebne-potrebe-opce-zdravlje","18":"pa_posebne-potrebe-osjetljiv-ljubimac","19":"pa_starostno-obdobje-odrasli","20":"pa_velikost-pasme-srednji","21":"pa_velikost-pasme-veliki","22":"pa_zivalska-beljakovina-divlji-vepar","23":"pa_zivalska-beljakovina-janjetina","25":"first","26":"instock","27":"sale","28":"taxable","29":"shipping-taxable","30":"purchasable","31":"product-type-variable"},"acf":[],"gallery_images":[],"_links":{"self":[{"href":"https:\/\/www.hranazapse.si\/hr\/wp-json\/wp\/v2\/product\/158700","targetHints":{"allow":["GET"]}}],"collection":[{"href":"https:\/\/www.hranazapse.si\/hr\/wp-json\/wp\/v2\/product"}],"about":[{"href":"https:\/\/www.hranazapse.si\/hr\/wp-json\/wp\/v2\/types\/product"}],"replies":[{"embeddable":true,"href":"https:\/\/www.hranazapse.si\/hr\/wp-json\/wp\/v2\/comments?post=158700"}],"wp:featuredmedia":[{"embeddable":true,"href":"https:\/\/www.hranazapse.si\/hr\/wp-json\/wp\/v2\/media\/131809"}],"wp:attachment":[{"href":"https:\/\/www.hranazapse.si\/hr\/wp-json\/wp\/v2\/media?parent=158700"}],"wp:term":[{"taxonomy":"product_cat","embeddable":true,"href":"https:\/\/www.hranazapse.si\/hr\/wp-json\/wp\/v2\/product_cat?post=158700"},{"taxonomy":"product_tag","embeddable":true,"href":"https:\/\/www.hranazapse.si\/hr\/wp-json\/wp\/v2\/product_tag?post=158700"}],"curies":[{"name":"wp","href":"https:\/\/api.w.org\/{rel}","templated":true}]}}