{"id":158723,"date":"2025-11-20T17:51:50","date_gmt":"2025-11-20T16:51:50","guid":{"rendered":"https:\/\/www.hranazapse.si\/shop\/Bez kategorije\/real-nature-wilderness-junior-maxi-pure-duck\/"},"modified":"2025-11-20T17:51:50","modified_gmt":"2025-11-20T16:51:50","slug":"real-nature-wilderness-junior-maxi-pure-duck","status":"publish","type":"product","link":"https:\/\/www.hranazapse.si\/hr\/shop\/psi\/pasja-hrana\/suha-hrana-za-pse\/real-nature-wilderness-junior-maxi-pure-duck\/","title":{"rendered":"Real Nature Wilderness Junior MAXI Pure Duck"},"content":{"rendered":"<ul>\n<li data-start=\"60\" data-end=\"110\">\n<p data-start=\"62\" data-end=\"110\">Prikladno za \u0161tence i mlade pse velikih pasmina<\/p>\n<\/li>\n<li data-start=\"111\" data-end=\"179\">\n<p data-start=\"113\" data-end=\"179\">Visok udio bjelan\u010devina za rast mi\u0161i\u0107a i zdrav razvoj zglobova<\/p>\n<\/li>\n<li data-start=\"180\" data-end=\"251\">\n<p data-start=\"182\" data-end=\"251\">Sadr\u017ei glukozamin i hondroitin za jake kite, zglobove i hrskavicu<\/p>\n<\/li>\n<li data-start=\"252\" data-end=\"329\">\n<p data-start=\"254\" data-end=\"329\">Uravnote\u017eena prehrana s dodatkom vo\u0107a, povr\u0107a i kvalitetnih sastojaka<\/p>\n<\/li>\n<li data-start=\"330\" data-end=\"370\">\n<p data-start=\"332\" data-end=\"370\">Bez \u017eitarica, za dobru probavljivost<\/p>\n<\/li>\n<li data-start=\"371\" data-end=\"416\">\n<p data-start=\"373\" data-end=\"416\">Bez umjetnih konzervansa, bojila i aroma<\/p>\n<\/li>\n<li data-start=\"417\" data-end=\"451\">\n<p data-start=\"419\" data-end=\"451\">Kvalitetna i prirodna prehrana<\/p>\n<\/li>\n<li data-start=\"452\" data-end=\"500\">\n<p data-start=\"454\" data-end=\"500\">Podr\u017eava optimalan rast i razvoj mladih pasa<\/p>\n<\/li>\n<\/ul>\n<p data-start=\"172\" data-end=\"899\"><strong data-start=\"172\" data-end=\"183\">Sastav: <\/strong>Pa\u010dje bjelan\u010devine (27\u202f%), svje\u017ee pa\u010dje meso (25\u202f%), krumpirove pahuljice (23,6\u202f%), pa\u010dja mast (5,1\u202f%), gra\u0161ak (4,5\u202f%), jabuke (4\u202f%), hidrolizirane pa\u010dje bjelan\u010devine (3\u202f%), lanene sjemenke (2\u202f%), pivski kvasac (1\u202f%), mrkva (1\u202f%), \u0161pinat (0,8\u202f%), prah morskih algi (0,2\u202f%, Ascophyllum nodosum), natrijev klorid (0,15\u202f%), brusnice (0,1\u202f%), inulin iz cikorije (0,1\u202f%), stani\u010dne stijenke kvasca (0,1\u202f%, odgovara 0,02\u202f% manan-oligosaharida i 0,02\u202f% beta-glukana), ljuske indijskog trputca (0,03\u202f%), timijan (0,02\u202f%), menta (0,02\u202f%), masla\u010dak (0,02\u202f%), ru\u017emarin (0,02\u202f%), per\u0161in (0,02\u202f%), glukozamin iz \u017eivotinjskih tkiva (0,02\u202f%), hondroitin sulfat (0,01\u202f%), Yucca schidigera (0,01\u202f%).<\/p>\n<p data-start=\"901\" data-end=\"1163\"><strong data-start=\"901\" data-end=\"918\">Dodatak na kg: <\/strong>Prehransko-fiziolo\u0161ki dodaci: Vitamin A 16.000 IJ, vitamin D3 1.600 IJ, vitamin E 400\u202fmg, vitamin C 200\u202fmg, \u017eeljezo (3b106) 170\u202fmg, bakar (3b406) 14\u202fmg, jod (3b201) 1,4\u202fmg, mangan (3b504) 23\u202fmg, selen (3b810) 0,45\u202fmg, cink (3b606) 120\u202fmg.<\/p>\n<p data-start=\"901\" data-end=\"1163\"><strong data-start=\"108\" data-end=\"132\">Analiti\u010dki sastojci: <\/strong>31\u202f% bjelan\u010devina, 16\u202f% masti, sirovi pepeo 7,8\u202f%, sirova vlakna 3\u202f%, 1,6\u202f% kalcija i 1,1\u202f% fosfora.<\/p>\n","protected":false},"excerpt":{"rendered":"Potpuna suha hrana za \u0161tence velikih pasmina. S 60\u202f% kvalitetne patke, mje\u0161avinom vo\u0107a i povr\u0107a te bez \u017eitarica podr\u017eava rast mi\u0161i\u0107a i zdrav razvoj zglobova. Prirodna, bez umjetnih dodataka, odli\u010dna za osjetljive \u017eeluce i ukusan obrok za malog pustolova.  ","protected":false},"featured_media":132163,"comment_status":"open","ping_status":"closed","template":"","meta":{"_acf_changed":false,"inline_featured_image":false},"product_cat":[3787,3688,3788,3683,3745],"product_tag":[],"class_list":{"0":"post-158723","1":"product","2":"type-product","3":"status-publish","4":"has-post-thumbnail","6":"product_brand-real-nature","7":"product_cat-akcije","8":"product_cat-pasja-hrana","9":"product_cat-posebne-mjesecne-akcije","10":"product_cat-psi","11":"product_cat-suha-hrana-za-pse","12":"pa_pakiranje-12-kg","13":"pa_pakiranje-4-kg","14":"pa_posebne-potrebe-alergije","15":"pa_posebne-potrebe-bez-glutena","16":"pa_posebne-potrebe-bez-zitarica","17":"pa_posebne-potrebe-gravidne-i-dojilje","18":"pa_posebne-potrebe-opce-zdravlje","19":"pa_posebne-potrebe-osjetljiv-ljubimac","20":"pa_starostno-obdobje-macici","21":"pa_velikost-pasme-veliki","22":"pa_zivalska-beljakovina-patka","24":"first","25":"instock","26":"taxable","27":"shipping-taxable","28":"purchasable","29":"product-type-variable"},"acf":[],"gallery_images":[],"_links":{"self":[{"href":"https:\/\/www.hranazapse.si\/hr\/wp-json\/wp\/v2\/product\/158723","targetHints":{"allow":["GET"]}}],"collection":[{"href":"https:\/\/www.hranazapse.si\/hr\/wp-json\/wp\/v2\/product"}],"about":[{"href":"https:\/\/www.hranazapse.si\/hr\/wp-json\/wp\/v2\/types\/product"}],"replies":[{"embeddable":true,"href":"https:\/\/www.hranazapse.si\/hr\/wp-json\/wp\/v2\/comments?post=158723"}],"wp:featuredmedia":[{"embeddable":true,"href":"https:\/\/www.hranazapse.si\/hr\/wp-json\/wp\/v2\/media\/132163"}],"wp:attachment":[{"href":"https:\/\/www.hranazapse.si\/hr\/wp-json\/wp\/v2\/media?parent=158723"}],"wp:term":[{"taxonomy":"product_cat","embeddable":true,"href":"https:\/\/www.hranazapse.si\/hr\/wp-json\/wp\/v2\/product_cat?post=158723"},{"taxonomy":"product_tag","embeddable":true,"href":"https:\/\/www.hranazapse.si\/hr\/wp-json\/wp\/v2\/product_tag?post=158723"}],"curies":[{"name":"wp","href":"https:\/\/api.w.org\/{rel}","templated":true}]}}