{"id":158820,"date":"2025-09-29T18:41:40","date_gmt":"2025-09-29T16:41:40","guid":{"rendered":"https:\/\/www.hranazapse.si\/shop\/Bez kategorije\/applaws-cat-pouch-pileca-prsa-s-janjetinom-u-zeleu-70-g\/"},"modified":"2025-09-29T18:41:40","modified_gmt":"2025-09-29T16:41:40","slug":"applaws-cat-pouch-pileca-prsa-s-janjetinom-u-zeleu-70-g","status":"publish","type":"product","link":"https:\/\/www.hranazapse.si\/hr\/shop\/macke\/hrana-za-macke\/mokra-hrana-za-macke\/applaws-cat-pouch-pileca-prsa-s-janjetinom-u-zeleu-70-g\/","title":{"rendered":"APPLAWS CAT pouch pile\u0107a prsa s janjetinom u \u017eeleu 70 g"},"content":{"rendered":"<p><strong>Sastav:<\/strong> pile\u0107a prsa 55%, janjetina 7%, biljno sredstvo za \u017eeliranje<br \/>\n<strong>Analiza:<\/strong> bjelan\u010devine 12,5%, masti 1%, vlaga 84%, sirova vlakna 0,1%, sirovi pepeo 1%<\/p>\n","protected":false},"excerpt":{"rendered":"Potpuno prirodna mokra hrana bez konzervansa, pripremljena od kvalitetnog mesa, kuhanog u vlastitom soku. Ukusna tekstura i razmazuju\u0107a so\u010dnost zadovoljit \u0107e i najznati\u017eeljnije ma\u010dke i njihovu \u017eelju za ukusnim otkri\u0107ima. Sadr\u017ei visokokvalitetne bjelan\u010devine i prirodno je bogata taurinom te omega 6 masnim kiselinama. Izuzetno ukusna i stoga idealna i za izbirljive ma\u010dke. Luksuzni \u017eele pru\u017ea pravu avanturu okusa.    \n\n&nbsp;","protected":false},"featured_media":129339,"comment_status":"open","ping_status":"closed","template":"","meta":{"_acf_changed":false,"inline_featured_image":false},"product_cat":[3692,3691,3747],"product_tag":[],"class_list":{"0":"post-158820","1":"product","2":"type-product","3":"status-publish","4":"has-post-thumbnail","6":"product_brand-applaws","7":"product_cat-hrana-za-macke","8":"product_cat-macke","9":"product_cat-mokra-hrana-za-macke","10":"pa_pakiranje-70-g","11":"pa_starostno-obdobje-odrasli","12":"pa_zivalska-beljakovina-janjetina","13":"pa_zivalska-beljakovina-piletina","15":"first","16":"instock","17":"taxable","18":"shipping-taxable","19":"purchasable","20":"product-type-variable"},"acf":[],"gallery_images":[],"_links":{"self":[{"href":"https:\/\/www.hranazapse.si\/hr\/wp-json\/wp\/v2\/product\/158820","targetHints":{"allow":["GET"]}}],"collection":[{"href":"https:\/\/www.hranazapse.si\/hr\/wp-json\/wp\/v2\/product"}],"about":[{"href":"https:\/\/www.hranazapse.si\/hr\/wp-json\/wp\/v2\/types\/product"}],"replies":[{"embeddable":true,"href":"https:\/\/www.hranazapse.si\/hr\/wp-json\/wp\/v2\/comments?post=158820"}],"wp:featuredmedia":[{"embeddable":true,"href":"https:\/\/www.hranazapse.si\/hr\/wp-json\/wp\/v2\/media\/129339"}],"wp:attachment":[{"href":"https:\/\/www.hranazapse.si\/hr\/wp-json\/wp\/v2\/media?parent=158820"}],"wp:term":[{"taxonomy":"product_cat","embeddable":true,"href":"https:\/\/www.hranazapse.si\/hr\/wp-json\/wp\/v2\/product_cat?post=158820"},{"taxonomy":"product_tag","embeddable":true,"href":"https:\/\/www.hranazapse.si\/hr\/wp-json\/wp\/v2\/product_tag?post=158820"}],"curies":[{"name":"wp","href":"https:\/\/api.w.org\/{rel}","templated":true}]}}