{"id":158848,"date":"2025-11-04T17:26:05","date_gmt":"2025-11-04T16:26:05","guid":{"rendered":"https:\/\/www.hranazapse.si\/shop\/Bez kategorije\/trixie-kisna-kabanica-vimy-zuta\/"},"modified":"2025-11-04T17:26:05","modified_gmt":"2025-11-04T16:26:05","slug":"trixie-kisna-kabanica-vimy-zuta","status":"publish","type":"product","link":"https:\/\/www.hranazapse.si\/hr\/shop\/psi\/trixie-kisna-kabanica-vimy-zuta\/","title":{"rendered":"Trixie Ki\u0161na Kabanica Vimy \u017euta"},"content":{"rendered":"<p data-start=\"69\" data-end=\"91\"><strong data-start=\"69\" data-end=\"91\">Prednosti:<\/strong><\/p>\n<ul data-start=\"92\" data-end=\"493\">\n<li data-start=\"92\" data-end=\"137\">\n<p data-start=\"94\" data-end=\"137\">Vodootporan materijal (poliuretan\/poliester)<\/p>\n<\/li>\n<li data-start=\"138\" data-end=\"201\">\n<p data-start=\"140\" data-end=\"201\">Dva vodootporna zatvara\u010da \u2013 prikladno za ogrlicu ili oprsnicu<\/p>\n<\/li>\n<li data-start=\"202\" data-end=\"250\">\n<p data-start=\"204\" data-end=\"250\">Otporan na vjetar za za\u0161titu po hladnom vremenu<\/p>\n<\/li>\n<li data-start=\"251\" data-end=\"292\">\n<p data-start=\"253\" data-end=\"292\">Reflektiraju\u0107i elementi za bolju vidljivost<\/p>\n<\/li>\n<li data-start=\"293\" data-end=\"351\">\n<p data-start=\"295\" data-end=\"351\">Podesiva vezica kod ovratnika za savr\u0161eno pristajanje<\/p>\n<\/li>\n<li data-start=\"352\" data-end=\"390\">\n<p data-start=\"354\" data-end=\"390\">Remen oko trbuha sa sigurnosnom kop\u010dom<\/p>\n<\/li>\n<li data-start=\"391\" data-end=\"452\">\n<p data-start=\"393\" data-end=\"452\">Podesive om\u010de za stra\u017enje \u0161ape \u2013 kaputi\u0107 ostaje na mjestu<\/p>\n<\/li>\n<\/ul>\n<p>&nbsp;<\/p>\n<p>&nbsp;<\/p>\n","protected":false},"excerpt":{"rendered":"Topao i elegantan pse\u0107i kaputi\u0107 koji tvom ljubimcu pru\u017ea udobnost i vrhunsku za\u0161titu od vjetra i ki\u0161e, a istovremeno, zahvaljuju\u0107i reflektiraju\u0107im elementima, osigurava njegovu vidljivost i u mraku. Prilagodljiv dizajn s vodootpornim zatvara\u010dima, udobnim kop\u010danjem i stabilnim om\u010dama za \u0161ape osigurava da \u0107e tvoj pas uvijek biti spreman za bezbri\u017ene, tople i suhe \u0161etnje. ","protected":false},"featured_media":131249,"comment_status":"open","ping_status":"closed","template":"","meta":{"_acf_changed":false,"inline_featured_image":false},"product_cat":[3764,3763,3683],"product_tag":[],"class_list":{"0":"post-158848","1":"product","2":"type-product","3":"status-publish","4":"has-post-thumbnail","6":"product_brand-trixie","7":"product_cat-kisni-kaputici","8":"product_cat-odjeca","9":"product_cat-psi","10":"pa_velikost-25cm","11":"pa_velikost-35cm","12":"pa_velikost-40cm","13":"pa_velikost-45cm","14":"pa_velikost-50cm","16":"first","17":"instock","18":"taxable","19":"shipping-taxable","20":"purchasable","21":"product-type-variable"},"acf":[],"gallery_images":[],"_links":{"self":[{"href":"https:\/\/www.hranazapse.si\/hr\/wp-json\/wp\/v2\/product\/158848","targetHints":{"allow":["GET"]}}],"collection":[{"href":"https:\/\/www.hranazapse.si\/hr\/wp-json\/wp\/v2\/product"}],"about":[{"href":"https:\/\/www.hranazapse.si\/hr\/wp-json\/wp\/v2\/types\/product"}],"replies":[{"embeddable":true,"href":"https:\/\/www.hranazapse.si\/hr\/wp-json\/wp\/v2\/comments?post=158848"}],"wp:featuredmedia":[{"embeddable":true,"href":"https:\/\/www.hranazapse.si\/hr\/wp-json\/wp\/v2\/media\/131249"}],"wp:attachment":[{"href":"https:\/\/www.hranazapse.si\/hr\/wp-json\/wp\/v2\/media?parent=158848"}],"wp:term":[{"taxonomy":"product_cat","embeddable":true,"href":"https:\/\/www.hranazapse.si\/hr\/wp-json\/wp\/v2\/product_cat?post=158848"},{"taxonomy":"product_tag","embeddable":true,"href":"https:\/\/www.hranazapse.si\/hr\/wp-json\/wp\/v2\/product_tag?post=158848"}],"curies":[{"name":"wp","href":"https:\/\/api.w.org\/{rel}","templated":true}]}}