{"id":159034,"date":"2025-01-31T09:39:11","date_gmt":"2025-01-31T08:39:11","guid":{"rendered":"https:\/\/www.hranazapse.si\/shop\/Bez kategorije\/versele-laga-nature-za-stakore\/"},"modified":"2025-01-31T09:39:11","modified_gmt":"2025-01-31T08:39:11","slug":"versele-laga-nature-za-stakore","status":"publish","type":"product","link":"https:\/\/www.hranazapse.si\/hr\/shop\/glodavci-i-ptice\/versele-laga-nature-za-stakore\/","title":{"rendered":"Versele Laga Nature za \u0161takore"},"content":{"rendered":"<p>Raznolika mje\u0161avina \u017eitarica za \u0161takore s crvima bra\u0161narima kao \u017eivotinjskim bjelan\u010devinama za uravnote\u017eenu dijetu.<\/p>\n<p>Raznolika mje\u0161avina hrane s dodatkom vitamina E za bolju otpornost. Visokoproteinski sastav za ljubimca punog energy. <\/p>\n<p><strong>Sastav:<\/strong> \u017eitarice (je\u010dam 8%), derivati biljnog podrijetla, povr\u0107e (gra\u0161ak 8%, raj\u010dica 2%), sjemenke, ekstrakti biljnih bjelan\u010devina, vo\u0107e (papaja 2%, gro\u017e\u0111ice 1,5%), insekti (crvi bra\u0161nari 4%), ora\u0161asti plodovi, minerali, kvasci, ulja i masti, za\u010dinsko bilje, FOS, MOS, neven, sjemenke gro\u017e\u0111a, alge, juka.<\/p>\n","protected":false},"excerpt":{"rendered":"<ul>\n \t<li>Sadr\u017ei \u017eivotinjske bjelan\u010devine<\/li>\n \t<li>Lako probavljivi sastojci<\/li>\n \t<li>Dodatak vitamina E<\/li>\n<\/ul>","protected":false},"featured_media":117972,"comment_status":"open","ping_status":"closed","template":"","meta":{"_acf_changed":false,"inline_featured_image":false},"product_cat":[3854,3856,3973],"product_tag":[],"class_list":{"0":"post-159034","1":"product","2":"type-product","3":"status-publish","4":"has-post-thumbnail","6":"product_brand-versele-laga","7":"product_cat-glodavci-i-ptice","8":"product_cat-hrana-za-glodavce","9":"product_cat-stakori","10":"pa_pakiranje-23-kg","11":"pa_pakiranje-700-g","13":"first","14":"instock","15":"taxable","16":"shipping-taxable","17":"purchasable","18":"product-type-variable"},"acf":[],"gallery_images":[],"_links":{"self":[{"href":"https:\/\/www.hranazapse.si\/hr\/wp-json\/wp\/v2\/product\/159034","targetHints":{"allow":["GET"]}}],"collection":[{"href":"https:\/\/www.hranazapse.si\/hr\/wp-json\/wp\/v2\/product"}],"about":[{"href":"https:\/\/www.hranazapse.si\/hr\/wp-json\/wp\/v2\/types\/product"}],"replies":[{"embeddable":true,"href":"https:\/\/www.hranazapse.si\/hr\/wp-json\/wp\/v2\/comments?post=159034"}],"wp:featuredmedia":[{"embeddable":true,"href":"https:\/\/www.hranazapse.si\/hr\/wp-json\/wp\/v2\/media\/117972"}],"wp:attachment":[{"href":"https:\/\/www.hranazapse.si\/hr\/wp-json\/wp\/v2\/media?parent=159034"}],"wp:term":[{"taxonomy":"product_cat","embeddable":true,"href":"https:\/\/www.hranazapse.si\/hr\/wp-json\/wp\/v2\/product_cat?post=159034"},{"taxonomy":"product_tag","embeddable":true,"href":"https:\/\/www.hranazapse.si\/hr\/wp-json\/wp\/v2\/product_tag?post=159034"}],"curies":[{"name":"wp","href":"https:\/\/api.w.org\/{rel}","templated":true}]}}