{"id":159046,"date":"2025-02-18T09:19:42","date_gmt":"2025-02-18T08:19:42","guid":{"rendered":"https:\/\/www.hranazapse.si\/shop\/Bez kategorije\/piper-prepelica-i-brusnice\/"},"modified":"2025-02-18T09:19:42","modified_gmt":"2025-02-18T08:19:42","slug":"piper-prepelica-i-brusnice","status":"publish","type":"product","link":"https:\/\/www.hranazapse.si\/hr\/shop\/psi\/piper-prepelica-i-brusnice\/","title":{"rendered":"PIPER Prepelica i brusnice"},"content":{"rendered":"<p><strong>Sastav: <\/strong><\/p>\n<p>Meso i proizvodi \u017eivotinjskog podrijetla 65% (teletina 10%, prepelica 10%, pile\u0107a jetra 6%, svinjetina 5%, tele\u0107a srca 5%), juha, vo\u0107e (brusnice 4%), minerali, ulja i masti (laneno ulje 0,2%), su\u0161eni ru\u017emarin 0,01%.<\/p>\n<p><strong>Analiti\u010dki sastav: <\/strong><\/p>\n<p>Sirove bjelan\u010devine 10 %, Sirove masti 7 %, Sirovi pepeo 2,5 %, Sirova vlakna 0,8 %, Vlaga 78 %, Kalcij 0,3 %, Fosfor 0,25 %.<\/p>\n<p><strong>Prehranski dodaci\/kg: <\/strong><\/p>\n<p>vitamin D3 \u2013 450 IJ, vitamin E \u2013 40 mg, cink (cinkov oksid) \u2013 30 mg, mangan (manganov (II) oksid) \u2013 2 mg, bakar (bakrov (II) sulfat, pentahidrat) \u2013 0,4 mg, jod (oblo\u017eeni, granulirani kalcijev jodat, bezvodni) \u2013 0,3 mg.<\/p>\n","protected":false},"excerpt":{"rendered":"Potpuna mokra hrana za odrasle pse svih pasmina. Receptura sadr\u017ei visok udio mesa, a za jo\u0161 ukusnije iskustvo dodani su meso prepelice, brusnice i laneno ulje, koji se brinu za urednu probavu te zdravu i sjajnu dlaku. ","protected":false},"featured_media":119342,"comment_status":"open","ping_status":"closed","template":"","meta":{"_acf_changed":false,"inline_featured_image":false},"product_cat":[3689,3688,3683],"product_tag":[],"class_list":{"0":"post-159046","1":"product","2":"type-product","3":"status-publish","4":"has-post-thumbnail","6":"product_brand-piper","7":"product_cat-mokra-hrana-za-pse","8":"product_cat-pasja-hrana","9":"product_cat-psi","10":"pa_pakiranje-400-g","11":"pa_pakiranje-800-g","12":"pa_posebne-potrebe-bez-zitarica","13":"pa_posebne-potrebe-podrska-probavi","14":"pa_posebne-potrebe-podrska-za-kozu-i-dlaku","15":"pa_starostno-obdobje-odrasli","16":"pa_velikost-pasme-mali","17":"pa_velikost-pasme-srednji","18":"pa_velikost-pasme-veliki","19":"pa_zivalska-beljakovina-mijesano-meso","20":"pa_zivalska-beljakovina-prepelica","22":"first","23":"instock","24":"taxable","25":"shipping-taxable","26":"purchasable","27":"product-type-variable"},"acf":[],"gallery_images":[],"_links":{"self":[{"href":"https:\/\/www.hranazapse.si\/hr\/wp-json\/wp\/v2\/product\/159046","targetHints":{"allow":["GET"]}}],"collection":[{"href":"https:\/\/www.hranazapse.si\/hr\/wp-json\/wp\/v2\/product"}],"about":[{"href":"https:\/\/www.hranazapse.si\/hr\/wp-json\/wp\/v2\/types\/product"}],"replies":[{"embeddable":true,"href":"https:\/\/www.hranazapse.si\/hr\/wp-json\/wp\/v2\/comments?post=159046"}],"wp:featuredmedia":[{"embeddable":true,"href":"https:\/\/www.hranazapse.si\/hr\/wp-json\/wp\/v2\/media\/119342"}],"wp:attachment":[{"href":"https:\/\/www.hranazapse.si\/hr\/wp-json\/wp\/v2\/media?parent=159046"}],"wp:term":[{"taxonomy":"product_cat","embeddable":true,"href":"https:\/\/www.hranazapse.si\/hr\/wp-json\/wp\/v2\/product_cat?post=159046"},{"taxonomy":"product_tag","embeddable":true,"href":"https:\/\/www.hranazapse.si\/hr\/wp-json\/wp\/v2\/product_tag?post=159046"}],"curies":[{"name":"wp","href":"https:\/\/api.w.org\/{rel}","templated":true}]}}