{"id":159161,"date":"2025-09-10T15:36:59","date_gmt":"2025-09-10T13:36:59","guid":{"rendered":"https:\/\/www.hranazapse.si\/shop\/Bez kategorije\/farrado-kobasice-noj-190g\/"},"modified":"2025-09-10T15:36:59","modified_gmt":"2025-09-10T13:36:59","slug":"farrado-kobasice-noj-190g","status":"publish","type":"product","link":"https:\/\/www.hranazapse.si\/hr\/shop\/psi\/pasja-hrana\/poslastice-za-pse\/vise-od-90-mesa\/farrado-kobasice-noj-190g\/","title":{"rendered":"Farrado kobasice noj 190g"},"content":{"rendered":"<p><strong>Sastav:<\/strong> 98 % nojevog mi\u0161i\u0107nog mesa, 2 % kolagenska ovojnica (mo\u017ee sadr\u017eavati tragove drugih \u017eivotinja)<\/p>\n<p><strong>Analiti\u010dki sastav:<\/strong> sirovi proteini 51 %, sirove masti 21,4 %, sirovi pepeo 4,2 %, sirova vlakna 1,9 %<\/p>\n<p><strong>Veli\u010dina:<\/strong> 14cm<\/p>\n","protected":false},"excerpt":{"rendered":"Farrado mesne kobasice od nojevog mesa su prirodni pse\u0107i poslastice bez \u017eitarica, glutena, \u0161e\u0107era i umjetnih sastojaka. Prikladne i za alergi\u010dare i prehrambeno osjetljive pse. ","protected":false},"featured_media":128402,"comment_status":"open","ping_status":"closed","template":"","meta":{"_acf_changed":false,"inline_featured_image":false},"product_cat":[3713,3688,3684,3683,3681],"product_tag":[],"class_list":{"0":"post-159161","1":"product","2":"type-product","3":"status-publish","4":"has-post-thumbnail","6":"product_brand-farrado","7":"product_cat-mekane-poslastice","8":"product_cat-pasja-hrana","9":"product_cat-poslastice-za-pse","10":"product_cat-psi","11":"product_cat-vise-od-90-mesa","12":"pa_pakiranje-190g","13":"pa_posebne-potrebe-alergije","14":"pa_posebne-potrebe-bez-zitarica","15":"pa_posebne-potrebe-monoprotein","16":"pa_posebne-potrebe-osjetljiv-ljubimac","17":"pa_starostno-obdobje-odrasli","18":"pa_starostno-obdobje-seniori","19":"pa_velikost-pasme-mali","20":"pa_velikost-pasme-srednji","21":"pa_velikost-pasme-veliki","22":"pa_zivalska-beljakovina-noj","24":"first","25":"instock","26":"taxable","27":"shipping-taxable","28":"purchasable","29":"product-type-variable"},"acf":[],"gallery_images":[],"_links":{"self":[{"href":"https:\/\/www.hranazapse.si\/hr\/wp-json\/wp\/v2\/product\/159161","targetHints":{"allow":["GET"]}}],"collection":[{"href":"https:\/\/www.hranazapse.si\/hr\/wp-json\/wp\/v2\/product"}],"about":[{"href":"https:\/\/www.hranazapse.si\/hr\/wp-json\/wp\/v2\/types\/product"}],"replies":[{"embeddable":true,"href":"https:\/\/www.hranazapse.si\/hr\/wp-json\/wp\/v2\/comments?post=159161"}],"wp:featuredmedia":[{"embeddable":true,"href":"https:\/\/www.hranazapse.si\/hr\/wp-json\/wp\/v2\/media\/128402"}],"wp:attachment":[{"href":"https:\/\/www.hranazapse.si\/hr\/wp-json\/wp\/v2\/media?parent=159161"}],"wp:term":[{"taxonomy":"product_cat","embeddable":true,"href":"https:\/\/www.hranazapse.si\/hr\/wp-json\/wp\/v2\/product_cat?post=159161"},{"taxonomy":"product_tag","embeddable":true,"href":"https:\/\/www.hranazapse.si\/hr\/wp-json\/wp\/v2\/product_tag?post=159161"}],"curies":[{"name":"wp","href":"https:\/\/api.w.org\/{rel}","templated":true}]}}