{"id":159221,"date":"2025-08-28T16:15:37","date_gmt":"2025-08-28T14:15:37","guid":{"rendered":"https:\/\/www.hranazapse.si\/shop\/Bez kategorije\/belcando-adult-gf-horse\/"},"modified":"2025-08-28T16:15:37","modified_gmt":"2025-08-28T14:15:37","slug":"belcando-adult-gf-horse","status":"publish","type":"product","link":"https:\/\/www.hranazapse.si\/hr\/shop\/psi\/belcando-adult-gf-horse\/","title":{"rendered":"Belcando Adult GF Horse"},"content":{"rendered":"<p><strong>Sastojci:<\/strong> svje\u017ee konjsko meso, srce, jetra, plu\u0107a 40 %, gra\u0161kino bra\u0161no, krumpirovi \u0161krob, suhi konjski proteini 12 %, amarant 5 %, grahovo bra\u0161no (Vicia faba), pekarski rezanci bez \u0161e\u0107era, morski zooplankton (kril 2,5 %), suhi pivski kvasac, suhe mahune roga\u010da, gra\u0161kini proteini, lososovo ulje, hidrolizirani kvasac, chia sjemenke, ulje nevena 1 %, kalijev klorid, natrijev klorid, suho bilje (ukupno: 0,2 %, listovi koprive, korijen gorkog lijeka, masla\u010dak, kamilica, hajdu\u010dka trava, kim, imela, bokvica, listovi kupine<\/p>\n<p><strong>Analiza sastojaka:<\/strong> proteini 21 %, masti 10 %, pepeo 7,7 %, vlakna 3 %, vlaga 10 %, kalcij 1,7 %, fosfor 1,2 %, natrij 0,4 %<\/p>\n<p><strong>Prehrambeni dodaci:<\/strong> Vitamin A 13.000 IU; Vitamin D3 1.300 IU; Vitamin E 130 mg; Taurin 500 mg; Bakar (kao bakrov(II) sulfat pentahidrat) 12,5 mg; \u017deljezo (kao \u017eeljezov(II) sulfat monohidrat) 200 mg; Mangan (kao manganov(II) oksid) 40 mg; Cink (kao cinkov oksid) 125 mg; Jod (kao kalcijev jodat, bezvodni) 2 mg; Selen (kao natrijev selenit) 0,05 mg<\/p>\n<p><strong>Amarant<\/strong> je dragocjena zamjena za \u017eitarice, prikladna i za pse s alergijama. Sadr\u017ei lako probavljive proteine s uravnote\u017eenim aminokiselinama, bogat je \u017eeljezom, magnezijem, kalcijem i cinkom, kao i vitaminima B skupine koji podupiru metabolizam, zdravu krv, kosti i \u017eiv\u010dani sustav. Osim toga, amarant doprinosi zdravoj probavi zahvaljuju\u0107i vlaknima, poma\u017ee regulirati razinu \u0161e\u0107era u krvi te djeluje antioksidativno, \u0161to ja\u010da imunolo\u0161ki sustav i op\u0107u vitalnost psa.  <\/p>\n<p><strong>Kril<\/strong> je iznimno hranjiv izvor \u017eivotinjskih proteina i masti, bogat prirodnim omega-3 masnim kiselinama (EPA i DHA) koje podupiru zdravu ko\u017eu, sjajnu dlaku te rad srca i mozga. Sadr\u017ei i antioksidans astaksantin koji \u0161titi stanice od oksidativnog stresa i ja\u010da imunolo\u0161ki sustav. Osim toga, kril donosi dragocjene enzime te prirodne vitamine i minerale koji doprinose ve\u0107oj vitalnosti i op\u0107oj dobrobiti psa.  <\/p>\n<p><strong>Konjsko meso<\/strong> spada me\u0111u lako probavljive izvore proteina i stoga je prikladno i za pse s osjetljivom probavom ili prehrambenim intolerancijama. Bogato je nezasi\u0107enim omega-3 i omega-6 masnim kiselinama koje podupiru zdravu ko\u017eu, sjajnu dlaku te rad srca. Osim toga sadr\u017ei 11 esencijalnih aminokiselina, vitamine B skupine (B12, B6, B3) te visok udio \u017eeljeza i kalcija.  <\/p>\n","protected":false},"excerpt":{"rendered":"Belcando Adult grain free Horse odli\u010dan je izbor za pse s osjetljivom probavom ili alergijom na \u017eitarice. Glavni sastojak je svje\u017ee konjsko meso \u2013 jedna od najlak\u0161e probavljivih vrsta mesa, bogata omega-3 i omega-6 masnim kiselinama, 11 aminokiselina te vitaminima B12, B6 i B3. Osim toga sadr\u017ei puno \u017eeljeza i kalcija koji podupiru zdravlje i vitalnost psa.  \n\nReceptura uklju\u010duje amarant, dragocjen izvor hranjivih tvari, te kril koji osigurava prirodan izvor omega-3 masnih kiselina, astaksantina i enzima. Zajedno \u010dine savr\u0161enu kombinaciju za uravnote\u017een i hranjiv obrok. \n\nHrana sadr\u017ei \u010dak 65 % \u017eivotinjskih proteina (60 % iz konjskog mesa i 5 % iz ribe\/krila) te je potpuno bez \u017eitarica, soje, mlije\u010dnih proizvoda, umjetnih boja i konzervansa. Rezultat je kvalitetan obrok koji brine o dobrobiti i vitalnosti tvog psa. ","protected":false},"featured_media":127278,"comment_status":"open","ping_status":"closed","template":"","meta":{"_acf_changed":false,"inline_featured_image":false},"product_cat":[3688,3683,3745],"product_tag":[],"class_list":{"0":"post-159221","1":"product","2":"type-product","3":"status-publish","4":"has-post-thumbnail","6":"product_brand-belcando","7":"product_cat-pasja-hrana","8":"product_cat-psi","9":"product_cat-suha-hrana-za-pse","10":"pa_pakiranje-1-kg","11":"pa_pakiranje-4-kg","12":"pa_posebne-potrebe-alergije","13":"pa_posebne-potrebe-bez-glutena","14":"pa_posebne-potrebe-bez-zitarica","15":"pa_posebne-potrebe-opce-zdravlje","16":"pa_posebne-potrebe-osjetljiv-ljubimac","17":"pa_posebne-potrebe-podrska-probavi","18":"pa_posebne-potrebe-podrska-za-kozu-i-dlaku","19":"pa_starostno-obdobje-odrasli","20":"pa_velikost-pasme-mali","21":"pa_velikost-pasme-srednji","22":"pa_velikost-pasme-veliki","23":"pa_zivalska-beljakovina-konj","24":"pa_zivalska-beljakovina-morski-plodovi","25":"pa_zivalska-beljakovina-riba","27":"first","28":"instock","29":"taxable","30":"shipping-taxable","31":"purchasable","32":"product-type-variable"},"acf":[],"gallery_images":[],"_links":{"self":[{"href":"https:\/\/www.hranazapse.si\/hr\/wp-json\/wp\/v2\/product\/159221","targetHints":{"allow":["GET"]}}],"collection":[{"href":"https:\/\/www.hranazapse.si\/hr\/wp-json\/wp\/v2\/product"}],"about":[{"href":"https:\/\/www.hranazapse.si\/hr\/wp-json\/wp\/v2\/types\/product"}],"replies":[{"embeddable":true,"href":"https:\/\/www.hranazapse.si\/hr\/wp-json\/wp\/v2\/comments?post=159221"}],"wp:featuredmedia":[{"embeddable":true,"href":"https:\/\/www.hranazapse.si\/hr\/wp-json\/wp\/v2\/media\/127278"}],"wp:attachment":[{"href":"https:\/\/www.hranazapse.si\/hr\/wp-json\/wp\/v2\/media?parent=159221"}],"wp:term":[{"taxonomy":"product_cat","embeddable":true,"href":"https:\/\/www.hranazapse.si\/hr\/wp-json\/wp\/v2\/product_cat?post=159221"},{"taxonomy":"product_tag","embeddable":true,"href":"https:\/\/www.hranazapse.si\/hr\/wp-json\/wp\/v2\/product_tag?post=159221"}],"curies":[{"name":"wp","href":"https:\/\/api.w.org\/{rel}","templated":true}]}}