{"id":159309,"date":"2025-09-10T15:29:05","date_gmt":"2025-09-10T13:29:05","guid":{"rendered":"https:\/\/www.hranazapse.si\/shop\/Bez kategorije\/farrado-kobasice-klokan-190g\/"},"modified":"2025-09-10T15:29:05","modified_gmt":"2025-09-10T13:29:05","slug":"farrado-kobasice-klokan-190g","status":"publish","type":"product","link":"https:\/\/www.hranazapse.si\/hr\/shop\/psi\/pasja-hrana\/poslastice-za-pse\/vise-od-90-mesa\/farrado-kobasice-klokan-190g\/","title":{"rendered":"Farrado kobasice klokan 190g"},"content":{"rendered":"<p><strong>Sastav:<\/strong> 98 % mi\u0161i\u0107no meso klokana, 2 % kolagenski omota\u010d (mo\u017ee sadr\u017eavati tragove drugih \u017eivotinja)<\/p>\n<p><strong>Analiti\u010dki sastav:<\/strong> sirove bjelan\u010devine 64,2 %, sirove masti 16,8 %, sirovi pepeo 5 %, sirova vlaknina 1,6 %<\/p>\n<p><strong>Veli\u010dina:<\/strong> 14 cm<\/p>\n","protected":false},"excerpt":{"rendered":"Farrado mesne kobasice od mesa klokana prirodne su poslastice za pse bez \u017eitarica, glutena, \u0161e\u0107era i umjetnih sastojaka. Prikladne su i za alergi\u010dare te prehrambeno osjetljive pse. ","protected":false},"featured_media":128399,"comment_status":"open","ping_status":"closed","template":"","meta":{"_acf_changed":false,"inline_featured_image":false},"product_cat":[3713,3684,3683,3710,3681],"product_tag":[],"class_list":{"0":"post-159309","1":"product","2":"type-product","3":"status-publish","4":"has-post-thumbnail","6":"product_brand-farrado","7":"product_cat-mekane-poslastice","8":"product_cat-poslastice-za-pse","9":"product_cat-psi","10":"product_cat-razno","11":"product_cat-vise-od-90-mesa","12":"pa_pakiranje-190g","13":"pa_posebne-potrebe-alergije","14":"pa_posebne-potrebe-bez-zitarica","15":"pa_starostno-obdobje-odrasli","16":"pa_starostno-obdobje-seniori","17":"pa_velikost-pasme-mali","18":"pa_velikost-pasme-srednji","19":"pa_velikost-pasme-veliki","20":"pa_zivalska-beljakovina-klokan","22":"first","23":"instock","24":"taxable","25":"shipping-taxable","26":"purchasable","27":"product-type-variable"},"acf":[],"gallery_images":[],"_links":{"self":[{"href":"https:\/\/www.hranazapse.si\/hr\/wp-json\/wp\/v2\/product\/159309","targetHints":{"allow":["GET"]}}],"collection":[{"href":"https:\/\/www.hranazapse.si\/hr\/wp-json\/wp\/v2\/product"}],"about":[{"href":"https:\/\/www.hranazapse.si\/hr\/wp-json\/wp\/v2\/types\/product"}],"replies":[{"embeddable":true,"href":"https:\/\/www.hranazapse.si\/hr\/wp-json\/wp\/v2\/comments?post=159309"}],"wp:featuredmedia":[{"embeddable":true,"href":"https:\/\/www.hranazapse.si\/hr\/wp-json\/wp\/v2\/media\/128399"}],"wp:attachment":[{"href":"https:\/\/www.hranazapse.si\/hr\/wp-json\/wp\/v2\/media?parent=159309"}],"wp:term":[{"taxonomy":"product_cat","embeddable":true,"href":"https:\/\/www.hranazapse.si\/hr\/wp-json\/wp\/v2\/product_cat?post=159309"},{"taxonomy":"product_tag","embeddable":true,"href":"https:\/\/www.hranazapse.si\/hr\/wp-json\/wp\/v2\/product_tag?post=159309"}],"curies":[{"name":"wp","href":"https:\/\/api.w.org\/{rel}","templated":true}]}}