{"id":159330,"date":"2025-10-22T17:03:20","date_gmt":"2025-10-22T15:03:20","guid":{"rendered":"https:\/\/www.hranazapse.si\/shop\/Bez kategorije\/synbiotic-d-c-prebioticka-i-probioticka-formula-za-pse-i-macke\/"},"modified":"2025-10-22T17:03:20","modified_gmt":"2025-10-22T15:03:20","slug":"synbiotic-d-c-prebioticka-i-probioticka-formula-za-pse-i-macke","status":"publish","type":"product","link":"https:\/\/www.hranazapse.si\/hr\/shop\/psi\/synbiotic-d-c-prebioticka-i-probioticka-formula-za-pse-i-macke\/","title":{"rendered":"SYNBIOTIC D-C prebioti\u010dka i probioti\u010dka formula za pse i ma\u010dke"},"content":{"rendered":"<p data-start=\"595\" data-end=\"1069\">Svaka kapsula sadr\u017ei <strong data-start=\"617\" data-end=\"675\">probiotik Enterococcus faecium (DSM 10663\/NCIMB 10415)<\/strong>, koji poti\u010de rast korisnih bakterija u crijevima i otporan je na kiselo okru\u017eenje \u017eeluca \u2013 \u0161to osigurava da organizam iskoristi cijelu dozu. Dodan je i <strong data-start=\"834\" data-end=\"855\">prebiotik Preplex<\/strong> (kombinacija fruktooligosaharida \u2013 FOS i gumiarabike), koji hrani dobre bakterije i poti\u010de raznoliku, zdravu crijevnu mikrobiotu, \u0161to mo\u017ee pridonijeti boljoj probavi i u\u010dinkovitijoj apsorpciji hranjivih tvari. <\/p>\n<p data-start=\"1071\" data-end=\"1340\">Protexin kapsule su jednostavne za upotrebu \u2013 <strong data-start=\"1114\" data-end=\"1131\">jednom dnevno<\/strong> ih mo\u017ee\u0161 ponuditi kao cijelu kapsulu ili sadr\u017eaj jednostavno istresti na hranu. To omogu\u0107uje jednostavnu uklju\u010divanje u svakodnevnu rutinu njege tvog ljubimca. Po potrebi doziranje mo\u017ee prilagoditi veterinar.  <\/p>\n<h4 data-start=\"1342\" data-end=\"1367\">Klju\u010dne prednosti:<\/h4>\n<ul data-start=\"1368\" data-end=\"1691\">\n<li data-start=\"1368\" data-end=\"1426\">\n<p data-start=\"1370\" data-end=\"1426\"> <strong data-start=\"1373\" data-end=\"1411\">Podr\u0161ka zdravoj crijevnoj mikrobioti<\/strong> pasa i ma\u010daka<\/p>\n<\/li>\n<li data-start=\"1427\" data-end=\"1499\">\n<p data-start=\"1429\" data-end=\"1499\"> <strong data-start=\"1432\" data-end=\"1483\">Visoka koncentracija probiotika i prebiotika<\/strong> u jednoj kapsuli<\/p>\n<\/li>\n<li data-start=\"1500\" data-end=\"1557\">\n<p data-start=\"1502\" data-end=\"1557\"> <strong data-start=\"1505\" data-end=\"1526\">Jednostavna upotreba<\/strong> \u2013 kapsula ili posip po hrani<\/p>\n<\/li>\n<li data-start=\"1558\" data-end=\"1611\">\n<p data-start=\"1560\" data-end=\"1611\"> <strong data-start=\"1563\" data-end=\"1582\">Prirodni sastav<\/strong>, bez nepotrebnih dodataka<\/p>\n<\/li>\n<li data-start=\"1612\" data-end=\"1691\">\n<p data-start=\"1614\" data-end=\"1691\"> Poma\u017ee kod <strong data-start=\"1628\" data-end=\"1646\">bolje probave<\/strong>, <strong data-start=\"1648\" data-end=\"1669\">apsorpcije hranjivih tvari<\/strong> i op\u0107eg blagostanja<\/p>\n<\/li>\n<\/ul>\n<h4 data-start=\"1693\" data-end=\"1730\"> Sastav i aktivni sastojci:<\/h4>\n<ul data-start=\"1731\" data-end=\"1947\">\n<li data-start=\"1731\" data-end=\"1846\">\n<p data-start=\"1733\" data-end=\"1846\"><strong data-start=\"1733\" data-end=\"1746\">Probiotik<\/strong>: <em data-start=\"1748\" data-end=\"1770\">Enterococcus faecium<\/em> (DSM 10663\/NCIMB 10415) 4b1707<br data-start=\"1801\" data-end=\"1804\"\/>\u2013 1 \u00d7 10\u00b9\u00b3 CFU\/kg; 2 \u00d7 10\u2079 CFU\/kapsuli<\/p>\n<\/li>\n<li data-start=\"1847\" data-end=\"1915\">\n<p data-start=\"1849\" data-end=\"1915\"><strong data-start=\"1849\" data-end=\"1870\">Prebiotik Preplex<\/strong> (fruktooligosaharidi + gumiarabika)<\/p>\n<\/li>\n<li data-start=\"1916\" data-end=\"1947\">\n<p data-start=\"1918\" data-end=\"1947\">Kapsula, magnezijev stearat<\/p>\n<\/li>\n<\/ul>\n<h4 data-start=\"1949\" data-end=\"1979\"> Upute za upotrebu:<\/h4>\n<ul data-start=\"1980\" data-end=\"2128\">\n<li data-start=\"1980\" data-end=\"2049\">\n<p data-start=\"1982\" data-end=\"2049\">Daj <strong data-start=\"1988\" data-end=\"2010\">jednu kapsulu dnevno<\/strong>, osim ako veterinar ne savjetuje druga\u010dije.<\/p>\n<\/li>\n<li data-start=\"2050\" data-end=\"2128\">\n<p data-start=\"2052\" data-end=\"2128\">Kapsulu mo\u017ee\u0161 ponuditi cijelu ili je otvoriti te sadr\u017eaj posuti po hrani.<\/p>\n<\/li>\n<\/ul>\n","protected":false},"excerpt":{"rendered":"Protexin Veterinary Synbiotic D-C kapsule osmi\u0161ljene su kao prirodno rje\u0161enje za podr\u0161ku uravnote\u017eenoj crijevnoj mikrobioti kod pasa i ma\u010daka. Jedinstvenom kombinacijom visoko koncentriranih probiotika i prebiotika poma\u017eu u odr\u017eavanju zdrave probave, ja\u010daju otpornost crijeva te pridonose op\u0107em dobrom stanju tvog ljubimca. ","protected":false},"featured_media":130665,"comment_status":"open","ping_status":"closed","template":"","meta":{"_acf_changed":false,"inline_featured_image":false},"product_cat":[3735,3701,3703,3704,3691,3736,3683],"product_tag":[],"class_list":{"0":"post-159330","1":"product","2":"type-product","3":"status-publish","4":"has-post-thumbnail","6":"product_cat-dodaci","7":"product_cat-dodaci-prehrani","8":"product_cat-imunoloski-sustav","9":"product_cat-koza-i-dlaka","10":"product_cat-macke","11":"product_cat-probava","12":"product_cat-psi","13":"pa_pakiranje-50-kapsula","14":"pa_posebne-potrebe-podrska-probavi","16":"first","17":"instock","18":"taxable","19":"shipping-taxable","20":"purchasable","21":"product-type-variable"},"acf":[],"gallery_images":[],"_links":{"self":[{"href":"https:\/\/www.hranazapse.si\/hr\/wp-json\/wp\/v2\/product\/159330","targetHints":{"allow":["GET"]}}],"collection":[{"href":"https:\/\/www.hranazapse.si\/hr\/wp-json\/wp\/v2\/product"}],"about":[{"href":"https:\/\/www.hranazapse.si\/hr\/wp-json\/wp\/v2\/types\/product"}],"replies":[{"embeddable":true,"href":"https:\/\/www.hranazapse.si\/hr\/wp-json\/wp\/v2\/comments?post=159330"}],"wp:featuredmedia":[{"embeddable":true,"href":"https:\/\/www.hranazapse.si\/hr\/wp-json\/wp\/v2\/media\/130665"}],"wp:attachment":[{"href":"https:\/\/www.hranazapse.si\/hr\/wp-json\/wp\/v2\/media?parent=159330"}],"wp:term":[{"taxonomy":"product_cat","embeddable":true,"href":"https:\/\/www.hranazapse.si\/hr\/wp-json\/wp\/v2\/product_cat?post=159330"},{"taxonomy":"product_tag","embeddable":true,"href":"https:\/\/www.hranazapse.si\/hr\/wp-json\/wp\/v2\/product_tag?post=159330"}],"curies":[{"name":"wp","href":"https:\/\/api.w.org\/{rel}","templated":true}]}}