{"id":159406,"date":"2025-05-16T14:32:00","date_gmt":"2025-05-16T12:32:00","guid":{"rendered":"https:\/\/www.hranazapse.si\/shop\/Bez kategorije\/buddy-free-range-duck\/"},"modified":"2025-05-16T14:32:00","modified_gmt":"2025-05-16T12:32:00","slug":"buddy-free-range-duck","status":"publish","type":"product","link":"https:\/\/www.hranazapse.si\/hr\/shop\/psi\/buddy-free-range-duck\/","title":{"rendered":"Buddy Free-Range Duck"},"content":{"rendered":"<p> <strong> Sastav:<\/strong> Dehidrirana patka (44%), svje\u017ea patka (26%), pile\u0107a mast (10%), gra\u0161ak (9%), slatki krumpir (4%), hidrolizirani pile\u0107i jetra (2%), lososovo ulje (2%), osu\u0161ena jabu\u010dna pulpa (2%), mrkva (0,5%), osu\u0161ene alge (Ascophyllum nodosum, 0,4%), glukozamin (0,026%), kondroitin sulfat (0,016%), manan-oligosaharidi (0,015%), frukto-oligosaharidi (0,012%), Mojave yucca (0,01%), osu\u0161eni citrus (0,006%), osu\u0161ena kurkuma (0,006%), osu\u0161eni ru\u017emarin (0,006%).<\/p>\n<p><strong>Analiti\u010dki sastav:<\/strong> Proteini 36%, masti 18%, vlaga 10%, pepeo 7,8%, biljne vlaknine 2,5%, kalcij 1,7%, fosfor 1,3%, natrij 0,3%, omega-3 masne kiseline 0,35%, omega-6 masne kiseline 2,2%. Prehrambeni dodaci (po kg): Vitamin A (3a672a) 20.000 IU, vitamin D3, (3a671) 1.500 IU, vitamin E (3a700) 400 mg, biotin (3a880) 0,6 mg, cink (3b612) 85 mg, \u017eeljezo (3b107) 75 mg, mangan (3b5054) 35 mg, jod (3b201) 0,7 mg, bakar (3b407) 15 mg, selen (3b810) 0,2 mg. Sadr\u017ei prirodne antiokside: ekstrakt tokoferola iz biljnog ulja (1b306(i)), askorbil palmitat (1b304). Metaboli\u010dka energija: 4.000 kcal\/kg.   <\/p>\n","protected":false},"excerpt":{"rendered":"Visokoenergijska potpuna hrana za aktivne pse i velike pasmine. Svje\u017ea patka, slatki krumpir i superhrana osiguravaju dodatnu dozu proteina i masti za rast mi\u0161i\u0107a te zdrava tkiva i kosti. Prirodni sastojci podr\u017eavaju zdravu probavu i ja\u010daju imunski sustav  ","protected":false},"featured_media":122833,"comment_status":"open","ping_status":"closed","template":"","meta":{"_acf_changed":false,"inline_featured_image":false},"product_cat":[3688,3683,3745],"product_tag":[],"class_list":{"0":"post-159406","1":"product","2":"type-product","3":"status-publish","4":"has-post-thumbnail","6":"product_brand-buddy-pet-foods","7":"product_cat-pasja-hrana","8":"product_cat-psi","9":"product_cat-suha-hrana-za-pse","10":"pa_pakiranje-12-kg","11":"pa_pakiranje-2-kg","12":"pa_pakiranje-5-kg","13":"pa_posebne-potrebe-aktivan-ljubimac","14":"pa_posebne-potrebe-bez-zitarica","15":"pa_posebne-potrebe-podrska-probavi","16":"pa_starostno-obdobje-odrasli","17":"pa_velikost-pasme-srednji","18":"pa_velikost-pasme-veliki","19":"pa_zivalska-beljakovina-patka","20":"pa_zivalska-beljakovina-piletina","22":"first","23":"instock","24":"taxable","25":"shipping-taxable","26":"purchasable","27":"product-type-variable"},"acf":[],"gallery_images":[],"_links":{"self":[{"href":"https:\/\/www.hranazapse.si\/hr\/wp-json\/wp\/v2\/product\/159406","targetHints":{"allow":["GET"]}}],"collection":[{"href":"https:\/\/www.hranazapse.si\/hr\/wp-json\/wp\/v2\/product"}],"about":[{"href":"https:\/\/www.hranazapse.si\/hr\/wp-json\/wp\/v2\/types\/product"}],"replies":[{"embeddable":true,"href":"https:\/\/www.hranazapse.si\/hr\/wp-json\/wp\/v2\/comments?post=159406"}],"wp:featuredmedia":[{"embeddable":true,"href":"https:\/\/www.hranazapse.si\/hr\/wp-json\/wp\/v2\/media\/122833"}],"wp:attachment":[{"href":"https:\/\/www.hranazapse.si\/hr\/wp-json\/wp\/v2\/media?parent=159406"}],"wp:term":[{"taxonomy":"product_cat","embeddable":true,"href":"https:\/\/www.hranazapse.si\/hr\/wp-json\/wp\/v2\/product_cat?post=159406"},{"taxonomy":"product_tag","embeddable":true,"href":"https:\/\/www.hranazapse.si\/hr\/wp-json\/wp\/v2\/product_tag?post=159406"}],"curies":[{"name":"wp","href":"https:\/\/api.w.org\/{rel}","templated":true}]}}