{"id":159877,"date":"2025-09-04T15:15:06","date_gmt":"2025-09-04T13:15:06","guid":{"rendered":"https:\/\/www.hranazapse.si\/shop\/Bez kategorije\/farrado-patka\/"},"modified":"2025-09-04T15:15:06","modified_gmt":"2025-09-04T13:15:06","slug":"farrado-patka","status":"publish","type":"product","link":"https:\/\/www.hranazapse.si\/hr\/shop\/psi\/farrado-patka\/","title":{"rendered":"Farrado PATKA"},"content":{"rendered":"<p><strong>Sastav:<\/strong> Svje\u017ee pa\u010dje meso 32 %, su\u0161eno pa\u010dje meso 28 %, krumpir 15 %, gra\u0161ak 13 %, pile\u0107e ulje*; laneno sjeme 3 %, kvasac, su\u0161ena \u0161e\u0107erna repa (bez \u0161e\u0107era), bobice bazge, morske alge, natrijev klorid, su\u0161ena cikorija, FOS, MOS, ekstrakt juke, ekstrakti gro\u017e\u0111a, ananasa, \u0161ipka i nara.<\/p>\n<p><strong>Analiti\u010dki sastojci:<\/strong> Sirove bjelan\u010devine 29 %, sirove masti 18 %, sirovi pepeo 7,6 %, vlaga 8 %, sirova vlakna 2,6 %, kalcij 1,3 %, fosfor 1,1 %.<\/p>\n<p><strong>Dodaci\/kg:<\/strong> Vitamin A 15.000 i.j., vitamin D3 1.000 i.j., vitamin E 115 mg, bakar (II) sulfat pentahidrat 47 mg, \u017eeljezov karbonat 50 mg, manganov (II) oksid 62 mg, cinkov sulfat 148 mg, kalijev jodid 4,56 mg, natrij.<\/p>\n<p><strong>Za\u0161to odabrati Farrado krokete patka s krumpirom i gra\u0161kom?<\/strong><\/p>\n<p>&#8211; bez \u017eitarica i soje<\/p>\n<p>&#8211; bez govedine i mlije\u010dnih proizvoda<\/p>\n<p>&#8211; monoprotein formula \u2013 sadr\u017ei samo patku<\/p>\n<p>&#8211; nizak sadr\u017eaj masti (manje od 10 %)<\/p>\n<p>&#8211; bez umjetnih konzervansa, poja\u010diva\u010da okusa i boja<\/p>\n<p>&#8211; sadr\u017ei laneno sjeme, morske alge te FOS i MOS za potporu probavi i vitalnosti<\/p>\n<p>&#8211; proizvedeno u EU<\/p>\n","protected":false},"excerpt":{"rendered":"Farrado patka je potpuna hrana bez \u017eitarica za odrasle pse, pripremljena od pa\u017eljivo odabranih sastojaka za uravnote\u017eenu i raznoliku prehranu. Sadr\u017eaj bjelan\u010devina i masti prilago\u0111en je kako normalno aktivnim psima tako i onima s ve\u0107im stupnjem aktivnosti. \n\nMonoprotein formula sadr\u017ei samo lako probavljivo, nemasno pa\u010dje meso s manje od 10 % masti. Krumpir i gra\u0161ak zamjenjuju \u017eitarice kao probavljivi izvori ugljikohidrata koji osiguravaju dugotrajnu energiju. Dodatak lanenog sjemena, morskih algi te prebioti\u010dkih oligosaharida (FOS i MOS) podupire zdravu probavu, vitalnost i op\u0107u dobrobit psa.  ","protected":false},"featured_media":127374,"comment_status":"open","ping_status":"closed","template":"","meta":{"_acf_changed":false,"inline_featured_image":false},"product_cat":[3688,3683,3745],"product_tag":[],"class_list":{"0":"post-159877","1":"product","2":"type-product","3":"status-publish","4":"has-post-thumbnail","6":"product_brand-farrado","7":"product_cat-pasja-hrana","8":"product_cat-psi","9":"product_cat-suha-hrana-za-pse","10":"pa_pakiranje-12-kg","11":"pa_pakiranje-4-kg","12":"pa_posebne-potrebe-aktivan-ljubimac","13":"pa_posebne-potrebe-alergije","14":"pa_posebne-potrebe-bez-zitarica","15":"pa_posebne-potrebe-monoprotein","16":"pa_posebne-potrebe-opce-zdravlje","17":"pa_posebne-potrebe-osjetljiv-ljubimac","18":"pa_posebne-potrebe-podrska-probavi","19":"pa_starostno-obdobje-odrasli","20":"pa_velikost-pasme-mali","21":"pa_velikost-pasme-srednji","22":"pa_velikost-pasme-veliki","23":"pa_zivalska-beljakovina-patka","25":"first","26":"instock","27":"taxable","28":"shipping-taxable","29":"purchasable","30":"product-type-variable"},"acf":[],"gallery_images":[],"_links":{"self":[{"href":"https:\/\/www.hranazapse.si\/hr\/wp-json\/wp\/v2\/product\/159877","targetHints":{"allow":["GET"]}}],"collection":[{"href":"https:\/\/www.hranazapse.si\/hr\/wp-json\/wp\/v2\/product"}],"about":[{"href":"https:\/\/www.hranazapse.si\/hr\/wp-json\/wp\/v2\/types\/product"}],"replies":[{"embeddable":true,"href":"https:\/\/www.hranazapse.si\/hr\/wp-json\/wp\/v2\/comments?post=159877"}],"wp:featuredmedia":[{"embeddable":true,"href":"https:\/\/www.hranazapse.si\/hr\/wp-json\/wp\/v2\/media\/127374"}],"wp:attachment":[{"href":"https:\/\/www.hranazapse.si\/hr\/wp-json\/wp\/v2\/media?parent=159877"}],"wp:term":[{"taxonomy":"product_cat","embeddable":true,"href":"https:\/\/www.hranazapse.si\/hr\/wp-json\/wp\/v2\/product_cat?post=159877"},{"taxonomy":"product_tag","embeddable":true,"href":"https:\/\/www.hranazapse.si\/hr\/wp-json\/wp\/v2\/product_tag?post=159877"}],"curies":[{"name":"wp","href":"https:\/\/api.w.org\/{rel}","templated":true}]}}