{"id":159981,"date":"2025-01-27T12:22:48","date_gmt":"2025-01-27T11:22:48","guid":{"rendered":"https:\/\/www.hranazapse.si\/shop\/Bez kategorije\/puur-mjesavina-za-cincile-i-degue-500g\/"},"modified":"2025-01-27T12:22:48","modified_gmt":"2025-01-27T11:22:48","slug":"puur-mjesavina-za-cincile-i-degue-500g","status":"publish","type":"product","link":"https:\/\/www.hranazapse.si\/hr\/shop\/glodavci-i-ptice\/puur-mjesavina-za-cincile-i-degue-500g\/","title":{"rendered":"PUUR mje\u0161avina za \u010din\u010dile i degue 500g"},"content":{"rendered":"<div class=\"clearfix text-formatted field field--name-field-product-composition field--type-text-long field--label-above\">\n<div class=\"field__label\"><strong>Sastav:<\/strong> proizvodi biljnog podrijetla (4% timothy sijeno, 3% neven, 0,2% koprive), povr\u0107e (1% papar), \u017eitarice, vo\u0107e (4% \u0161ipak), ulja i masti, minerali<\/div>\n<\/div>\n<div class=\"clearfix text-formatted field field--name-field-product-analysis field--type-text-long field--label-above\">\n<div class=\"field__label\"><strong>Analiti\u010dki sastav: <\/strong>sirove bjelan\u010devine 13,6 %, sirove masti 2,4 %, sirova vlaknina 20 %, sirovi pepeo 6,1 %, kalcij 0,54 g\/kg, fosfor 0,34 g\/kg, natrij 0,03 g\/kg<\/div>\n<\/div>\n<div class=\"clearfix text-formatted field field--name-field-product-additives field--type-text-long field--label-above\">\n<div><\/div>\n<div class=\"clearfix text-formatted field field--name-field-product-manual field--type-text-long field--label-hidden field__item\">\u010cin\u010dila ili degu treba pribli\u017eno 30-45 grama hrane na dan, ovisno o \u017eivotnoj dobi i zdravstvenom stanju. Pobrini se da \u017eivotinje pojedu sve sastojke. Uvijek omogu\u0107i neograni\u010den pristup sijenu i svje\u017eoj vodi. \u010cuvaj na hladnom i tamnom mjestu.    <\/div>\n<\/div>\n<div class=\"clearfix text-formatted field field--name-field-product-composition field--type-text-long field--label-above\"><\/div>\n<div class=\"clearfix text-formatted field field--name-field-product-analysis field--type-text-long field--label-above\">\n<div class=\"field__item\">\n<p>&nbsp;<\/p>\n<\/div>\n<\/div>\n","protected":false},"excerpt":{"rendered":"<ul>\n \t<li>Bez dodanih umjetnih \u0161e\u0107era, \u0161to sprje\u010dava poreme\u0107aje prirodne razine \u0161e\u0107era<\/li>\n \t<li>Mje\u0161avina bogata vlaknima i s malo \u0161kroba, prilago\u0111ena njihovom osjetljivom probavnom sustavu<\/li>\n \t<li>Uravnote\u017een sastav s puno vlakana, dodanim vitaminima i elementima u tragovima pove\u0107at \u0107e vitalnost tvog ljubimca<\/li>\n \t<li>PUUR sadr\u017ei sve \u0161to tvoj ljubimac treba za dobar \u017eivot<\/li>\n \t<li>Bez umjetnih konzervansa, boja ili aroma<\/li>\n<\/ul>","protected":false},"featured_media":117663,"comment_status":"open","ping_status":"closed","template":"","meta":{"_acf_changed":false,"inline_featured_image":false},"product_cat":[3968,3854,3971],"product_tag":[],"class_list":{"0":"post-159981","1":"product","2":"type-product","3":"status-publish","4":"has-post-thumbnail","6":"product_cat-cincile","7":"product_cat-glodavci-i-ptice","8":"product_cat-zamorci","9":"pa_pakiranje-500-g","11":"first","12":"instock","13":"taxable","14":"shipping-taxable","15":"purchasable","16":"product-type-variable"},"acf":[],"gallery_images":[117662],"_links":{"self":[{"href":"https:\/\/www.hranazapse.si\/hr\/wp-json\/wp\/v2\/product\/159981","targetHints":{"allow":["GET"]}}],"collection":[{"href":"https:\/\/www.hranazapse.si\/hr\/wp-json\/wp\/v2\/product"}],"about":[{"href":"https:\/\/www.hranazapse.si\/hr\/wp-json\/wp\/v2\/types\/product"}],"replies":[{"embeddable":true,"href":"https:\/\/www.hranazapse.si\/hr\/wp-json\/wp\/v2\/comments?post=159981"}],"wp:featuredmedia":[{"embeddable":true,"href":"https:\/\/www.hranazapse.si\/hr\/wp-json\/wp\/v2\/media\/117663"}],"wp:attachment":[{"href":"https:\/\/www.hranazapse.si\/hr\/wp-json\/wp\/v2\/media?parent=159981"}],"wp:term":[{"taxonomy":"product_cat","embeddable":true,"href":"https:\/\/www.hranazapse.si\/hr\/wp-json\/wp\/v2\/product_cat?post=159981"},{"taxonomy":"product_tag","embeddable":true,"href":"https:\/\/www.hranazapse.si\/hr\/wp-json\/wp\/v2\/product_tag?post=159981"}],"curies":[{"name":"wp","href":"https:\/\/api.w.org\/{rel}","templated":true}]}}