{"id":160111,"date":"2025-02-18T09:12:29","date_gmt":"2025-02-18T08:12:29","guid":{"rendered":"https:\/\/www.hranazapse.si\/shop\/Bez kategorije\/piper-zec-i-jabuka\/"},"modified":"2025-02-18T09:12:29","modified_gmt":"2025-02-18T08:12:29","slug":"piper-zec-i-jabuka","status":"publish","type":"product","link":"https:\/\/www.hranazapse.si\/hr\/shop\/psi\/piper-zec-i-jabuka\/","title":{"rendered":"PIPER Zec i jabuka"},"content":{"rendered":"<p><strong>Sastav: <\/strong><\/p>\n<p>Meso i \u017eivotinjski proizvodi 65 % (govedina 10 %, svinjetina 10 %, zec 5 %, ze\u010dja jetra 5 %, svinjska srca 3 %, pile\u0107i \u017eeludci 3 %), ju\u0161na juha, vo\u0107e (jabuka 4 %), minerali, ulja i masti (laneno ulje 0,2 %), su\u0161eni ru\u017emarin 0,01 %.<\/p>\n<p><strong>Analiti\u010dki sastav: <\/strong><\/p>\n<p>Sirove bjelan\u010devine \u2013 10,0 %, sirova mast \u2013 7,0 %, sirovi pepeo \u2013 2,5 %, sirova vlakna \u2013 0,8 %, vlaga \u2013 78 %, kalcij \u2013 0,3 %, fosfor \u2013 0,25 %.<\/p>\n<p><strong>Prehrambeni dodaci\/kg: <\/strong><\/p>\n<p>vitamin D3 \u2013 450 IU, vitamin E \u2013 40 mg, cink (cinkov oksid) \u2013 30 mg, mangan (manganov (II) oksid) \u2013 2 mg, bakar (bakrov (II) sulfat, pentahidrat) \u2013 0,4 mg, jod (oblo\u017eeni, granulirani kalcijev jodat, bezvodni) \u2013 0,3 mg.<\/p>\n","protected":false},"excerpt":{"rendered":"<div class=\"woocommerce-product-details__short-description\">\n\nPotpuna mokra hrana za odrasle pse svih pasmina. Receptura sadr\u017ei visok udio mesa te ima za jo\u0161 ukusnije iskustvo dodana ze\u010dja jetra i jabuku. \n\n<\/div>","protected":false},"featured_media":119338,"comment_status":"open","ping_status":"closed","template":"","meta":{"_acf_changed":false,"inline_featured_image":false},"product_cat":[3689,3907,3688,3683],"product_tag":[],"class_list":{"0":"post-160111","1":"product","2":"type-product","3":"status-publish","4":"has-post-thumbnail","6":"product_brand-piper","7":"product_cat-mokra-hrana-za-pse","8":"product_cat-novi-proizvodi","9":"product_cat-pasja-hrana","10":"product_cat-psi","11":"pa_pakiranje-400-g","12":"pa_pakiranje-800-g","13":"pa_posebne-potrebe-bez-zitarica","14":"pa_posebne-potrebe-podrska-probavi","15":"pa_posebne-potrebe-podrska-za-kozu-i-dlaku","16":"pa_starostno-obdobje-odrasli","17":"pa_velikost-pasme-mali","18":"pa_velikost-pasme-srednji","19":"pa_velikost-pasme-veliki","20":"pa_zivalska-beljakovina-mijesano-meso","21":"pa_zivalska-beljakovina-zec","23":"first","24":"instock","25":"taxable","26":"shipping-taxable","27":"purchasable","28":"product-type-variable"},"acf":[],"gallery_images":[],"_links":{"self":[{"href":"https:\/\/www.hranazapse.si\/hr\/wp-json\/wp\/v2\/product\/160111","targetHints":{"allow":["GET"]}}],"collection":[{"href":"https:\/\/www.hranazapse.si\/hr\/wp-json\/wp\/v2\/product"}],"about":[{"href":"https:\/\/www.hranazapse.si\/hr\/wp-json\/wp\/v2\/types\/product"}],"replies":[{"embeddable":true,"href":"https:\/\/www.hranazapse.si\/hr\/wp-json\/wp\/v2\/comments?post=160111"}],"wp:featuredmedia":[{"embeddable":true,"href":"https:\/\/www.hranazapse.si\/hr\/wp-json\/wp\/v2\/media\/119338"}],"wp:attachment":[{"href":"https:\/\/www.hranazapse.si\/hr\/wp-json\/wp\/v2\/media?parent=160111"}],"wp:term":[{"taxonomy":"product_cat","embeddable":true,"href":"https:\/\/www.hranazapse.si\/hr\/wp-json\/wp\/v2\/product_cat?post=160111"},{"taxonomy":"product_tag","embeddable":true,"href":"https:\/\/www.hranazapse.si\/hr\/wp-json\/wp\/v2\/product_tag?post=160111"}],"curies":[{"name":"wp","href":"https:\/\/api.w.org\/{rel}","templated":true}]}}