{"id":160346,"date":"2025-06-23T10:31:04","date_gmt":"2025-06-23T08:31:04","guid":{"rendered":"https:\/\/www.hranazapse.si\/shop\/Bez kategorije\/nausi-tab-tablete-protiv-mucnine-za-pse-20-tableta\/"},"modified":"2025-06-23T10:31:04","modified_gmt":"2025-06-23T08:31:04","slug":"nausi-tab-tablete-protiv-mucnine-za-pse-20-tableta","status":"publish","type":"product","link":"https:\/\/www.hranazapse.si\/hr\/shop\/psi\/nausi-tab-tablete-protiv-mucnine-za-pse-20-tableta\/","title":{"rendered":"NAUSI TAB, tablete protiv mu\u010dnine za pse 20 tableta"},"content":{"rendered":"<p><strong>\u0110UMBIR \u2013<\/strong> ubla\u017eava mu\u010dninu i osje\u0107aj nagona na povra\u0107anje.<\/p>\n<p><strong>KAMILICA \u2013<\/strong> protuupalno, ubla\u017eava gr\u010deve, djeluje protiv nadutosti te pospje\u0161uje zacjeljivanje.<\/p>\n<p><strong>MATI\u010cNJAK \u2013<\/strong> pospje\u0161uje probavu, sprje\u010dava nadutost i uspje\u0161no otklanja gr\u010deve.<\/p>\n<p><strong>ANIS \u2013<\/strong> pospje\u0161uje probavu, sprje\u010dava nadutost i uspje\u0161no otklanja gr\u010deve.<\/p>\n<div class=\"ux-animated-accordion__toggle ux-animated-accordion__toggle--active\" role=\"button\" aria-expanded=\"true\"><strong>Namjena proizvoda<\/strong><\/div>\n<div class=\"ux-animated-accordion__content\">\n<div class=\"ux-animated-accordion__inner-content\">\n<ul>\n<li>sprje\u010davanje mu\u010dnine<\/li>\n<li>prije i tijekom vo\u017enje<\/li>\n<li>nakon operacije, kod dugotrajnog lije\u010denja lijekovima<\/li>\n<\/ul>\n<div class=\"ux-animated-accordion__toggle ux-animated-accordion__toggle--active\" role=\"button\" aria-expanded=\"true\"><strong>Doziranje i sastav<\/strong><\/div>\n<div class=\"ux-animated-accordion__content\">\n<div class=\"ux-animated-accordion__inner-content\">\n<p>30 minuta ili 1 sat prije vo\u017enje direktno u usta ili umije\u0161ati u vrlo malo mokre hrane. <\/p>\n<p>Doziranje prema tjelesnoj te\u017eini:<br \/>\ndo 10 kg: \u00bd tablete;<br \/>\nod 10-20 kg: 1 tableta;<br \/>\niznad 20 kg: 2 tablete.<\/p>\n<p>Ponovi nakon 3-4 sata u slu\u010daju dulje vo\u017enje.<\/p>\n<p>Sastav:<\/p>\n<p>meso i mesne nusproizvodi (piletina), jaja i proizvodi od jaja, ri\u017eino bra\u0161no, krumpirov \u0161krob, dekstroza, \u0111umbir 4,8 %, mati\u010dnjak, kamilica, islandski li\u0161aj, slatki korijen, anis.<\/p>\n<p>Ne sadr\u017ei alergene sastojke iz soje, kukuruza, mlijeka, govedine ili svinjetine.<\/p>\n<\/div>\n<\/div>\n<\/div>\n<\/div>\n","protected":false},"excerpt":{"rendered":"Pomo\u0107 u sprje\u010davanju mu\u010dnine","protected":false},"featured_media":124496,"comment_status":"open","ping_status":"closed","template":"","meta":{"_acf_changed":false,"inline_featured_image":false},"product_cat":[3701,4039,3792,3688,3736,3683,3920],"product_tag":[],"class_list":{"0":"post-160346","1":"product","2":"type-product","3":"status-publish","4":"has-post-thumbnail","6":"product_cat-dodaci-prehrani","7":"product_cat-ljeto","8":"product_cat-oprema","9":"product_cat-pasja-hrana","10":"product_cat-probava","11":"product_cat-psi","12":"product_cat-smirenje-stress","13":"pa_pakiranje-1-kom","15":"first","16":"instock","17":"taxable","18":"shipping-taxable","19":"purchasable","20":"product-type-variable"},"acf":[],"gallery_images":[],"_links":{"self":[{"href":"https:\/\/www.hranazapse.si\/hr\/wp-json\/wp\/v2\/product\/160346","targetHints":{"allow":["GET"]}}],"collection":[{"href":"https:\/\/www.hranazapse.si\/hr\/wp-json\/wp\/v2\/product"}],"about":[{"href":"https:\/\/www.hranazapse.si\/hr\/wp-json\/wp\/v2\/types\/product"}],"replies":[{"embeddable":true,"href":"https:\/\/www.hranazapse.si\/hr\/wp-json\/wp\/v2\/comments?post=160346"}],"wp:featuredmedia":[{"embeddable":true,"href":"https:\/\/www.hranazapse.si\/hr\/wp-json\/wp\/v2\/media\/124496"}],"wp:attachment":[{"href":"https:\/\/www.hranazapse.si\/hr\/wp-json\/wp\/v2\/media?parent=160346"}],"wp:term":[{"taxonomy":"product_cat","embeddable":true,"href":"https:\/\/www.hranazapse.si\/hr\/wp-json\/wp\/v2\/product_cat?post=160346"},{"taxonomy":"product_tag","embeddable":true,"href":"https:\/\/www.hranazapse.si\/hr\/wp-json\/wp\/v2\/product_tag?post=160346"}],"curies":[{"name":"wp","href":"https:\/\/api.w.org\/{rel}","templated":true}]}}