{"id":160417,"date":"2025-06-30T13:39:15","date_gmt":"2025-06-30T11:39:15","guid":{"rendered":"https:\/\/www.hranazapse.si\/shop\/Bez kategorije\/non-stop-life-jacket-spasonosni-prsluk-orange\/"},"modified":"2025-06-30T13:39:15","modified_gmt":"2025-06-30T11:39:15","slug":"non-stop-life-jacket-spasonosni-prsluk-orange","status":"publish","type":"product","link":"https:\/\/www.hranazapse.si\/hr\/shop\/psi\/non-stop-life-jacket-spasonosni-prsluk-orange\/","title":{"rendered":"Non-stop Life jacket spasonosni prsluk &#8211; orange"},"content":{"rendered":"<p>Spasonosni prsluci za pse \u010desto su glomazni i ote\u017eavaju kretanje, posebno na kopnu. Tako\u0111er smo se te\u0161ko snalazili pri tra\u017eenju spasonosnog prsluka koji bi na\u0161im psima pru\u017eao i plutajnost i stabilnost u vodi. U vru\u0107im ljetnim danima postoji i opasnost od pregrijavanja pri no\u0161enju debelog prsluka. Udru\u017eili smo se sa stru\u010dnjacima za anatomiju pasa, biomehaniku i plutajnost kako bismo cijeli koncept spasonosnih prsluka za pse podigli na vi\u0161u razinu.   <\/p>\n<p>Klju\u010dne zna\u010dajke spasonosnog prsluka Non-stop su:<\/p>\n<ul>\n<li>konstrukcija SAFE-R: osigurava da tvoj pas ostane na povr\u0161ini i stabilan u odnosu na vodenu povr\u0161inu. Pena je postavljena sa strane za ve\u0107i uzgon i slobodu kretanja. Plo\u010de su podijeljene na dijelove kako bi se tvoj pas mogao okretati, a da ga prsluk ne ograni\u010dava.  <\/li>\n<li>Prozra\u010dnost: na le\u0111ima vrlo prozra\u010dan materijal HexiVent. Voda mo\u017ee prolaziti kroz njega, a prozra\u010dan gornji dio sprje\u010dava pregrijavanje tvog psa. <\/li>\n<li>Ergonomski oblik: osim podijeljenih bo\u010dnih panela, oblik prsluka omogu\u0107ava slobodno kretanje prednjih nogu tvog psa. Posljedi\u010dno se tvoj pas mo\u017ee u\u010dinkovitije kretati u vodi i iz nje. <\/li>\n<\/ul>\n<p>Ovaj dizajn pru\u017ea tvom psu uzgon, stabilnost i slobodu kretanja koju smo tra\u017eili.<\/p>\n<p>Sistem je temeljito testiran u otvorenim vodama, bazenima i na vodenim trkalicama s vi\u0161e razli\u010ditih pasa. Spasonosni prsluci za ljude testiraju se prema ISO standardu, no taj standard se jo\u0161 nije primjenjivao za spasonosne prsluke za pse. Razvili smo testni sistem koji je \u0161to bli\u017ei ljudskim standardima kako bi spasonosni prsluk za pse postao jedinstven na tr\u017ei\u0161tu.  <\/p>\n<p>Spasonosni prsluk opremljen je robusnom ru\u010dkom ako mora\u0161 podi\u0107i psa na sup, pristani\u0161te ili u \u010damac. Reflektiraju\u0107a traka na vrhu ru\u010dke osigurava dodatnu vidljivost u tami. <\/p>\n<p>Osim jedne to\u010dke za pri\u010dvr\u0161\u0107ivanje povodca na le\u0111noj strani, na spasonosnom prsluku su jo\u0161 dvije to\u010dke za pri\u010dvr\u0161\u0107ivanje sa strane koje omogu\u0107avaju pode\u0161avanje smjera i otpora (samo orange verzija). Ova funkcija je posebno korisna za rehabilitacijske svrhe na vodenim trkalicama ili u bazenu. Male predmete mo\u017ee\u0161 pohraniti u stra\u017enji d\u017eep.  <\/p>\n<p>Spasonosni prsluk Protector dostupan je u orange i modrozelen\u043e\u0458 boji, u veli\u010dinama od 2 do 8.<\/p>\n","protected":false},"excerpt":{"rendered":"Jedinstveni dizajn optimizira plutajnost, stabilnost i slobodu kretanja kako bi tvoj pas bio siguran u vodi i uz nju.","protected":false},"featured_media":124769,"comment_status":"open","ping_status":"closed","template":"","meta":{"_acf_changed":false,"inline_featured_image":false},"product_cat":[4039,3763,3792,4048,3683],"product_tag":[],"class_list":{"0":"post-160417","1":"product","2":"type-product","3":"status-publish","4":"has-post-thumbnail","6":"product_brand-nonstop","7":"product_cat-ljeto","8":"product_cat-odjeca","9":"product_cat-oprema","10":"product_cat-prsluci-za-spasavanje","11":"product_cat-psi","12":"pa_velikost-size-2","13":"pa_velikost-size-3","14":"pa_velikost-size-4","15":"pa_velikost-size-5","16":"pa_velikost-size-6","17":"pa_velikost-size-7","18":"pa_velikost-size-8","20":"first","21":"instock","22":"taxable","23":"shipping-taxable","24":"purchasable","25":"product-type-variable"},"acf":[],"gallery_images":[],"_links":{"self":[{"href":"https:\/\/www.hranazapse.si\/hr\/wp-json\/wp\/v2\/product\/160417","targetHints":{"allow":["GET"]}}],"collection":[{"href":"https:\/\/www.hranazapse.si\/hr\/wp-json\/wp\/v2\/product"}],"about":[{"href":"https:\/\/www.hranazapse.si\/hr\/wp-json\/wp\/v2\/types\/product"}],"replies":[{"embeddable":true,"href":"https:\/\/www.hranazapse.si\/hr\/wp-json\/wp\/v2\/comments?post=160417"}],"wp:featuredmedia":[{"embeddable":true,"href":"https:\/\/www.hranazapse.si\/hr\/wp-json\/wp\/v2\/media\/124769"}],"wp:attachment":[{"href":"https:\/\/www.hranazapse.si\/hr\/wp-json\/wp\/v2\/media?parent=160417"}],"wp:term":[{"taxonomy":"product_cat","embeddable":true,"href":"https:\/\/www.hranazapse.si\/hr\/wp-json\/wp\/v2\/product_cat?post=160417"},{"taxonomy":"product_tag","embeddable":true,"href":"https:\/\/www.hranazapse.si\/hr\/wp-json\/wp\/v2\/product_tag?post=160417"}],"curies":[{"name":"wp","href":"https:\/\/api.w.org\/{rel}","templated":true}]}}