{"id":160880,"date":"2024-11-11T14:04:42","date_gmt":"2024-11-11T13:04:42","guid":{"rendered":"https:\/\/www.hranazapse.si\/shop\/Bez kategorije\/hurtta-extreme-warmer-iii-eco-bilberry\/"},"modified":"2024-11-11T14:04:42","modified_gmt":"2024-11-11T13:04:42","slug":"hurtta-extreme-warmer-iii-eco-bilberry","status":"publish","type":"product","link":"https:\/\/www.hranazapse.si\/hr\/shop\/psi\/odjeca\/odjeca-za-zimu\/hurtta-extreme-warmer-iii-eco-bilberry\/","title":{"rendered":"Hurtta Extreme Warmer III Eco BILBERRY"},"content":{"rendered":"<p>Za pravilno odre\u0111ivanje veli\u010dine psu izmjeri du\u017einu le\u0111a od lopatica prednjih \u0161apa do korijena repa.<\/p>\n<p><strong>Pravilno mjerenje psa za kupnju Hurtta kaputa:<\/strong> du\u017eina od lopatica izme\u0111u prednjih \u0161apa do korijena repa, dok pas stoji.<\/p>\n<p>U slu\u010daju da mjeri\u0161 du\u017einu od ovratnika do korijena repa veli\u010dina mo\u017ee odstupati za 5 cm. Savjetujemo ti da se u tom slu\u010daju odlu\u010di\u0161 za kupnju manjeg kaputa od izmjerene du\u017eine le\u0111a tvog dlakavca.<br \/>\n(Primjer: ako tvoj pas ima du\u017einu le\u0111a 50 cm, najvjerojatnije \u0107e mu odgovarati veli\u010dina 45 cm)<\/p>\n<div class=\"UdTY9 WdefRb\" aria-hidden=\"true\" data-location=\"2\">\n<div class=\"kO6q6e\"><strong>Zna\u010dajke:<\/strong><\/div>\n<\/div>\n<p>\u2013 iznimno topao pasji kaput<br \/>\n\u2013 podstavljen folijom koja vra\u0107a toplinu u mi\u0161i\u0107e<br \/>\n\u2013 ne zapetljava dlaku<br \/>\n\u2013 3M reflektori<br \/>\n\u2013 vodootporan, vodeni stupac 10.000 mm<br \/>\n\u2013 visoki ovratnik \u0161titi vrat i glavu<br \/>\n\u2013 zalijepljeni \u0161avovi<br \/>\n\u2013 otvor za pri\u010dvr\u0161\u0107ivanje povodca<\/p>\n","protected":false},"excerpt":{"rendered":"Jedan od najpopularnijih i najtoplijih zimskih kaputa za pse.\n\nIznimno topao prikladan za vrlo niske temperature grijat \u0107e tvog ljubimca i istovremeno ga \u0161tititi od ki\u0161e. Visoki ovratnik \u0107e pokriti i glavu te tako za\u0161tititi u\u0161i. Mekani i lagano rastezljivi materijal ugodan je za no\u0161enje i omogu\u0107ava potpunu slobodu kretanja. Donji dio kaputa pokriva i abdominalni dio koji je posebno osjetljiv na hladno\u0107u.   ","protected":false},"featured_media":113623,"comment_status":"open","ping_status":"closed","template":"","meta":{"_acf_changed":false,"inline_featured_image":false},"product_cat":[3763,3811,3683],"product_tag":[],"class_list":{"0":"post-160880","1":"product","2":"type-product","3":"status-publish","4":"has-post-thumbnail","6":"product_brand-hurtta","7":"product_cat-odjeca","8":"product_cat-odjeca-za-zimu","9":"product_cat-psi","10":"pa_velikost-30cm","11":"pa_velikost-35cm","12":"pa_velikost-40cm","13":"pa_velikost-45cm","14":"pa_velikost-50cm","15":"pa_velikost-55cm","17":"first","18":"instock","19":"taxable","20":"shipping-taxable","21":"purchasable","22":"product-type-variable"},"acf":[],"gallery_images":[],"_links":{"self":[{"href":"https:\/\/www.hranazapse.si\/hr\/wp-json\/wp\/v2\/product\/160880","targetHints":{"allow":["GET"]}}],"collection":[{"href":"https:\/\/www.hranazapse.si\/hr\/wp-json\/wp\/v2\/product"}],"about":[{"href":"https:\/\/www.hranazapse.si\/hr\/wp-json\/wp\/v2\/types\/product"}],"replies":[{"embeddable":true,"href":"https:\/\/www.hranazapse.si\/hr\/wp-json\/wp\/v2\/comments?post=160880"}],"wp:featuredmedia":[{"embeddable":true,"href":"https:\/\/www.hranazapse.si\/hr\/wp-json\/wp\/v2\/media\/113623"}],"wp:attachment":[{"href":"https:\/\/www.hranazapse.si\/hr\/wp-json\/wp\/v2\/media?parent=160880"}],"wp:term":[{"taxonomy":"product_cat","embeddable":true,"href":"https:\/\/www.hranazapse.si\/hr\/wp-json\/wp\/v2\/product_cat?post=160880"},{"taxonomy":"product_tag","embeddable":true,"href":"https:\/\/www.hranazapse.si\/hr\/wp-json\/wp\/v2\/product_tag?post=160880"}],"curies":[{"name":"wp","href":"https:\/\/api.w.org\/{rel}","templated":true}]}}