{"id":161030,"date":"2024-12-20T18:49:57","date_gmt":"2024-12-20T17:49:57","guid":{"rendered":"https:\/\/www.hranazapse.si\/shop\/Bez%20kategorije\/hurtta-extreme-overall-zimski-kaputic\/"},"modified":"2026-05-08T08:12:53","modified_gmt":"2026-05-08T06:12:53","slug":"hurtta-extreme-overall-zimski-kaputic","status":"publish","type":"product","link":"https:\/\/www.hranazapse.si\/hr\/shop\/psi\/oprema\/hurtta-extreme-overall-zimski-kaputic\/","title":{"rendered":"Hurtta Extreme Overall zimski kaputi\u0107"},"content":{"rendered":"<p>Vanjski materijal izra\u0111en je od vodoodbojnog i prozra\u010dnog sloja. Unutra\u0161njost je podstavljena glatkim poliesterom koji ne mrsi pse\u0107u dlaku. Osim visokog ovratnika, kaputi\u0107 ima ugra\u0111enu i kapulja\u010du koju mo\u017ee\u0161 podignuti kako bi za\u0161titio pse\u0107e u\u0161i i glavu. Extreme Warmer \u0161titi sve va\u017ene skupine mi\u0161i\u0107a, kao i prsni ko\u0161 te glavu. Mekan i blago rastezljiv materijal ugodan je za no\u0161enje te omogu\u0107uje potpunu slobodu kretanja. Donji dio kaputi\u0107a prekriva i abdominalni dio koji je posebno osjetljiv na hladno\u0107u.    <\/p>\n<p>S podesivom duljinom le\u0111a, ovratnika i struka, prikladan je za razne aktivnosti. Na le\u0111nom dijelu nalazi se i otvor za pri\u010dvr\u0161\u0107ivanje povodca na ogrlicu ili ormicu. Visoko u\u010dinkoviti 3M reflektiraju\u0107i elementi brinu za sigurnost tvog psa u uvjetima lo\u0161eg osvjetljenja.  <\/p>\n<p><strong>Odre\u0111ivanje veli\u010dine:<\/strong><\/p>\n<p>Za pravilno odre\u0111ivanje veli\u010dine psu izmjeri duljinu le\u0111a od lopatica prednjih \u0161apa do korijena repa.<\/p>\n<p>Savjet pri odabiru prave veli\u010dine:<\/p>\n<p>Hurtta ima ne\u0161to ve\u0107e brojeve i \u010desto se pojavljuje odstupanje od 5 cm. Savjetujemo ti da se odlu\u010di\u0161 za kupnju manjeg kaputi\u0107a od izmjerene duljine le\u0111a tvog dlakavca.<br \/>\n(Primjer: ako tvoj pas ima duljinu le\u0111a 50 cm, najvjerojatnije \u0107e mu odgovarati veli\u010dina 45 cm)<\/p>\n","protected":false},"excerpt":{"rendered":"Hurtta kaputi\u0107 na \u010detiri noge.\n\nZimski kaputi\u0107 koji prekriva i grije cijelo tijelo.\n\nExtreme Warmer oblikovan je za iznimno hladne uvjete te du\u017eu izlo\u017eenost hladnom vremenu, na primjer tijekom treninga ili natjecanja. Svojom svestranom za\u0161titom pru\u017eit \u0107e toplinu tvom psu i u najzahtjevnijim uvjetima. Jedinstvena podstava kaputi\u0107a odbija toplinu koju tijelo emitira te je vra\u0107a natrag. Time stimulira cirkulaciju krvi, zbog \u010dega se mi\u0161i\u0107i ne hlade tako brzo, \u0161to sprje\u010dava ozljede tijekom aktivnosti.   \n\n&nbsp;\n\n&nbsp;","protected":false},"featured_media":161033,"comment_status":"open","ping_status":"closed","template":"","meta":{"_acf_changed":false,"inline_featured_image":false},"product_cat":[3907,3763,3811,3792,3683],"product_tag":[4042],"class_list":{"0":"post-161030","1":"product","2":"type-product","3":"status-publish","4":"has-post-thumbnail","6":"product_brand-hurtta","7":"product_cat-novi-proizvodi","8":"product_cat-odjeca","9":"product_cat-odjeca-za-zimu","10":"product_cat-oprema","11":"product_cat-psi","12":"product_tag-novo","13":"pa_velikost-25s","14":"pa_velikost-30m","15":"pa_velikost-30s","16":"pa_velikost-35m","17":"pa_velikost-35s","18":"pa_velikost-40m","19":"pa_velikost-45m","20":"pa_velikost-50m","21":"pa_velikost-55m","23":"first","24":"instock","25":"taxable","26":"shipping-taxable","27":"purchasable","28":"product-type-variable"},"acf":[],"gallery_images":[116053,116051],"_links":{"self":[{"href":"https:\/\/www.hranazapse.si\/hr\/wp-json\/wp\/v2\/product\/161030","targetHints":{"allow":["GET"]}}],"collection":[{"href":"https:\/\/www.hranazapse.si\/hr\/wp-json\/wp\/v2\/product"}],"about":[{"href":"https:\/\/www.hranazapse.si\/hr\/wp-json\/wp\/v2\/types\/product"}],"replies":[{"embeddable":true,"href":"https:\/\/www.hranazapse.si\/hr\/wp-json\/wp\/v2\/comments?post=161030"}],"wp:featuredmedia":[{"embeddable":true,"href":"https:\/\/www.hranazapse.si\/hr\/wp-json\/wp\/v2\/media\/161033"}],"wp:attachment":[{"href":"https:\/\/www.hranazapse.si\/hr\/wp-json\/wp\/v2\/media?parent=161030"}],"wp:term":[{"taxonomy":"product_cat","embeddable":true,"href":"https:\/\/www.hranazapse.si\/hr\/wp-json\/wp\/v2\/product_cat?post=161030"},{"taxonomy":"product_tag","embeddable":true,"href":"https:\/\/www.hranazapse.si\/hr\/wp-json\/wp\/v2\/product_tag?post=161030"}],"curies":[{"name":"wp","href":"https:\/\/api.w.org\/{rel}","templated":true}]}}