{"id":161343,"date":"2024-09-16T13:02:47","date_gmt":"2024-09-16T11:02:47","guid":{"rendered":"https:\/\/www.hranazapse.si\/shop\/Bez kategorije\/virbac-enzimska-zubna-pasta-za-pse-i-macke-70-g\/"},"modified":"2024-09-16T13:02:47","modified_gmt":"2024-09-16T11:02:47","slug":"virbac-enzimska-zubna-pasta-za-pse-i-macke-70-g","status":"publish","type":"product","link":"https:\/\/www.hranazapse.si\/hr\/shop\/psi\/njega\/zubi\/virbac-enzimska-zubna-pasta-za-pse-i-macke-70-g\/","title":{"rendered":"Virbac enzimska zubna pasta za pse i ma\u010dke 70 g"},"content":{"rendered":"<div id=\"tabContent--productSingle_23091209503511\" class=\"tab tab--description\" data-scroll=\"\" data-scroll-class=\"active\" data-scroll-target=\".tabs__tab--productSingle_23091209503511\" data-scroll-offset-top=\"-160\" data-scroll-once=\"false\" data-scroll-attached=\"1\">\n<section class=\"section section--content section--content--default section--default\" data-sp-builder-index=\"0\">\n<div class=\"section__content\">\n<p><strong><span lang=\"EN-US\">Prednosti proizvoda:<\/span><\/strong><\/p>\n<ul>\n<li><span lang=\"EN-US\">Zubna pasta ubija bakterije i tako neutralizira zadah.<\/span><\/li>\n<li><span lang=\"EN-US\">Razli\u010dite arome omogu\u0107uju da psi i ma\u010dke dobro prihvate zubnu pastu, \u0161to olak\u0161ava \u010detkanje zubi.<\/span><\/li>\n<\/ul>\n<\/div>\n<\/section>\n<\/div>\n<div id=\"tabContent--productSingle_23091209503512\" class=\"tab tab--custom\" data-scroll=\"\" data-scroll-class=\"active\" data-scroll-target=\".tabs__tab--productSingle_23091209503512\" data-scroll-offset-top=\"-160\" data-scroll-once=\"false\" data-scroll-attached=\"1\">\n<div>\n<section class=\"section section--content section--content--default section--default\" data-sp-builder-index=\"0\">\n<div class=\"section__content\">\n<p><strong>Sastav<\/strong>: dvostruki C.E.T. enzimski sustav (glukoza oksidaza, laktoperoksidaza, kalijev tiocijanat), sastojci za poliranje (hidratizirani kvarc, titanov oksid, anhidridni fosfat), surfaktant (glicerin, sorbitol), aroma peradi. Sadr\u017ei i: dekstrozu, ksantansku gumu, natrijev benzoat. <\/p>\n<\/div>\n<\/section>\n<\/div>\n<\/div>\n<div id=\"tabContent--productSingle_23091209503513\" class=\"tab tab--custom\" data-scroll=\"\" data-scroll-class=\"active\" data-scroll-target=\".tabs__tab--productSingle_23091209503513\" data-scroll-offset-top=\"-160\" data-scroll-once=\"false\" data-scroll-attached=\"1\">\n<div>\n<section class=\"section section--content section--content--default section--default\" data-sp-builder-index=\"0\">\n<div class=\"section__content\">\n<p><strong>Upute za uporabu<\/strong>: Redovitom upotrebom enzimske zubne paste uklanjamo naslage, smanjujemo stvaranje zubnog kamenca i neugodnog zadaha. Mo\u017ee\u0161 je koristiti svaki dan. Za pranje je najprikladnija mekana \u010detkica za zube, prilago\u0111ena veli\u010dini tvoje \u017eivotinje.  <\/p>\n<p>Pakiranje: 70g<\/p>\n<\/div>\n<\/section>\n<\/div>\n<\/div>\n","protected":false},"excerpt":{"rendered":"<strong>Virbac je enzimska zubna pasta za pse i ma\u010dke s aromom peradi.<\/strong> Izra\u0111ena je na osnovi patentiranog C.E.T. dvostrukog enzimskog sustava. On ja\u010da prirodne obrambene mehanizme u ustima. Ispiranje nije potrebno!  ","protected":false},"featured_media":110602,"comment_status":"open","ping_status":"closed","template":"","meta":{"_acf_changed":false,"inline_featured_image":false},"product_cat":[4030,3691,4029,3846,3683,3997],"product_tag":[],"class_list":{"0":"post-161343","1":"product","2":"type-product","3":"status-publish","4":"has-post-thumbnail","6":"product_cat-kozmetika","7":"product_cat-macke","8":"product_cat-njega-2","9":"product_cat-njega","10":"product_cat-psi","11":"product_cat-zubi","12":"pa_pakiranje-70-g","14":"first","15":"instock","16":"taxable","17":"shipping-taxable","18":"purchasable","19":"product-type-variable"},"acf":[],"gallery_images":[],"_links":{"self":[{"href":"https:\/\/www.hranazapse.si\/hr\/wp-json\/wp\/v2\/product\/161343","targetHints":{"allow":["GET"]}}],"collection":[{"href":"https:\/\/www.hranazapse.si\/hr\/wp-json\/wp\/v2\/product"}],"about":[{"href":"https:\/\/www.hranazapse.si\/hr\/wp-json\/wp\/v2\/types\/product"}],"replies":[{"embeddable":true,"href":"https:\/\/www.hranazapse.si\/hr\/wp-json\/wp\/v2\/comments?post=161343"}],"wp:featuredmedia":[{"embeddable":true,"href":"https:\/\/www.hranazapse.si\/hr\/wp-json\/wp\/v2\/media\/110602"}],"wp:attachment":[{"href":"https:\/\/www.hranazapse.si\/hr\/wp-json\/wp\/v2\/media?parent=161343"}],"wp:term":[{"taxonomy":"product_cat","embeddable":true,"href":"https:\/\/www.hranazapse.si\/hr\/wp-json\/wp\/v2\/product_cat?post=161343"},{"taxonomy":"product_tag","embeddable":true,"href":"https:\/\/www.hranazapse.si\/hr\/wp-json\/wp\/v2\/product_tag?post=161343"}],"curies":[{"name":"wp","href":"https:\/\/api.w.org\/{rel}","templated":true}]}}