{"id":161667,"date":"2024-08-19T11:54:47","date_gmt":"2024-08-19T09:54:47","guid":{"rendered":"https:\/\/www.hranazapse.si\/shop\/Bez kategorije\/zubna-pasta-za-pse-beaphar\/"},"modified":"2024-08-19T11:54:47","modified_gmt":"2024-08-19T09:54:47","slug":"zubna-pasta-za-pse-beaphar","status":"publish","type":"product","link":"https:\/\/www.hranazapse.si\/hr\/shop\/psi\/njega\/zubi\/zubna-pasta-za-pse-beaphar\/","title":{"rendered":"Zubna pasta za pse Beaphar"},"content":{"rendered":"<p>Razli\u010dite bakterije i bjelan\u010devine iz hrane uzrokuju zubni plak na zubima psa. Beaphar zubna pasta sadr\u017ei enzime koji uni\u0161tavaju lo\u0161e bakterije i razgra\u0111uju zubni plak. <\/p>\n<p>Ako na zubima ostane zubnog plaka, koji se ne ukloni \u010detkanjem, on \u0107e se povezati s kalcijem i nastat \u0107e zubni kamenac. Ova zubna pasta sadr\u017ei sastojke koji ve\u017eu kalcij i tako sprje\u010davaju nastanak zubnog kamenca. <\/p>\n<p>Kako bi pas bolje podnosio \u010detkanje zubi, pasta sadr\u017ei okus mesa.<\/p>\n","protected":false},"excerpt":{"rendered":"Zubna pasta s okusom jetre pru\u017ea svakodnevnu za\u0161titu zubi kod psa. Pasta uklanja zubni plak i sprje\u010dava nastanak zubnog kamenca, \u0161to se odra\u017eava u svje\u017eem zadahu. ","protected":false},"featured_media":108537,"comment_status":"open","ping_status":"closed","template":"","meta":{"_acf_changed":false,"inline_featured_image":false},"product_cat":[3846,3683,3997],"product_tag":[],"class_list":{"0":"post-161667","1":"product","2":"type-product","3":"status-publish","4":"has-post-thumbnail","6":"product_brand-beaphar","7":"product_cat-njega","8":"product_cat-psi","9":"product_cat-zubi","10":"pa_pakiranje-100-g","12":"first","13":"instock","14":"taxable","15":"shipping-taxable","16":"purchasable","17":"product-type-variable"},"acf":[],"gallery_images":[],"_links":{"self":[{"href":"https:\/\/www.hranazapse.si\/hr\/wp-json\/wp\/v2\/product\/161667","targetHints":{"allow":["GET"]}}],"collection":[{"href":"https:\/\/www.hranazapse.si\/hr\/wp-json\/wp\/v2\/product"}],"about":[{"href":"https:\/\/www.hranazapse.si\/hr\/wp-json\/wp\/v2\/types\/product"}],"replies":[{"embeddable":true,"href":"https:\/\/www.hranazapse.si\/hr\/wp-json\/wp\/v2\/comments?post=161667"}],"wp:featuredmedia":[{"embeddable":true,"href":"https:\/\/www.hranazapse.si\/hr\/wp-json\/wp\/v2\/media\/108537"}],"wp:attachment":[{"href":"https:\/\/www.hranazapse.si\/hr\/wp-json\/wp\/v2\/media?parent=161667"}],"wp:term":[{"taxonomy":"product_cat","embeddable":true,"href":"https:\/\/www.hranazapse.si\/hr\/wp-json\/wp\/v2\/product_cat?post=161667"},{"taxonomy":"product_tag","embeddable":true,"href":"https:\/\/www.hranazapse.si\/hr\/wp-json\/wp\/v2\/product_tag?post=161667"}],"curies":[{"name":"wp","href":"https:\/\/api.w.org\/{rel}","templated":true}]}}