{"id":161706,"date":"2024-08-20T07:58:20","date_gmt":"2024-08-20T05:58:20","guid":{"rendered":"https:\/\/www.hranazapse.si\/shop\/Bez%20kategorije\/botanical-collar-za-cat-i-manje-pse\/"},"modified":"2026-05-08T08:13:09","modified_gmt":"2026-05-08T06:13:09","slug":"botanical-collar-za-cat-i-manje-pse","status":"publish","type":"product","link":"https:\/\/www.hranazapse.si\/hr\/shop\/psi\/njega\/protiv-buha-i-krpelja\/botanical-collar-za-cat-i-manje-pse\/","title":{"rendered":"Botanical collar za cat i manje pse"},"content":{"rendered":"<p><strong>Sastojci:<\/strong> Baza (izotridecet-9, poliolefinski elastomer Engage 8100), ulje listova paprene metvice, pelargonija, ulje listova cimeta, ulje cvjetova klin\u010di\u0107a, ulje cvjetova\/listova timijana, ulje limunske trave\/citronele, ulje korijena vetivera, ulje vird\u017einijske borovice, ulje listova ru\u017emarina, ulje sjemenki andirobe i ulje limunskog eukaliptusa. Upute za uporabu: Collar odmotaj iz pakiranja i postavi ga oko vrata svog petsa. Izme\u0111u collara i vrata ostavi prostor za dva prsta kako bi se sprije\u010dilo gu\u0161enje. Kada postavi\u0161 collar, odre\u017ei krajeve. Ostatak mo\u017ee\u0161 koristiti za uklanjanje moljaca u ormarima. Collar djeluje i nakon kupanja u moru ili kadi.     <\/p>\n<p>Vrijeme djelovanja: barem <strong>5 mjeseci \/ do 6 mjeseci.<\/strong><\/p>\n<p>Duljina collara: <strong>35 cm<\/strong>.<\/p>\n<p>\u010cuvaj na sobnoj temperaturi. Samo za vanjsku upotrebu. \u010cuvaj izvan dohvata petsa (nije hrana). \u010cuvaj izvan dohvata djece.   <\/p>\n","protected":false},"excerpt":{"rendered":"Collar za cat i manje pse je bez pesticida. Pro\u017eet iznimnom prirodnom mje\u0161avinom eteri\u010dnih ulja citronele, ru\u017emarina, timijana i drugih eteri\u010dnih ulja ugodnih psima i \u0161tencima, osigurava ugodan miris te osvje\u017eava pse\u0107u dlaku. Kombinacija ovih ulja pru\u017ea najbolju prirodnu za\u0161titu od \u0161tetnih insekata barem pet mjeseci.  ","protected":false},"featured_media":161707,"comment_status":"open","ping_status":"closed","template":"","meta":{"_acf_changed":false,"inline_featured_image":false},"product_cat":[3691,4029,3846,4059,4091,3683],"product_tag":[4042],"class_list":{"0":"post-161706","1":"product","2":"type-product","3":"status-publish","4":"has-post-thumbnail","6":"product_brand-arava","7":"product_cat-macke","8":"product_cat-njega-2","9":"product_cat-njega","10":"product_cat-protiv-buha-i-krpelja","11":"product_cat-protiv-buha-i-krpelja-2","12":"product_cat-psi","13":"product_tag-novo","14":"pa_pakiranje-1-kom","16":"first","17":"instock","18":"taxable","19":"shipping-taxable","20":"purchasable","21":"product-type-variable"},"acf":[],"gallery_images":[],"_links":{"self":[{"href":"https:\/\/www.hranazapse.si\/hr\/wp-json\/wp\/v2\/product\/161706","targetHints":{"allow":["GET"]}}],"collection":[{"href":"https:\/\/www.hranazapse.si\/hr\/wp-json\/wp\/v2\/product"}],"about":[{"href":"https:\/\/www.hranazapse.si\/hr\/wp-json\/wp\/v2\/types\/product"}],"replies":[{"embeddable":true,"href":"https:\/\/www.hranazapse.si\/hr\/wp-json\/wp\/v2\/comments?post=161706"}],"wp:featuredmedia":[{"embeddable":true,"href":"https:\/\/www.hranazapse.si\/hr\/wp-json\/wp\/v2\/media\/161707"}],"wp:attachment":[{"href":"https:\/\/www.hranazapse.si\/hr\/wp-json\/wp\/v2\/media?parent=161706"}],"wp:term":[{"taxonomy":"product_cat","embeddable":true,"href":"https:\/\/www.hranazapse.si\/hr\/wp-json\/wp\/v2\/product_cat?post=161706"},{"taxonomy":"product_tag","embeddable":true,"href":"https:\/\/www.hranazapse.si\/hr\/wp-json\/wp\/v2\/product_tag?post=161706"}],"curies":[{"name":"wp","href":"https:\/\/api.w.org\/{rel}","templated":true}]}}