{"id":161793,"date":"2024-08-28T09:24:12","date_gmt":"2024-08-28T07:24:12","guid":{"rendered":"https:\/\/www.hranazapse.si\/shop\/Bez kategorije\/non-stop-rock-adjustable-collar\/"},"modified":"2024-08-28T09:24:12","modified_gmt":"2024-08-28T07:24:12","slug":"non-stop-rock-adjustable-collar","status":"publish","type":"product","link":"https:\/\/www.hranazapse.si\/hr\/shop\/psi\/oprema\/non-stop-rock-adjustable-collar\/","title":{"rendered":"Non-stop Rock adjustable collar"},"content":{"rendered":"<p><span>Ogrlica Rock dizajnirana je posebno za sportske pse koji zahtijevaju funkcionalnu i izdr\u017eljivu opremu. Ova pse\u0107a ogrlica i drugi proizvodi iz serije Rock izra\u0111eni su od troslojnog materijala HexiVent. Kombinacija materijala u HexiVent-u osigurava odli\u010dan protok zraka, zbog \u010dega je ogrlica idealna za aktivnosti kao \u0161to su canicross, bikejoring i skijoring. Materijal se tako\u0111er brzo su\u0161i, stoga je ova ogrlica savr\u0161ena za vru\u0107e ljetne dane i kupanje.   <\/span><\/p>\n<p><span>Nastavljiva ogrlica Rock je stati\u010dna ogrlica koja se prilago\u0111ava tvom psu i kop\u010da se Duraflex\u00ae kop\u010dom. Izlo\u017eene povr\u0161ine ogrlice oja\u010dane su Hypalonom. Povodac tvog psa pri\u010dvr\u0161\u0107en je na lagan, ali robustan aluminijski D-prsten.  <\/span><\/p>\n<p><span>Reflektiraju\u0107a traka oko ogrlice pove\u0107ava vidljivost tvog psa u mraku.<\/span><\/p>\n<p><span>Nastavljiva ogrlica Rock dostupna je u crnoj boji i u veli\u010dinama S-XL.<\/span><\/p>\n<table class=\"sc-bTsAej kFWVtK\" style=\"height: 66px;\" width=\"512\">\n<thead class=\"sc-ebERcF esgjMa\">\n<tr>\n<td class=\"sc-jnbAOD gyLTDn\">Veli\u010dina<\/td>\n<th class=\"sc-jnbAOD gyLTDn\" scope=\"col\">S<\/th>\n<th class=\"sc-jnbAOD gyLTDn\" scope=\"col\">M<\/th>\n<th class=\"sc-jnbAOD gyLTDn\" scope=\"col\">L<\/th>\n<th class=\"sc-jnbAOD gyLTDn\" scope=\"col\">XL<\/th>\n<\/tr>\n<\/thead>\n<tbody>\n<tr>\n<td class=\"sc-jnbAOD gyLTDn\" scope=\"row\">Opseg vrata<\/td>\n<td class=\"sc-jnbAOD gyLTDn\">35-38 cm<\/td>\n<td class=\"sc-jnbAOD gyLTDn\">38-45 cm<\/td>\n<td class=\"sc-jnbAOD gyLTDn\">45-55 cm<\/td>\n<td class=\"sc-jnbAOD gyLTDn\">55-65 cm<\/td>\n<\/tr>\n<\/tbody>\n<\/table>\n<p><strong>\u0160to je HexiVent?<\/strong><\/p>\n<div class=\"sc-iuOOrT jVHKMh\">HexiVent je kombinacija tri sloja materijala; mre\u017eice u obliku sa\u0107a, meke pene s rupama za prozra\u010divanje i tanke, prozra\u010dne mre\u017eice koja osigurava odli\u010dan protok zraka.<\/div>\n<p><strong>Mogu li zamijeniti kop\u010du?<\/strong><\/p>\n<div class=\"sc-iuOOrT jVHKMh\"><span>Da, kop\u010da se mo\u017ee zamijeniti. Rezervni dijelovi su dobavljivi kod proizvo\u0111a\u010da Non-stop opreme. <\/span><\/div>\n","protected":false},"excerpt":{"rendered":"Tehni\u010dka ogrlica za aktivne pse. Jedinstveni materijal HexiVent vrlo je pogodan za toplo vrijeme i za aktivnosti koje stvaraju prekomjernu tjelesnu toplinu. \n\n&nbsp;","protected":false},"featured_media":109275,"comment_status":"open","ping_status":"closed","template":"","meta":{"_acf_changed":false,"inline_featured_image":false},"product_cat":[3907,3929,3792,3683],"product_tag":[],"class_list":{"0":"post-161793","1":"product","2":"type-product","3":"status-publish","4":"has-post-thumbnail","6":"product_brand-nonstop","7":"product_cat-novi-proizvodi","8":"product_cat-ogrlice","9":"product_cat-oprema","10":"product_cat-psi","11":"pa_velikost-l","12":"pa_velikost-m","13":"pa_velikost-s","14":"pa_velikost-xl","16":"first","17":"instock","18":"taxable","19":"shipping-taxable","20":"purchasable","21":"product-type-variable"},"acf":[],"gallery_images":[],"_links":{"self":[{"href":"https:\/\/www.hranazapse.si\/hr\/wp-json\/wp\/v2\/product\/161793","targetHints":{"allow":["GET"]}}],"collection":[{"href":"https:\/\/www.hranazapse.si\/hr\/wp-json\/wp\/v2\/product"}],"about":[{"href":"https:\/\/www.hranazapse.si\/hr\/wp-json\/wp\/v2\/types\/product"}],"replies":[{"embeddable":true,"href":"https:\/\/www.hranazapse.si\/hr\/wp-json\/wp\/v2\/comments?post=161793"}],"wp:featuredmedia":[{"embeddable":true,"href":"https:\/\/www.hranazapse.si\/hr\/wp-json\/wp\/v2\/media\/109275"}],"wp:attachment":[{"href":"https:\/\/www.hranazapse.si\/hr\/wp-json\/wp\/v2\/media?parent=161793"}],"wp:term":[{"taxonomy":"product_cat","embeddable":true,"href":"https:\/\/www.hranazapse.si\/hr\/wp-json\/wp\/v2\/product_cat?post=161793"},{"taxonomy":"product_tag","embeddable":true,"href":"https:\/\/www.hranazapse.si\/hr\/wp-json\/wp\/v2\/product_tag?post=161793"}],"curies":[{"name":"wp","href":"https:\/\/api.w.org\/{rel}","templated":true}]}}