{"id":162207,"date":"2024-11-05T14:06:10","date_gmt":"2024-11-05T13:06:10","guid":{"rendered":"https:\/\/www.hranazapse.si\/shop\/Bez kategorije\/serenex-punjenje-za-difuzor-s-psecim-feromonima\/"},"modified":"2024-11-05T14:06:10","modified_gmt":"2024-11-05T13:06:10","slug":"serenex-punjenje-za-difuzor-s-psecim-feromonima","status":"publish","type":"product","link":"https:\/\/www.hranazapse.si\/hr\/shop\/psi\/oprema\/ostala-oprema\/serenex-punjenje-za-difuzor-s-psecim-feromonima\/","title":{"rendered":"SERENEX punjenje za difuzor s pse\u0107im feromonima"},"content":{"rendered":"<p>Na bazi feromona M<sub>2<\/sub>, analognih onima koji se prirodno izlu\u010duju tijekom maj\u010dinstva i poma\u017eu u kontroli neprimjerenog pona\u0161anja kod pasa. Takva su pona\u0161anja u pravilu posljedica stresa i tjeskobe u zahtjevnim situacijama te se o\u010dituju, primjerice, zavijanjem, uni\u0161tavanjem namje\u0161taja i predmeta, mokrenjem i defekacijom na neprikladnim mjestima itd. <\/p>\n<p>Poma\u017ee psima i \u0161tencima olak\u0161ati prilagodbu na promjene u okru\u017eenju.<\/p>\n<p>Difuzor uklju\u010di najmanje 24 sata prije potencijalno stresnih situacija, u prostoru u kojem pas provodi najvi\u0161e vremena, i nemoj ga isklju\u010divati.<\/p>\n<p>Mo\u017ee se koristiti istovremeno s drugim proizvodima za ubla\u017eavanje stresa.<\/p>\n<p><b>Koristi proizvod sigurno. Prije upotrebe uvijek pro\u010ditaj oznaku i informacije o proizvodu. <\/b><\/p>\n<p><strong>NAMJENA UPOTREBE<\/strong><\/p>\n<div id=\"tab-custom_tab2\" class=\"tab-content resp-tab-content resp-tab-content-active\" aria-labelledby=\"tab_item-3\">\n<div id=\"tab-custom_tab2\" class=\"tab-content resp-tab-content resp-tab-content-active\" aria-labelledby=\"tab_item-3\">\n<ul>\n<li>Poti\u010de osje\u0107aj smirenosti kod pasa s problemima anksioznosti i\/ili stresa povezanima sa svim okoli\u0161nim \u010dimbenicima.<\/li>\n<li>omogu\u0107uje \u017eivotinji da se prilagodi stresoru,<\/li>\n<li>smanjuje u\u010destalost nepo\u017eeljnog pona\u0161anja (defekacija i mokrenje na neprikladnim mjestima, uni\u0161tavanje predmeta) i pobolj\u0161ava njihovo stanje,<\/li>\n<li>strah od glasnih zvukova, poput grmljavine i vatrometa,<\/li>\n<li>novi posjetitelji u domu (ljudi ili ku\u0107ni ljubimci),<\/li>\n<li>sukobi s drugim psima,<\/li>\n<li>pretjerana vokalizacija (neprekidno lajanje, zavijanje itd.),<\/li>\n<li>anksioznost (lajanje i zavijanje kada ostane sam kod ku\u0107e),<\/li>\n<li>preporu\u010deno za povremene (putovanja, posjeti veterinaru, vo\u017enja) ili dulje terapije (separacijska anksioznost, produljena razdoblja samo\u0107e, selidba, boravak u hotelima, hospitalizacija),<\/li>\n<li>potporna terapija u lije\u010denju problema u pona\u0161anju.<\/li>\n<\/ul>\n<\/div>\n<\/div>\n","protected":false},"excerpt":{"rendered":"Pse\u0107i feromoni na bazi feromona M<sub>2. <\/sub>Poma\u017eu psima i \u0161tencima olak\u0161ati prilagodbu na promjene u okru\u017eenju (stress i tjeskoba u zahtjevnim situacijama).\n\n<strong>Punjenje traje do 30 dana (ovisno o kori\u0161tenoj snazi) i pokriva povr\u0161inu do 70 m2.<\/strong>\n\nU pakiranju je punjenje od 40 mL, koje odgovara <a href=\"https:\/\/www.hranazapse.si\/shop\/psi\/pasja-hrana\/prehranski-dodatki\/pomiritev-stres\/serenex-difuzor-s-pasjimi-feromoni\/\">SERENEX difuzoru<\/a>.","protected":false},"featured_media":113266,"comment_status":"open","ping_status":"closed","template":"","meta":{"_acf_changed":false,"inline_featured_image":false},"product_cat":[3701,3792,3848,3683,3920],"product_tag":[],"class_list":{"0":"post-162207","1":"product","2":"type-product","3":"status-publish","4":"has-post-thumbnail","6":"product_cat-dodaci-prehrani","7":"product_cat-oprema","8":"product_cat-ostala-oprema","9":"product_cat-psi","10":"product_cat-smirenje-stress","11":"pa_pakiranje-1-kom","13":"first","14":"instock","15":"taxable","16":"shipping-taxable","17":"purchasable","18":"product-type-variable"},"acf":[],"gallery_images":[],"_links":{"self":[{"href":"https:\/\/www.hranazapse.si\/hr\/wp-json\/wp\/v2\/product\/162207","targetHints":{"allow":["GET"]}}],"collection":[{"href":"https:\/\/www.hranazapse.si\/hr\/wp-json\/wp\/v2\/product"}],"about":[{"href":"https:\/\/www.hranazapse.si\/hr\/wp-json\/wp\/v2\/types\/product"}],"replies":[{"embeddable":true,"href":"https:\/\/www.hranazapse.si\/hr\/wp-json\/wp\/v2\/comments?post=162207"}],"wp:featuredmedia":[{"embeddable":true,"href":"https:\/\/www.hranazapse.si\/hr\/wp-json\/wp\/v2\/media\/113266"}],"wp:attachment":[{"href":"https:\/\/www.hranazapse.si\/hr\/wp-json\/wp\/v2\/media?parent=162207"}],"wp:term":[{"taxonomy":"product_cat","embeddable":true,"href":"https:\/\/www.hranazapse.si\/hr\/wp-json\/wp\/v2\/product_cat?post=162207"},{"taxonomy":"product_tag","embeddable":true,"href":"https:\/\/www.hranazapse.si\/hr\/wp-json\/wp\/v2\/product_tag?post=162207"}],"curies":[{"name":"wp","href":"https:\/\/api.w.org\/{rel}","templated":true}]}}