{"id":163453,"date":"2024-04-10T08:40:06","date_gmt":"2024-04-10T06:40:06","guid":{"rendered":"https:\/\/www.hranazapse.si\/shop\/Bez kategorije\/hurtta-spasilacki-prsluk-orange-zadnji-komadi\/"},"modified":"2024-04-10T08:40:06","modified_gmt":"2024-04-10T06:40:06","slug":"hurtta-spasilacki-prsluk-orange-zadnji-komadi","status":"publish","type":"product","link":"https:\/\/www.hranazapse.si\/hr\/shop\/psi\/oprema\/ljeto\/hurtta-spasilacki-prsluk-orange-zadnji-komadi\/","title":{"rendered":"HURTTA spasila\u010dki prsluk ORANGE (zadnji komadi)"},"content":{"rendered":"<p>Podizanje psa iz vode sada \u0107e biti puno lak\u0161e jer je na le\u0111ima prsluka postavljena jaka ru\u010dka. Promi\u0161ljeno odabrane \u017eive boje i 3M reflektori brinu se za odli\u010dnu vidljivost u svim vremenskim uvjetima. Podloga ispod trbuha podstavljena je mre\u017eicom koja se brzo su\u0161i i omogu\u0107ava disanje, a vanjska tkanina je tanka i vodootporna.  <\/p>\n<p>Prsluk je testiran u finskom institutu za za\u0161titu na radu i dobio je potvrdu da zadovoljava zahtjeve prsluka napravljenih za ljude. Odli\u010dan uzgon se ne smanjuje ni nakon 24-satnog potapanja u vodu \u0161to je pokazao test iz standarda EN ISO 12402-5:2006. <\/p>\n<p>Za\u0161to je spasila\u010dki prsluk Hurtta Life Savior pravi izbor:<\/p>\n<ul>\n<li>iznimno je lagan i ne smeta psu,<\/li>\n<li>vrlo je plovak,<\/li>\n<li>potpuno je prilagodljiv,<\/li>\n<li>ima jaku ru\u010dku na le\u0111ima koja omogu\u0107ava lak\u0161e podizanje iz vode.<\/li>\n<\/ul>\n","protected":false},"excerpt":{"rendered":"Hurtta Life Savior su potpuno prilagodljivi spasila\u010dki prsluci nove generacije posebnog oblika koji se potpuno prilago\u0111ava i ne ometa kretanje tvog ljubimca. Poseban dizajn od ekolo\u0161ki prihvatljivih materijala omogu\u0107ava da je prsluk vrlo lagan i tvom ljubimcu omogu\u0107ava slobodno kretanje kako u vodi tako i na kopnu. ","protected":false},"featured_media":60444,"comment_status":"open","ping_status":"closed","template":"","meta":{"_acf_changed":false,"inline_featured_image":false},"product_cat":[4039,3763,3792,4048,3683,3765],"product_tag":[4144],"class_list":{"0":"post-163453","1":"product","2":"type-product","3":"status-publish","4":"has-post-thumbnail","6":"product_brand-hurtta","7":"product_cat-ljeto","8":"product_cat-odjeca","9":"product_cat-oprema","10":"product_cat-prsluci-za-spasavanje","11":"product_cat-psi","12":"product_cat-rasprodaja","13":"product_tag-akcija","14":"pa_velikost-0-5-kg","15":"pa_velikost-10-20-kg","16":"pa_velikost-20-40kg","17":"pa_velikost-40-80kg","18":"pa_velikost-5-10-kg","20":"first","21":"instock","22":"taxable","23":"shipping-taxable","24":"purchasable","25":"product-type-variable"},"acf":[],"gallery_images":[84991,84992,84993],"_links":{"self":[{"href":"https:\/\/www.hranazapse.si\/hr\/wp-json\/wp\/v2\/product\/163453","targetHints":{"allow":["GET"]}}],"collection":[{"href":"https:\/\/www.hranazapse.si\/hr\/wp-json\/wp\/v2\/product"}],"about":[{"href":"https:\/\/www.hranazapse.si\/hr\/wp-json\/wp\/v2\/types\/product"}],"replies":[{"embeddable":true,"href":"https:\/\/www.hranazapse.si\/hr\/wp-json\/wp\/v2\/comments?post=163453"}],"wp:featuredmedia":[{"embeddable":true,"href":"https:\/\/www.hranazapse.si\/hr\/wp-json\/wp\/v2\/media\/60444"}],"wp:attachment":[{"href":"https:\/\/www.hranazapse.si\/hr\/wp-json\/wp\/v2\/media?parent=163453"}],"wp:term":[{"taxonomy":"product_cat","embeddable":true,"href":"https:\/\/www.hranazapse.si\/hr\/wp-json\/wp\/v2\/product_cat?post=163453"},{"taxonomy":"product_tag","embeddable":true,"href":"https:\/\/www.hranazapse.si\/hr\/wp-json\/wp\/v2\/product_tag?post=163453"}],"curies":[{"name":"wp","href":"https:\/\/api.w.org\/{rel}","templated":true}]}}