{"id":163718,"date":"2024-03-29T08:18:57","date_gmt":"2024-03-29T07:18:57","guid":{"rendered":"https:\/\/www.hranazapse.si\/shop\/Bez kategorije\/meglium-dog-adult-govedina\/"},"modified":"2024-03-29T08:18:57","modified_gmt":"2024-03-29T07:18:57","slug":"meglium-dog-adult-govedina","status":"publish","type":"product","link":"https:\/\/www.hranazapse.si\/hr\/shop\/psi\/pasja-hrana\/suha-hrana-za-pse\/meglium-dog-adult-govedina\/","title":{"rendered":"Meglium Dog Adult Govedina"},"content":{"rendered":"<p><strong>Sastav: <\/strong>dehidrirano meso (31%, od \u010dega govedine 16% i piletine 15%), kukuruz, p\u0161enica, kukuruzno bra\u0161no, pile\u0107a mast, suha pulpa repe, minerali.<\/p>\n<p><strong>Analiti\u010dke vrijednosti:<\/strong><br \/>\nsirove bjelan\u010devine 24%<br \/>\nmasti 12%<br \/>\nvlaga 8%<br \/>\nsirovi pepeo 8,5%<br \/>\nsirova vlakna 2,6%<\/p>\n<p>metaboli\u010dka energija 3550 kcal\/kg<\/p>\n<p><strong>Nutritivni dodaci po kg:<\/strong> 3a672a Vitamin A 11250 IU, Vitamin D3 800 IU, 3a700 Vitamin E (vseracemni-alfa-tokoferil acetat) 95 mg, E4 bakrov sulfat pentahidrat 40 mg, E1 \u017eeljezov karbonat 42 mg, E5 manganov oksid 52 mg, E6 cinkov sulfat monohidrat 124 mg, E2 kalijev jodid 1 mg, E8 natrijev selenit 0,22 mg<\/p>\n<table border=\"1\" cellspacing=\"0\" cellpadding=\"0\">\n<tbody>\n<tr>\n<td colspan=\"10\" width=\"680\"><strong>Preporu\u010dena dnevna doza:<\/strong><\/td>\n<\/tr>\n<tr>\n<td valign=\"top\" width=\"161\"><strong>Te\u017eina psa<\/strong><\/td>\n<td width=\"58\">8 kg<\/td>\n<td width=\"58\">12 kg<\/td>\n<td width=\"58\">16 kg<\/td>\n<td width=\"58\">20 kg<\/td>\n<td width=\"58\">25 kg<\/td>\n<td width=\"58\">30 kg<\/td>\n<td width=\"58\">35 kg<\/td>\n<td width=\"58\">40 kg<\/td>\n<td width=\"58\">45 kg<\/td>\n<\/tr>\n<tr>\n<td valign=\"top\" width=\"161\"><strong>Dnevna doza:<\/strong><\/td>\n<td width=\"58\">160 g<\/td>\n<td width=\"58\">205 g<\/td>\n<td width=\"58\">250 g<\/td>\n<td width=\"58\">290 g<\/td>\n<td width=\"58\">335 g<\/td>\n<td width=\"58\">375 g<\/td>\n<td width=\"58\">415 g<\/td>\n<td width=\"58\">450 g<\/td>\n<td width=\"58\">490 g<\/td>\n<\/tr>\n<\/tbody>\n<\/table>\n<p><span style=\"font-size: 11px;\"> <\/span><\/p>\n","protected":false},"excerpt":{"rendered":"Uravnote\u017eena hrana stvorena za potrebe odraslih pasa, s govedinom i piletinom. Pile\u0107e meso je odli\u010dan izvor bjelan\u010devina potrebnih za obnovu i rast stanica, a govedina je bogata cinkom, koji je nu\u017ean za zdrave kosti, sjajnu dlaku i rad imunolo\u0161kog sustava. ","protected":false},"featured_media":84050,"comment_status":"open","ping_status":"closed","template":"","meta":{"_acf_changed":false,"inline_featured_image":false},"product_cat":[3787,3828,3688,3683,3745],"product_tag":[],"class_list":{"0":"post-163718","1":"product","2":"type-product","3":"status-publish","4":"has-post-thumbnail","6":"product_brand-meglium","7":"product_cat-akcije","8":"product_cat-ekonomicna-pakiranja","9":"product_cat-pasja-hrana","10":"product_cat-psi","11":"product_cat-suha-hrana-za-pse","12":"pa_pakiranje-14-kg","13":"pa_pakiranje-2-x-14-kg","14":"pa_pakiranje-25-kg","15":"pa_starostno-obdobje-odrasli","16":"pa_velikost-pasme-mali","17":"pa_velikost-pasme-srednji","18":"pa_velikost-pasme-veliki","19":"pa_zivalska-beljakovina-govedina","20":"pa_zivalska-beljakovina-piletina","22":"first","23":"instock","24":"sale","25":"taxable","26":"shipping-taxable","27":"purchasable","28":"product-type-variable"},"acf":[],"gallery_images":[],"_links":{"self":[{"href":"https:\/\/www.hranazapse.si\/hr\/wp-json\/wp\/v2\/product\/163718","targetHints":{"allow":["GET"]}}],"collection":[{"href":"https:\/\/www.hranazapse.si\/hr\/wp-json\/wp\/v2\/product"}],"about":[{"href":"https:\/\/www.hranazapse.si\/hr\/wp-json\/wp\/v2\/types\/product"}],"replies":[{"embeddable":true,"href":"https:\/\/www.hranazapse.si\/hr\/wp-json\/wp\/v2\/comments?post=163718"}],"wp:featuredmedia":[{"embeddable":true,"href":"https:\/\/www.hranazapse.si\/hr\/wp-json\/wp\/v2\/media\/84050"}],"wp:attachment":[{"href":"https:\/\/www.hranazapse.si\/hr\/wp-json\/wp\/v2\/media?parent=163718"}],"wp:term":[{"taxonomy":"product_cat","embeddable":true,"href":"https:\/\/www.hranazapse.si\/hr\/wp-json\/wp\/v2\/product_cat?post=163718"},{"taxonomy":"product_tag","embeddable":true,"href":"https:\/\/www.hranazapse.si\/hr\/wp-json\/wp\/v2\/product_tag?post=163718"}],"curies":[{"name":"wp","href":"https:\/\/api.w.org\/{rel}","templated":true}]}}