{"id":164140,"date":"2024-04-10T10:06:45","date_gmt":"2024-04-10T08:06:45","guid":{"rendered":"https:\/\/www.hranazapse.si\/shop\/Bez kategorije\/hurtta-hladilna-harness-ljubicasta-xl-80-100cm-zadnji-komad\/"},"modified":"2024-04-10T10:06:45","modified_gmt":"2024-04-10T08:06:45","slug":"hurtta-hladilna-harness-ljubicasta-xl-80-100cm-zadnji-komad","status":"publish","type":"product","link":"https:\/\/www.hranazapse.si\/hr\/shop\/psi\/oprema\/ljeto\/hurtta-hladilna-harness-ljubicasta-xl-80-100cm-zadnji-komad\/","title":{"rendered":"Hurtta hladilna harness &#8211; ljubi\u010dasta XL 80-100cm (zadnji komad)"},"content":{"rendered":"<p><strong>Hurtta hladilna harness<\/strong> osigurava u\u010dinkovito hla\u0111enje za tvog ljubimca, smanjuje tjelesnu toplinu i pru\u017ea udobnost \u010dak i po najtoplijem vremenu. Najbolje od svega je \u0161to je sigurna za tvog psa jer opona\u0161a prirodni proces hla\u0111enja pse\u0107eg tijela. Jednostavno namo\u010di hladnom vodom, ocijedi i ve\u0107 je spremna za hla\u0111enje. Kako hladna voda isparava, stvara u\u010dinak hla\u0111enja i poma\u017ee u hla\u0111enju tvog psa.   <\/p>\n<p><strong>VELI\u010cINE:<\/strong><br \/>\nVeli\u010dinu odre\u0111ujemo tako da izmjerimo opseg prsnog ko\u0161a \u2013 na naj\u0161irem dijelu prsnog ko\u0161a odmah iza prednjih \u0161apa. Veli\u010dina je opseg prsnog ko\u0161a u cm. Ako je pas to\u010dno na granici izme\u0111u dvije veli\u010dine, odaberi ve\u0107u.  <\/p>\n","protected":false},"excerpt":{"rendered":"Hurtta hladilna harness je podesiva oko vrata i prsa. Dodatni rashladni d\u017eepi\u0107 omogu\u0107uje produljenje vremena hla\u0111enja. ","protected":false},"featured_media":85017,"comment_status":"open","ping_status":"closed","template":"","meta":{"_acf_changed":false,"inline_featured_image":false},"product_cat":[4001,4039,3763,3792,3683],"product_tag":[4144],"class_list":{"0":"post-164140","1":"product","2":"type-product","3":"status-publish","4":"has-post-thumbnail","6":"product_brand-hurtta","7":"product_cat-cooling-plast","8":"product_cat-ljeto","9":"product_cat-odjeca","10":"product_cat-oprema","11":"product_cat-psi","12":"product_tag-akcija","13":"pa_velikost-45-60cm","14":"pa_velikost-60-80cm","15":"pa_velikost-80-100cm","17":"first","18":"instock","19":"sale","20":"taxable","21":"shipping-taxable","22":"purchasable","23":"product-type-variable"},"acf":[],"gallery_images":[85018,85019],"_links":{"self":[{"href":"https:\/\/www.hranazapse.si\/hr\/wp-json\/wp\/v2\/product\/164140","targetHints":{"allow":["GET"]}}],"collection":[{"href":"https:\/\/www.hranazapse.si\/hr\/wp-json\/wp\/v2\/product"}],"about":[{"href":"https:\/\/www.hranazapse.si\/hr\/wp-json\/wp\/v2\/types\/product"}],"replies":[{"embeddable":true,"href":"https:\/\/www.hranazapse.si\/hr\/wp-json\/wp\/v2\/comments?post=164140"}],"wp:featuredmedia":[{"embeddable":true,"href":"https:\/\/www.hranazapse.si\/hr\/wp-json\/wp\/v2\/media\/85017"}],"wp:attachment":[{"href":"https:\/\/www.hranazapse.si\/hr\/wp-json\/wp\/v2\/media?parent=164140"}],"wp:term":[{"taxonomy":"product_cat","embeddable":true,"href":"https:\/\/www.hranazapse.si\/hr\/wp-json\/wp\/v2\/product_cat?post=164140"},{"taxonomy":"product_tag","embeddable":true,"href":"https:\/\/www.hranazapse.si\/hr\/wp-json\/wp\/v2\/product_tag?post=164140"}],"curies":[{"name":"wp","href":"https:\/\/api.w.org\/{rel}","templated":true}]}}