{"id":164176,"date":"2024-04-10T10:47:41","date_gmt":"2024-04-10T08:47:41","guid":{"rendered":"https:\/\/www.hranazapse.si\/shop\/Bez kategorije\/ruffwear-swamp-cooler-zip-rashladni-prsluk-xxs-zadnji-komad\/"},"modified":"2024-04-10T10:47:41","modified_gmt":"2024-04-10T08:47:41","slug":"ruffwear-swamp-cooler-zip-rashladni-prsluk-xxs-zadnji-komad","status":"publish","type":"product","link":"https:\/\/www.hranazapse.si\/hr\/shop\/psi\/oprema\/ljeto\/ruffwear-swamp-cooler-zip-rashladni-prsluk-xxs-zadnji-komad\/","title":{"rendered":"Ruffwear Swamp Cooler Zip rashladni prsluk XXS (zadnji komad)"},"content":{"rendered":"<div id=\"ProductIntroduction-P965\" class=\"GC11 ProductIntroduction\" style=\"text-align: left;\">Ruffwearov Swamp Cooler Zip Vest (prije Jet Stream) u\u010dinkovito hladi psa sjen\u010danjem i evaporacijskim hla\u0111enjem tijekom brzih i intenzivnih aktivnosti. Elastan na le\u0111nom dijelu prsluka smanjuje te\u017einu odje\u0107e, omogu\u0107uje dobro prianjanje i odbija sun\u010deve zrake, dok troslojna Ruffwearova tkanina na donjem dijelu prsluka hladi prsni ko\u0161 psa prirodnim evaporacijskim hla\u0111enjem. Za aktivaciju, potopi prsluk u hladnu vodu, ocijedi ga i zakop\u010daj psu.  <\/div>\n<div style=\"text-align: left;\"><\/div>\n<div><\/div>\n<div style=\"text-align: left;\"><strong><span style=\"color: #ff0000;\"><a style=\"color: #ff0000;\" href=\"https:\/\/www.youtube.com\/watch?v=YwbiIsrxhzg\">VIDEO (klikni ovdje)<\/a><\/span><\/strong><\/div>\n<div>\n<p style=\"text-align: left;\"><strong>ZA\u0160TITA UPF 50+ <\/strong>Lagana le\u0111na plo\u010da od spandeksa pru\u017ea sjenu i ima za\u0161titni faktor UPF 50+.<\/p>\n<p style=\"text-align: left;\"><strong>TEHNOLOGIJA SWAMP COOLER <\/strong>Troslojna konstrukcija za maksimalno hla\u0111enje.<\/p>\n<\/div>\n<div id=\"ProductDescription-P965\" class=\"GC12 ProductDescription\">\n<div class=\"row clearfix g01 sf-cb\">\n<div class=\"column full\">\n<p>NOVOSTI: novi materijali zadr\u017eavaju vi\u0161e vode za dulje djelovanje; pobolj\u0161an kroj za bolje prianjanje.<\/p>\n<ul dir=\"ltr\">\n<li>\n<div>Le\u0111ni dio od laganog elastana za za\u0161titu od sun\u010devih zraka.<\/div>\n<\/li>\n<li>\n<div>Prsni dio od troslojne tkanine za maksimalan rashladni u\u010dinak:<\/div>\n<ul dir=\"ltr\">\n<li>\n<ul>\n<li>gornji mre\u017easti sloj za dobro isparavanje vode<\/li>\n<li>upijaju\u0107i srednji sloj za pohranu vode za isparavanje<\/li>\n<li>udoban donji sloj za prijenos rashladnog u\u010dinka prsluka na psa<\/li>\n<\/ul>\n<\/li>\n<\/ul>\n<\/li>\n<li>\n<div>Dizajniran za nesmetano kretanje pri sportskim podvizima.<\/div>\n<\/li>\n<li>\n<div>Zatvaranje patentnim zatvara\u010dem.<\/div>\n<\/li>\n<\/ul>\n<\/div>\n<\/div>\n<\/div>\n<p>Veli\u010dina:<br \/>\nVeli\u010dinu odre\u0111ujemo mjerenjem opsega prsnog ko\u0161a odmah iza prednjih \u0161apa na naj\u0161irem dijelu rebara.<br \/>\nXXS: 33 \u2013 43 cm<\/p>\n<p>XS: 43 \u2013 56 cm<\/p>\n<p>S: 56 \u2013 69 cm<\/p>\n<p>M: 69 \u2013 81 cm<\/p>\n<p>L: 81 \u2013 91 cm<\/p>\n<p>XL: 91 \u2013 107 cm<\/p>\n<div>\n<p><strong>Upute za odr\u017eavanje:<\/strong><\/p>\n<p>Zakop\u010daj patentni zatvara\u010d i peri u perilici na niskoj temperaturi na programu za osjetljive tkanine. Koristi blago sredstvo za \u010di\u0161\u0107enje. Su\u0161i na zraku. Ne koristi izbjeljiva\u010d i ne peglaj. Nije dopu\u0161teno kemijsko \u010di\u0161\u0107enje.    <\/p>\n<\/div>\n","protected":false},"excerpt":{"rendered":"Ruffwear rashladni prsluk tirkizni zip vest. Lagan i prianjaju\u0107i rashladni prsluk za aktivne pse ","protected":false},"featured_media":85056,"comment_status":"open","ping_status":"closed","template":"","meta":{"_acf_changed":false,"inline_featured_image":false},"product_cat":[4001,4039,3763,3792,3683,3765],"product_tag":[4042],"class_list":{"0":"post-164176","1":"product","2":"type-product","3":"status-publish","4":"has-post-thumbnail","6":"product_brand-ruffwear","7":"product_cat-cooling-plast","8":"product_cat-ljeto","9":"product_cat-odjeca","10":"product_cat-oprema","11":"product_cat-psi","12":"product_cat-rasprodaja","13":"product_tag-novo","14":"pa_velikost-l","15":"pa_velikost-m","16":"pa_velikost-s","17":"pa_velikost-xl","18":"pa_velikost-xs","19":"pa_velikost-xxs","21":"first","22":"instock","23":"sale","24":"taxable","25":"shipping-taxable","26":"purchasable","27":"product-type-variable"},"acf":[],"gallery_images":[85038,85065,85064,85060,85058,85044,85037,85043],"_links":{"self":[{"href":"https:\/\/www.hranazapse.si\/hr\/wp-json\/wp\/v2\/product\/164176","targetHints":{"allow":["GET"]}}],"collection":[{"href":"https:\/\/www.hranazapse.si\/hr\/wp-json\/wp\/v2\/product"}],"about":[{"href":"https:\/\/www.hranazapse.si\/hr\/wp-json\/wp\/v2\/types\/product"}],"replies":[{"embeddable":true,"href":"https:\/\/www.hranazapse.si\/hr\/wp-json\/wp\/v2\/comments?post=164176"}],"wp:featuredmedia":[{"embeddable":true,"href":"https:\/\/www.hranazapse.si\/hr\/wp-json\/wp\/v2\/media\/85056"}],"wp:attachment":[{"href":"https:\/\/www.hranazapse.si\/hr\/wp-json\/wp\/v2\/media?parent=164176"}],"wp:term":[{"taxonomy":"product_cat","embeddable":true,"href":"https:\/\/www.hranazapse.si\/hr\/wp-json\/wp\/v2\/product_cat?post=164176"},{"taxonomy":"product_tag","embeddable":true,"href":"https:\/\/www.hranazapse.si\/hr\/wp-json\/wp\/v2\/product_tag?post=164176"}],"curies":[{"name":"wp","href":"https:\/\/api.w.org\/{rel}","templated":true}]}}