{"id":164194,"date":"2024-04-10T11:24:14","date_gmt":"2024-04-10T09:24:14","guid":{"rendered":"https:\/\/www.hranazapse.si\/shop\/Bez kategorije\/ruffwear-swamp-cooler-vest-rashladni-prsluk-tirkizni\/"},"modified":"2024-04-10T11:24:14","modified_gmt":"2024-04-10T09:24:14","slug":"ruffwear-swamp-cooler-vest-rashladni-prsluk-tirkizni","status":"publish","type":"product","link":"https:\/\/www.hranazapse.si\/hr\/shop\/psi\/oprema\/ljeto\/ruffwear-swamp-cooler-vest-rashladni-prsluk-tirkizni\/","title":{"rendered":"Ruffwear Swamp Cooler Vest rashladni prsluk &#8211; tirkizni"},"content":{"rendered":"<div id=\"ProductIntroduction-P965\" class=\"GC11 ProductIntroduction\" style=\"text-align: left;\"><\/div>\n<div><\/div>\n<div style=\"text-align: left;\"><strong><span style=\"color: #ff0000;\"><a style=\"color: #ff0000;\" href=\"https:\/\/www.youtube.com\/watch?v=LuUwNJuUMt0\">VIDEO (klikni ovdje)<\/a><\/span><\/strong><\/div>\n<div>\n<p style=\"text-align: left;\"><strong>ZA\u0160TITA UPF 50+ <\/strong>Lagana stra\u017enja plo\u010da od spandeksa pru\u017ea sjenu i ima za\u0161titni faktor UPF 50+.<\/p>\n<p style=\"text-align: left;\"><strong>TEHNOLOGIJA SWAMP COOLER <\/strong>Troslojna konstrukcija za maksimalno hla\u0111enje.<\/p>\n<\/div>\n<div id=\"ProductDescription-P965\" class=\"GC12 ProductDescription\">\n<div class=\"row clearfix g01 sf-cb\">\n<div class=\"column full\">\n<p>Ljetne \u0161etnje, igra na pla\u017ei, vo\u017enja \u010damcem, sudjelovanje na natjecanjima ili izlo\u017ebama na jakom ljetnom suncu \u2013 svijetla tkanina Ruffwear-ovog Swamp Cooler prsluka odbija sun\u010deve zrake i zajedno s prirodnim evaporacijskim hla\u0111enjem poma\u017ee tvom psu da se ne pregrije.<\/p>\n<p>Za aktivaciju potopi prsluk u hladnu vodu, ocijedi ga i pri\u010dvrsti na psa. Prsluk mo\u017ee\u0161 namo\u010diti i u slanoj vodi, samo ga na kraju dana mora\u0161 dobro isprati slatkom vodom kako bi iz pora uklonio sol, jer \u0107e se ina\u010de njegov u\u010dinak smanjiti. <\/p>\n<p>Rashladni prsluk mo\u017ee se nositi preko orme i ima otvor na le\u0111ima za pri\u010dvr\u0161\u0107ivanje povodca na ormu.<\/p>\n<p>NOVOSTI: izdr\u017eljivija tkanina, ve\u0107i kapacitet zadr\u017eavanja vode.<\/p>\n<ul dir=\"ltr\">\n<li>\n<div>Psa hladi prirodno isparavanje vode.<\/div>\n<\/li>\n<li>\n<div>Troslojni sustav odje\u0107e za maksimalni u\u010dinak hla\u0111enja:<\/div>\n<ul>\n<li>gornji mre\u017easti sloj za dobro isparavanje vode<\/li>\n<li>upijaju\u0107i srednji sloj za pohranu vode za isparavanje<\/li>\n<li>udoban donji sloj za prijenos rashladnog u\u010dinka prsluka na psa<\/li>\n<\/ul>\n<\/li>\n<li>\n<div>Boja i materijal prsluka odbijaju sun\u010devu svjetlost i ultraljubi\u010daste zrake.<\/div>\n<\/li>\n<li>\n<div>Dizajniran za dobru pokrivenost i neometano kretanje.<\/div>\n<\/li>\n<li>\n<div>Prekrivene bo\u010dne kop\u010de za jednostavno obla\u010denje \/ skidanje.<\/div>\n<\/li>\n<li>\n<div>Reflektiraju\u0107i obrubi za bolju vidljivost u uvjetima slabog osvjetljenja i dodatna om\u010da za pri\u010dvr\u0161\u0107ivanje The Beacon svjetiljke.<\/div>\n<\/li>\n<\/ul>\n<\/div>\n<\/div>\n<\/div>\n<p><strong>Veli\u010dina: <\/strong>Veli\u010dina se odre\u0111uje mjerenjem opsega prsnog ko\u0161a odmah iza prednjih \u0161apa na naj\u0161irem dijelu rebara. Ako je tvoj pas izme\u0111u dvije veli\u010dine, preporu\u010dujemo odabir manje. <\/p>\n<p>XXS : 33-43 cm<\/p>\n<p>XS : 43-56 cm<\/p>\n<p>S : 56-69 cm<\/p>\n<p>M : 69-81 cm<\/p>\n<p>L : 81-91 cm<\/p>\n<p>XL : 91-107 cm<\/p>\n<div>\n<p><strong>Upute za odr\u017eavanje:<\/strong><\/p>\n<p>Zatvori patentni zatvara\u010d i peri u perilici na niskoj temperaturi na programu za osjetljive tkanine. Koristi blagi deterd\u017eent. Osu\u0161i na zraku. Ne koristi izbjeljiva\u010d i ne gla\u010daj. Nije dopu\u0161teno kemijsko \u010di\u0161\u0107enje.    <\/p>\n<\/div>\n","protected":false},"excerpt":{"rendered":"<div id=\"ProductDescription-P57672\" class=\"GC12 ProductDescription\">\n<div class=\"row clearfix g01 sf-cb\">\n<div class=\"column full\">\n<div>\n\nLjetne \u0161etnje, igra na pla\u017ei, vo\u017enja \u010damcem, sudjelovanje na natjecanjima ili izlo\u017ebama na jakom ljetnom suncu \u2013 svijetla tkanina Ruffwear-ovog Swamp Cooler prsluka odbija sun\u010deve zrake i zajedno s prirodnim evaporacijskim hla\u0111enjem poma\u017ee tvom psu da se ne pregrije.\n\n<\/div>\n<\/div>\n<\/div>\n<\/div>","protected":false},"featured_media":85116,"comment_status":"open","ping_status":"closed","template":"","meta":{"_acf_changed":false,"inline_featured_image":false},"product_cat":[4001,4039,3907,3763,3792,3683],"product_tag":[4042],"class_list":{"0":"post-164194","1":"product","2":"type-product","3":"status-publish","4":"has-post-thumbnail","6":"product_brand-ruffwear","7":"product_cat-cooling-plast","8":"product_cat-ljeto","9":"product_cat-novi-proizvodi","10":"product_cat-odjeca","11":"product_cat-oprema","12":"product_cat-psi","13":"product_tag-novo","14":"pa_velikost-l","15":"pa_velikost-m","16":"pa_velikost-s","17":"pa_velikost-xl","18":"pa_velikost-xs","19":"pa_velikost-xxs","21":"first","22":"instock","23":"taxable","24":"shipping-taxable","25":"purchasable","26":"product-type-variable"},"acf":[],"gallery_images":[85038,85065,85115,85114],"_links":{"self":[{"href":"https:\/\/www.hranazapse.si\/hr\/wp-json\/wp\/v2\/product\/164194","targetHints":{"allow":["GET"]}}],"collection":[{"href":"https:\/\/www.hranazapse.si\/hr\/wp-json\/wp\/v2\/product"}],"about":[{"href":"https:\/\/www.hranazapse.si\/hr\/wp-json\/wp\/v2\/types\/product"}],"replies":[{"embeddable":true,"href":"https:\/\/www.hranazapse.si\/hr\/wp-json\/wp\/v2\/comments?post=164194"}],"wp:featuredmedia":[{"embeddable":true,"href":"https:\/\/www.hranazapse.si\/hr\/wp-json\/wp\/v2\/media\/85116"}],"wp:attachment":[{"href":"https:\/\/www.hranazapse.si\/hr\/wp-json\/wp\/v2\/media?parent=164194"}],"wp:term":[{"taxonomy":"product_cat","embeddable":true,"href":"https:\/\/www.hranazapse.si\/hr\/wp-json\/wp\/v2\/product_cat?post=164194"},{"taxonomy":"product_tag","embeddable":true,"href":"https:\/\/www.hranazapse.si\/hr\/wp-json\/wp\/v2\/product_tag?post=164194"}],"curies":[{"name":"wp","href":"https:\/\/api.w.org\/{rel}","templated":true}]}}