{"id":165511,"date":"2023-01-19T12:44:30","date_gmt":"2023-01-19T11:44:30","guid":{"rendered":"https:\/\/www.hranazapse.si\/shop\/Bez kategorije\/dibaq-sense-cat-tuno-i-divji-boar\/"},"modified":"2023-01-19T12:44:30","modified_gmt":"2023-01-19T11:44:30","slug":"dibaq-sense-cat-tuno-i-divji-boar","status":"publish","type":"product","link":"https:\/\/www.hranazapse.si\/hr\/shop\/macke\/hrana-za-macke\/mokra-hrana-za-macke\/dibaq-sense-cat-tuno-i-divji-boar\/","title":{"rendered":"Dibaq Sense CAT Tuno i Divji boar"},"content":{"rendered":"<p><strong>Sastav:<\/strong> tun 50%, divji boar 4%, borovnice 4%, lososovo ulje, prebiotici 0,2 g\/kg, prirodni antioksidansi (rakitovec), ekstrakt juke 0,2 g\/kg.<\/p>\n<p><strong>Tipi\u010dna analiza:<\/strong> sirovi proteini 15,2%, sirove masti 2,2%, sirova vlakna 0,7%, anorganske tvari 1,5%, vlaga 77,5%.<\/p>\n<p><strong>Aditivi: <\/strong>Taurin 700 mg\/kg, omega3 0,52%, omega6 0,39%.<\/p>\n","protected":false},"excerpt":{"rendered":"Dibaq Sense ukusna pa\u0161teta s tunom i divljim boarom sadr\u017ei \u010dak 54% svje\u017eeg mesa i odli\u010dan je izbor za mlade i odrasle ma\u010dke. Svje\u017eina i punno\u0107a okusa te sama tekstura hrane uvjerit \u0107e i one najizbirljivije. Dopunska hrana lako je probavljiva i sadr\u017ei samo prirodne sastojke, bez genetski modificiranih organizama i umjetnih dodataka. Odli\u010dan izbor za sve koji za svoju ma\u010dku \u017eele samo najbolje!   ","protected":false},"featured_media":69104,"comment_status":"open","ping_status":"closed","template":"","meta":{"_acf_changed":false,"inline_featured_image":false},"product_cat":[3692,3691,3747,3907],"product_tag":[4042],"class_list":{"0":"post-165511","1":"product","2":"type-product","3":"status-publish","4":"has-post-thumbnail","6":"product_brand-dibaq-sense","7":"product_cat-hrana-za-macke","8":"product_cat-macke","9":"product_cat-mokra-hrana-za-macke","10":"product_cat-novi-proizvodi","11":"product_tag-novo","12":"pa_pakiranje-70-g","13":"pa_posebne-potrebe-bez-glutena","14":"pa_posebne-potrebe-bez-zitarica","15":"pa_posebne-potrebe-opce-zdravlje","16":"pa_starostno-obdobje-macici","17":"pa_starostno-obdobje-odrasli","18":"pa_starostno-obdobje-seniori","19":"pa_velikost-pasme-mali","20":"pa_velikost-pasme-srednji","21":"pa_velikost-pasme-veliki","22":"pa_zivalska-beljakovina-divlji-vepar","23":"pa_zivalska-beljakovina-riba","25":"first","26":"instock","27":"taxable","28":"shipping-taxable","29":"purchasable","30":"product-type-variable"},"acf":[],"gallery_images":[],"_links":{"self":[{"href":"https:\/\/www.hranazapse.si\/hr\/wp-json\/wp\/v2\/product\/165511","targetHints":{"allow":["GET"]}}],"collection":[{"href":"https:\/\/www.hranazapse.si\/hr\/wp-json\/wp\/v2\/product"}],"about":[{"href":"https:\/\/www.hranazapse.si\/hr\/wp-json\/wp\/v2\/types\/product"}],"replies":[{"embeddable":true,"href":"https:\/\/www.hranazapse.si\/hr\/wp-json\/wp\/v2\/comments?post=165511"}],"wp:featuredmedia":[{"embeddable":true,"href":"https:\/\/www.hranazapse.si\/hr\/wp-json\/wp\/v2\/media\/69104"}],"wp:attachment":[{"href":"https:\/\/www.hranazapse.si\/hr\/wp-json\/wp\/v2\/media?parent=165511"}],"wp:term":[{"taxonomy":"product_cat","embeddable":true,"href":"https:\/\/www.hranazapse.si\/hr\/wp-json\/wp\/v2\/product_cat?post=165511"},{"taxonomy":"product_tag","embeddable":true,"href":"https:\/\/www.hranazapse.si\/hr\/wp-json\/wp\/v2\/product_tag?post=165511"}],"curies":[{"name":"wp","href":"https:\/\/api.w.org\/{rel}","templated":true}]}}