{"id":165628,"date":"2023-06-01T11:37:34","date_gmt":"2023-06-01T09:37:34","guid":{"rendered":"https:\/\/www.hranazapse.si\/shop\/Bez kategorije\/adult-medium-maxi-chicken-rice-breeders\/"},"modified":"2023-06-01T11:37:34","modified_gmt":"2023-06-01T09:37:34","slug":"adult-medium-maxi-chicken-rice-breeders","status":"publish","type":"product","link":"https:\/\/www.hranazapse.si\/hr\/shop\/psi\/pasja-hrana\/suha-hrana-za-pse\/adult-medium-maxi-chicken-rice-breeders\/","title":{"rendered":"Adult Medium Maxi Chicken &#038; Rice BREEDERS"},"content":{"rendered":"<p><strong>SASTAV:<\/strong> dehidrirani pile\u0107i proteini (24 %), Rice (22 %), kukuruz, svje\u017ee pile\u0107e meso (15 %), kukuruzne mekinje, pile\u0107a mast, riblje mesne bra\u0161no, laneno sjeme (2 %), su\u0161ena pulpa repe, kvasac, bra\u0161no morskih algi (0,24 %), natrijev klorid, kvasni proizvodi MOS (0,16 %), fruktooligosaharidi (FOS 0,1 %), Mojave yucca (0,0265 %), sjemenke sikavice (Silybum marianum L.) (0,02 %), dehidrirana stabljika ananasa (0,02 %), dehidrirana kora nara (0,02 %), dehidrirane maline (0,0006 %)<\/p>\n<p><strong>Dodaci po kg:<br \/>\n<\/strong>3a672a vitamin A 17.500 IU<br \/>\nvitamin D3 1.200 IU<br \/>\n3a700 vitamin E 145 mg<br \/>\nE4 bakrov sulfat pentahidrat 14,5 mg<br \/>\nE1 \u017eeljezov karbonat 29 mg<br \/>\nE5 manganov oksid 58 mg<br \/>\n3b605 cinkov sulfat monohidrat 65 mg<br \/>\n3b201 kalijev jodid 3,14 mg<br \/>\nE8 natrijev selenit 0,15 mg<\/p>\n<p>&nbsp;<\/p>\n<p><strong>ANALITI\u010cKE VRIJEDNOSTI:<\/strong><br \/>\nVLAGA 8 %<br \/>\nBJELAN\u010cEVINE 25 %<br \/>\nSIROVA ULJA I MASTI 15 %<br \/>\nSIROVI PEPEO 6,9 %<br \/>\nSIROVA VLAKNA 2,1 %<\/p>\n","protected":false},"excerpt":{"rendered":"Ukusna hrana, stvorena za odrasle pse srednjih i velikih pasmina, uvjerit \u0107e te odli\u010dnim spojem svje\u017ee piletine i Rice. Pile\u0107e meso sadr\u017ei lako probavljive bjelan\u010devine s visokim udjelom hranjivih tvari koje se brinu za pravilno funkcioniranje organizma. ","protected":false},"featured_media":73745,"comment_status":"open","ping_status":"closed","template":"","meta":{"_acf_changed":false,"inline_featured_image":false},"product_cat":[3828,3688,3683,3745],"product_tag":[],"class_list":{"0":"post-165628","1":"product","2":"type-product","3":"status-publish","4":"has-post-thumbnail","6":"product_brand-crockex-wellness","7":"product_cat-ekonomicna-pakiranja","8":"product_cat-pasja-hrana","9":"product_cat-psi","10":"product_cat-suha-hrana-za-pse","11":"pa_pakiranje-20-kg","12":"pa_pakiranje-2x20-kg","13":"pa_posebne-potrebe-opce-zdravlje","14":"pa_starostno-obdobje-odrasli","15":"pa_velikost-pasme-srednji","16":"pa_velikost-pasme-veliki","17":"pa_zivalska-beljakovina-piletina","18":"pa_zivalska-beljakovina-riba","20":"first","21":"instock","22":"sale","23":"taxable","24":"shipping-taxable","25":"purchasable","26":"product-type-variable"},"acf":[],"gallery_images":[],"_links":{"self":[{"href":"https:\/\/www.hranazapse.si\/hr\/wp-json\/wp\/v2\/product\/165628","targetHints":{"allow":["GET"]}}],"collection":[{"href":"https:\/\/www.hranazapse.si\/hr\/wp-json\/wp\/v2\/product"}],"about":[{"href":"https:\/\/www.hranazapse.si\/hr\/wp-json\/wp\/v2\/types\/product"}],"replies":[{"embeddable":true,"href":"https:\/\/www.hranazapse.si\/hr\/wp-json\/wp\/v2\/comments?post=165628"}],"wp:featuredmedia":[{"embeddable":true,"href":"https:\/\/www.hranazapse.si\/hr\/wp-json\/wp\/v2\/media\/73745"}],"wp:attachment":[{"href":"https:\/\/www.hranazapse.si\/hr\/wp-json\/wp\/v2\/media?parent=165628"}],"wp:term":[{"taxonomy":"product_cat","embeddable":true,"href":"https:\/\/www.hranazapse.si\/hr\/wp-json\/wp\/v2\/product_cat?post=165628"},{"taxonomy":"product_tag","embeddable":true,"href":"https:\/\/www.hranazapse.si\/hr\/wp-json\/wp\/v2\/product_tag?post=165628"}],"curies":[{"name":"wp","href":"https:\/\/api.w.org\/{rel}","templated":true}]}}