{"id":165751,"date":"2023-10-26T11:54:33","date_gmt":"2023-10-26T09:54:33","guid":{"rendered":"https:\/\/www.hranazapse.si\/shop\/Bez kategorije\/real-nature-wilderness-adult-tamni-fjord-sob-i-losos-s-patkom\/"},"modified":"2023-10-26T11:54:33","modified_gmt":"2023-10-26T09:54:33","slug":"real-nature-wilderness-adult-tamni-fjord-sob-i-losos-s-patkom","status":"publish","type":"product","link":"https:\/\/www.hranazapse.si\/hr\/shop\/psi\/pasja-hrana\/suha-hrana-za-pse\/real-nature-wilderness-adult-tamni-fjord-sob-i-losos-s-patkom\/","title":{"rendered":"Real Nature Wilderness Adult Tamni Fjord Sob i Losos s Patkom"},"content":{"rendered":"<p><strong>Sastav:<\/strong> bjelan\u010devine jelena (30 %), gra\u0161ak (22 %), svje\u017ei losos (20 %), bjelan\u010devine lososa (10 %), pa\u010dja mast (5 %), lososovo ulje (5 %), jabu\u010dna ka\u0161a (5 %), mrkva (1 %), \u0161pinat (1 %), glukozamin (0,026 %), kondroitin sulfat (0,018 %), manan-oligosaharidi (0,015 %), frukto-oligosaharidi (0,01 %), Yucca schidigera u prahu (0,01 %), brusnice (0,005 %), ru\u017emarin (0,004 %), ljuske i sjemenke indijskog trputca (0,002 %), alge (Ascophyllum nodosum, 0,002 %), timijan (0,001 %), menta (0,001 %), masla\u010dak (0,001 %), per\u0161in (0,001 %).<\/p>\n<p><strong>Analiti\u010dki sastav:<\/strong> bjelan\u010devine 27 %, sadr\u017eaj masti 18 %, sirovi pepeo 8,2 %, sirova vlakna 2,8 %, kalcij 1,8 %, fosfor 1,3 %.<\/p>\n<p><strong>Dodaci\/kg, nutritivni dodaci:<\/strong> vitamin A 20000 IU, vitamin D3 1500 IU, vitamin E 500 mg, vitamin B2 4 mg, \u017eeljezo (3b103) 72 mg, bakar (3b405) 15 mg, jod (3b201) 0,65 mg, mangan (3b502) 35 mg, selen (3b801) 0,25 mg, cink (3b605) 80 mg<\/p>\n","protected":false},"excerpt":{"rendered":"Real Nature Wilderness je potpuna hrana za tvog udoma\u0107enog vuka. Budu\u0107i da se receptura temelji na prehrambenim potrebama divljih predaka tvojih krznenih ljubimaca, osigurava tvom ljubimcu sve \u0161to njegov organizam zaista treba za potpuno zdravlje i odli\u010dno raspolo\u017eenje! Bogat obrok sadr\u017ei \u010dak 60% jelena, lososa i patke te 40% vo\u0107a i povr\u0107a. Budu\u0107i da hrana ne sadr\u017ei \u017eitarice i gluten, odli\u010dan je izbor i za sve osjetljive pse.   ","protected":false},"featured_media":78029,"comment_status":"open","ping_status":"closed","template":"","meta":{"_acf_changed":false,"inline_featured_image":false},"product_cat":[3787,3688,3788,3683,3745],"product_tag":[],"class_list":{"0":"post-165751","1":"product","2":"type-product","3":"status-publish","4":"has-post-thumbnail","6":"product_brand-real-nature","7":"product_cat-akcije","8":"product_cat-pasja-hrana","9":"product_cat-posebne-mjesecne-akcije","10":"product_cat-psi","11":"product_cat-suha-hrana-za-pse","12":"pa_pakiranje-1-kg","13":"pa_pakiranje-12-kg","14":"pa_pakiranje-4-kg","15":"pa_posebne-potrebe-alergije","16":"pa_posebne-potrebe-bez-glutena","17":"pa_posebne-potrebe-bez-zitarica","18":"pa_posebne-potrebe-opce-zdravlje","19":"pa_posebne-potrebe-osjetljiv-ljubimac","20":"pa_starostno-obdobje-odrasli","21":"pa_velikost-pasme-mali","22":"pa_velikost-pasme-srednji","23":"pa_velikost-pasme-veliki","24":"pa_zivalska-beljakovina-jelen","25":"pa_zivalska-beljakovina-patka","26":"pa_zivalska-beljakovina-riba","28":"first","29":"instock","30":"taxable","31":"shipping-taxable","32":"purchasable","33":"product-type-variable"},"acf":[],"gallery_images":[],"_links":{"self":[{"href":"https:\/\/www.hranazapse.si\/hr\/wp-json\/wp\/v2\/product\/165751","targetHints":{"allow":["GET"]}}],"collection":[{"href":"https:\/\/www.hranazapse.si\/hr\/wp-json\/wp\/v2\/product"}],"about":[{"href":"https:\/\/www.hranazapse.si\/hr\/wp-json\/wp\/v2\/types\/product"}],"replies":[{"embeddable":true,"href":"https:\/\/www.hranazapse.si\/hr\/wp-json\/wp\/v2\/comments?post=165751"}],"wp:featuredmedia":[{"embeddable":true,"href":"https:\/\/www.hranazapse.si\/hr\/wp-json\/wp\/v2\/media\/78029"}],"wp:attachment":[{"href":"https:\/\/www.hranazapse.si\/hr\/wp-json\/wp\/v2\/media?parent=165751"}],"wp:term":[{"taxonomy":"product_cat","embeddable":true,"href":"https:\/\/www.hranazapse.si\/hr\/wp-json\/wp\/v2\/product_cat?post=165751"},{"taxonomy":"product_tag","embeddable":true,"href":"https:\/\/www.hranazapse.si\/hr\/wp-json\/wp\/v2\/product_tag?post=165751"}],"curies":[{"name":"wp","href":"https:\/\/api.w.org\/{rel}","templated":true}]}}