{"id":166448,"date":"2021-06-11T13:26:47","date_gmt":"2021-06-11T11:26:47","guid":{"rendered":"https:\/\/www.hranazapse.si\/shop\/Bez%20kategorije\/kudo-senior-light-turkey-duck\/"},"modified":"2026-05-08T09:01:08","modified_gmt":"2026-05-08T07:01:08","slug":"kudo-senior-light-turkey-duck","status":"publish","type":"product","link":"https:\/\/www.hranazapse.si\/hr\/shop\/psi\/pasja-hrana\/hladno-presana-hrana-za-pse\/kudo-senior-light-turkey-duck\/","title":{"rendered":"Kudo Senior \/ Light Turkey &#038; Duck"},"content":{"rendered":"<p><strong>Sastav:<\/strong> dehidrirano pure\u0107e i pa\u010dje meso (34 %), pure\u0107a, pa\u010dja i pile\u0107a mast (10 %), su\u0161eni gra\u0161ak (9 %), na suncu su\u0161eno heljdino sjeme, zobene pahuljice (8 %), pure\u0107a jetrica (8 %), kukuruzne pahuljice, su\u0161ena bundeva (2 %), su\u0161ene jabuke (1,8 %), su\u0161ena mrkva (1,2 %), laneno sjeme, ru\u017ei\u010dasti pelini, ekstrakt cikorije, su\u0161eno bilje (kamilica, ru\u017emarin, per\u0161in) (0,3 %), beta glukani, mje\u0161avina vitamina i minerala.<\/p>\n<p><strong>Analiti\u010dki sastav:<\/strong> proteini 26 %, sirove masti 11 %, sirova vlakna 3,2 %, sirovi pepeo 5,5 %, kalcij 1,1 %, fosfor 0,85 %, natrij 0,15 %, vlaga max. 10 %.<\/p>\n<p><strong>Dodaci po kg:<\/strong> Nutritivni dodaci: vitamin A 13500 IU, vitamin D3 1350 IU, vitamin E 135 mg, vitamin B1 3,97 mg, vitamin B2 7,02 mg, vitamin B6 5,4 mg, vitamin B12 0,07 mg, niacin 33,57 mg, pantotenska kiselina 13,89 mg, folna kiselina 0,54 mg, biotin 0,34 mg, vitamin C 100 mg, jod 3,24 mg, selen 0,3 mg, \u017eeljezo 81 mg, bakar 10 mg, cink 100 mg, mangan 10 mg, kolin klorid 1458 mg.<\/p>\n<p><strong>Antioksidansi:<\/strong> ekstrakti biljnih ulja, bogati tokoferolom.<\/p>\n","protected":false},"excerpt":{"rendered":"Kudo hladno pre\u0161ani peleti predstavljaju prirodan i potpun obrok za starije pse i pse s prekomjernom tjelesnom te\u017einom. Napravljeni su na niskim temperaturama, \u0161to omogu\u0107ava zadr\u017eavanje maksimalne nutritivne vrijednosti. Hladno pre\u0161ana hrana je lako probavljiva jer ne bubre u \u017eelucu i stoga je idealna za pse s osjetljivim probavnim sustavom. Sadr\u017ei visok udio kvalitetnog pure\u0107eg i pa\u010djeg mesa te povr\u0107a i bilja koji blagotvorno djeluju na organizam tvog ljubimca.   ","protected":false},"featured_media":166452,"comment_status":"open","ping_status":"closed","template":"","meta":{"_acf_changed":false,"inline_featured_image":false},"product_cat":[3738,3907,3688,3683],"product_tag":[],"class_list":{"0":"post-166448","1":"product","2":"type-product","3":"status-publish","4":"has-post-thumbnail","6":"product_brand-kudo","7":"product_cat-hladno-presana-hrana-za-pse","8":"product_cat-novi-proizvodi","9":"product_cat-pasja-hrana","10":"product_cat-psi","11":"pa_pakiranje-12-kg","12":"pa_pakiranje-2x12-kg","13":"pa_pakiranje-3-kg","14":"pa_posebne-potrebe-dijetna-hrana","15":"pa_posebne-potrebe-osjetljiv-ljubimac","16":"pa_posebne-potrebe-prekomjerna-tezina","17":"pa_starostno-obdobje-odrasli","18":"pa_starostno-obdobje-seniori","19":"pa_velikost-pasme-mali","20":"pa_velikost-pasme-srednji","21":"pa_velikost-pasme-veliki","22":"pa_zivalska-beljakovina-patka","23":"pa_zivalska-beljakovina-purana","25":"first","26":"instock","27":"sale","28":"taxable","29":"shipping-taxable","30":"purchasable","31":"product-type-variable"},"acf":[],"gallery_images":[],"_links":{"self":[{"href":"https:\/\/www.hranazapse.si\/hr\/wp-json\/wp\/v2\/product\/166448","targetHints":{"allow":["GET"]}}],"collection":[{"href":"https:\/\/www.hranazapse.si\/hr\/wp-json\/wp\/v2\/product"}],"about":[{"href":"https:\/\/www.hranazapse.si\/hr\/wp-json\/wp\/v2\/types\/product"}],"replies":[{"embeddable":true,"href":"https:\/\/www.hranazapse.si\/hr\/wp-json\/wp\/v2\/comments?post=166448"}],"wp:featuredmedia":[{"embeddable":true,"href":"https:\/\/www.hranazapse.si\/hr\/wp-json\/wp\/v2\/media\/166452"}],"wp:attachment":[{"href":"https:\/\/www.hranazapse.si\/hr\/wp-json\/wp\/v2\/media?parent=166448"}],"wp:term":[{"taxonomy":"product_cat","embeddable":true,"href":"https:\/\/www.hranazapse.si\/hr\/wp-json\/wp\/v2\/product_cat?post=166448"},{"taxonomy":"product_tag","embeddable":true,"href":"https:\/\/www.hranazapse.si\/hr\/wp-json\/wp\/v2\/product_tag?post=166448"}],"curies":[{"name":"wp","href":"https:\/\/api.w.org\/{rel}","templated":true}]}}