{"id":166731,"date":"2020-02-14T12:40:23","date_gmt":"2020-02-14T11:40:23","guid":{"rendered":"https:\/\/www.hranazapse.si\/shop\/Bez kategorije\/vitakraft-macja-trava-u-kutiji-120-g\/"},"modified":"2020-02-14T12:40:23","modified_gmt":"2020-02-14T11:40:23","slug":"vitakraft-macja-trava-u-kutiji-120-g","status":"publish","type":"product","link":"https:\/\/www.hranazapse.si\/hr\/shop\/macke\/hrana-za-macke\/dodaci\/vitakraft-macja-trava-u-kutiji-120-g\/","title":{"rendered":"Vitakraft ma\u010dja trava u kutiji 120 g"},"content":{"rendered":"<p>U\u017eivanje ma\u010dje trave prirodno je pona\u0161anje za ma\u010dke, stoga svaki dom koji ima ma\u010dku treba i ma\u010dju travu, jer u suprotnom ma\u010dke mogu napasti ku\u0107ne biljke, koje pak mogu biti opasne ili otrovne za ma\u010dku.<\/p>\n<p>Travu odre\u017ei \u0161karama ili je ostavi u posudici i dopusti ma\u010dki da se sama napase.<\/p>\n","protected":false},"excerpt":{"rendered":"Ma\u010dja trava koja raste u posudici i ne zahtijeva sadnju. Sjemenke samo zalijeva\u0161 i za nekoliko dana \u0107e iz posudice izrasti gusta ma\u010dja trava koja \u0107e pobolj\u0161ati probavu i potaknuti prirodno pona\u0161anje kod tvoje ma\u010dke. ","protected":false},"featured_media":40491,"comment_status":"open","ping_status":"open","template":"","meta":{"_acf_changed":false,"inline_featured_image":false},"product_cat":[3735,3692,3691],"product_tag":[],"class_list":{"0":"post-166731","1":"product","2":"type-product","3":"status-publish","4":"has-post-thumbnail","6":"product_cat-dodaci","7":"product_cat-hrana-za-macke","8":"product_cat-macke","9":"pa_pakiranje-120g","11":"first","12":"instock","13":"taxable","14":"shipping-taxable","15":"purchasable","16":"product-type-variable"},"acf":[],"gallery_images":[],"_links":{"self":[{"href":"https:\/\/www.hranazapse.si\/hr\/wp-json\/wp\/v2\/product\/166731","targetHints":{"allow":["GET"]}}],"collection":[{"href":"https:\/\/www.hranazapse.si\/hr\/wp-json\/wp\/v2\/product"}],"about":[{"href":"https:\/\/www.hranazapse.si\/hr\/wp-json\/wp\/v2\/types\/product"}],"replies":[{"embeddable":true,"href":"https:\/\/www.hranazapse.si\/hr\/wp-json\/wp\/v2\/comments?post=166731"}],"wp:featuredmedia":[{"embeddable":true,"href":"https:\/\/www.hranazapse.si\/hr\/wp-json\/wp\/v2\/media\/40491"}],"wp:attachment":[{"href":"https:\/\/www.hranazapse.si\/hr\/wp-json\/wp\/v2\/media?parent=166731"}],"wp:term":[{"taxonomy":"product_cat","embeddable":true,"href":"https:\/\/www.hranazapse.si\/hr\/wp-json\/wp\/v2\/product_cat?post=166731"},{"taxonomy":"product_tag","embeddable":true,"href":"https:\/\/www.hranazapse.si\/hr\/wp-json\/wp\/v2\/product_tag?post=166731"}],"curies":[{"name":"wp","href":"https:\/\/api.w.org\/{rel}","templated":true}]}}