{"id":167826,"date":"2022-04-26T13:28:31","date_gmt":"2022-04-26T11:28:31","guid":{"rendered":"https:\/\/www.hranazapse.si\/shop\/Bez kategorije\/hurtta-monsoon-coat-jacket-bilberry\/"},"modified":"2022-04-26T13:28:31","modified_gmt":"2022-04-26T11:28:31","slug":"hurtta-monsoon-coat-jacket-bilberry","status":"publish","type":"product","link":"https:\/\/www.hranazapse.si\/hr\/shop\/psi\/odjeca\/kisni-kaputici\/hurtta-monsoon-coat-jacket-bilberry\/","title":{"rendered":"Hurtta Monsoon Coat Jacket Bilberry"},"content":{"rendered":"<p>Za pravilno odre\u0111ivanje veli\u010dine psu izmjeri duljinu le\u0111a od lopatica prednjih \u0161apa do korijena repa.<\/p>\n<p>Savjet pri odabiru prave veli\u010dine:<\/p>\n<p>Hurtta ima ne\u0161to ve\u0107e brojeve i \u010desto se pojavljuje odstupanje od 5 cm. Savjetujemo ti da se odlu\u010di\u0161 za kupnju manjeg kaputi\u0107a od izmjerene duljine le\u0111a tvog dlakavca.<br \/>\n(Primjer: ako tvoj pas ima duljinu le\u0111a 50 cm, najvjerojatnije \u0107e mu odgovarati veli\u010dina 45 cm)<\/p>\n","protected":false},"excerpt":{"rendered":"Izuzetno udobna kabanica prikladna za svakog pse\u0107eg avanturista. Mekan i blago rastezljiv materijal ugodan je za no\u0161enje te omogu\u0107uje potpunu slobodu kretanja. ","protected":false},"featured_media":60708,"comment_status":"open","ping_status":"open","template":"","meta":{"_acf_changed":false,"inline_featured_image":false},"product_cat":[3764,3763,3683],"product_tag":[],"class_list":{"0":"post-167826","1":"product","2":"type-product","3":"status-publish","4":"has-post-thumbnail","6":"product_brand-hurtta","7":"product_cat-kisni-kaputici","8":"product_cat-odjeca","9":"product_cat-psi","10":"pa_velikost-30cm","11":"pa_velikost-35cm","12":"pa_velikost-40cm","13":"pa_velikost-45cm","14":"pa_velikost-50cm","15":"pa_velikost-60cm","16":"pa_velikost-65cm","18":"first","19":"instock","20":"taxable","21":"shipping-taxable","22":"purchasable","23":"product-type-variable"},"acf":[],"gallery_images":[],"_links":{"self":[{"href":"https:\/\/www.hranazapse.si\/hr\/wp-json\/wp\/v2\/product\/167826","targetHints":{"allow":["GET"]}}],"collection":[{"href":"https:\/\/www.hranazapse.si\/hr\/wp-json\/wp\/v2\/product"}],"about":[{"href":"https:\/\/www.hranazapse.si\/hr\/wp-json\/wp\/v2\/types\/product"}],"replies":[{"embeddable":true,"href":"https:\/\/www.hranazapse.si\/hr\/wp-json\/wp\/v2\/comments?post=167826"}],"wp:featuredmedia":[{"embeddable":true,"href":"https:\/\/www.hranazapse.si\/hr\/wp-json\/wp\/v2\/media\/60708"}],"wp:attachment":[{"href":"https:\/\/www.hranazapse.si\/hr\/wp-json\/wp\/v2\/media?parent=167826"}],"wp:term":[{"taxonomy":"product_cat","embeddable":true,"href":"https:\/\/www.hranazapse.si\/hr\/wp-json\/wp\/v2\/product_cat?post=167826"},{"taxonomy":"product_tag","embeddable":true,"href":"https:\/\/www.hranazapse.si\/hr\/wp-json\/wp\/v2\/product_tag?post=167826"}],"curies":[{"name":"wp","href":"https:\/\/api.w.org\/{rel}","templated":true}]}}