{"id":168015,"date":"2022-05-11T13:32:00","date_gmt":"2022-05-11T11:32:00","guid":{"rendered":"https:\/\/www.hranazapse.si\/shop\/Bez kategorije\/dibaq-sense-odojek-380-g\/"},"modified":"2022-05-11T13:32:00","modified_gmt":"2022-05-11T11:32:00","slug":"dibaq-sense-odojek-380-g","status":"publish","type":"product","link":"https:\/\/www.hranazapse.si\/hr\/shop\/psi\/pasja-hrana\/mokra-hrana-za-pse\/dibaq-sense-odojek-380-g\/","title":{"rendered":"Dibaq Sense Odojek 380 g"},"content":{"rendered":"<p><strong>Sastav:<\/strong> odojek 76%, krumpir, svje\u017ee povr\u0107e i vo\u0107e 2% (mrkva, jabuke), lososovo ulje 1% (izvor omega 3 i 6 masnih kiselina), tvari za za\u0161titu zglobova 0,5% (hondroitin sulfat, glukozamin hidroklorid, MSM), minerali, aromati\u010dno bilje s antioksidativnim svojstvima 0,02% (ru\u017emarin, timijan, origano).<\/p>\n<p><strong>Tipi\u010dna analiza:<\/strong> sirovi proteini 7%, sirove masti 6,5%, sirova vlakna 1,5%, anorganske tvari 1,5%, vlaga 79%, Vitamin A 2700 IJ\/kg, Vitamin D3 270 IJ\/kg, Vitamin E (tokoferol acetat) 14 mg\/kg.<\/p>\n<p><strong>Elementi u sledovima: <\/strong>\u017eeljezo 1,3 mg (\u017eeljezov(II) karbonat), jod 0,3 mg (bezvodni kalcijev jodat), bakar 1,2 mg (bakrov(II) sulfat pentahidrat), mangan 4,5 mg (manganov(II) oksid), cink 18,5 mg (cinkov oksid), selen 0,02 mg (natrijev selenit)<\/p>\n<p><strong>NUTRITIVNI DODACI\/kg:<\/strong> hondroitin sulfat 500 mg, glukozamin 500 mg<\/p>\n<p><strong>Tehnolo\u0161ki dodaci:<\/strong> \u017eeliraju\u0107e sredstvo<\/p>\n","protected":false},"excerpt":{"rendered":"Potpuna hipoalergena monoproteinska hrana bez \u017eitarica za odrasle pse s osjetljivom probavom. Dodano lososovo ulje brine se za zdravu ko\u017eu i dlaku. ","protected":false},"featured_media":168016,"comment_status":"open","ping_status":"closed","template":"","meta":{"_acf_changed":false,"inline_featured_image":false},"product_cat":[3689,3688,3683],"product_tag":[],"class_list":{"0":"post-168015","1":"product","2":"type-product","3":"status-publish","4":"has-post-thumbnail","6":"product_brand-dibaq-sense","7":"product_cat-mokra-hrana-za-pse","8":"product_cat-pasja-hrana","9":"product_cat-psi","10":"pa_pakiranje-12-x-380g","11":"pa_pakiranje-190g","12":"pa_pakiranje-380-g","13":"pa_posebne-potrebe-alergije","14":"pa_posebne-potrebe-bez-glutena","15":"pa_posebne-potrebe-bez-zitarica","16":"pa_posebne-potrebe-monoprotein","17":"pa_posebne-potrebe-opce-zdravlje","18":"pa_posebne-potrebe-osjetljiv-ljubimac","19":"pa_posebne-potrebe-podrska-za-kozu-i-dlaku","20":"pa_posebne-potrebe-podrska-zglobovima","21":"pa_starostno-obdobje-odrasli","22":"pa_starostno-obdobje-seniori","23":"pa_velikost-pasme-mali","24":"pa_velikost-pasme-srednji","25":"pa_velikost-pasme-veliki","26":"pa_zivalska-beljakovina-svinjetina","28":"first","29":"instock","30":"sale","31":"taxable","32":"shipping-taxable","33":"purchasable","34":"product-type-variable"},"acf":[],"gallery_images":[172447],"_links":{"self":[{"href":"https:\/\/www.hranazapse.si\/hr\/wp-json\/wp\/v2\/product\/168015","targetHints":{"allow":["GET"]}}],"collection":[{"href":"https:\/\/www.hranazapse.si\/hr\/wp-json\/wp\/v2\/product"}],"about":[{"href":"https:\/\/www.hranazapse.si\/hr\/wp-json\/wp\/v2\/types\/product"}],"replies":[{"embeddable":true,"href":"https:\/\/www.hranazapse.si\/hr\/wp-json\/wp\/v2\/comments?post=168015"}],"wp:featuredmedia":[{"embeddable":true,"href":"https:\/\/www.hranazapse.si\/hr\/wp-json\/wp\/v2\/media\/168016"}],"wp:attachment":[{"href":"https:\/\/www.hranazapse.si\/hr\/wp-json\/wp\/v2\/media?parent=168015"}],"wp:term":[{"taxonomy":"product_cat","embeddable":true,"href":"https:\/\/www.hranazapse.si\/hr\/wp-json\/wp\/v2\/product_cat?post=168015"},{"taxonomy":"product_tag","embeddable":true,"href":"https:\/\/www.hranazapse.si\/hr\/wp-json\/wp\/v2\/product_tag?post=168015"}],"curies":[{"name":"wp","href":"https:\/\/api.w.org\/{rel}","templated":true}]}}